{"id":721,"date":"2020-05-28T11:38:34","date_gmt":"2020-05-28T11:38:34","guid":{"rendered":"https:\/\/burakbulut.org\/?page_id=721"},"modified":"2026-05-01T22:03:05","modified_gmt":"2026-05-01T20:03:05","slug":"main-page","status":"publish","type":"page","link":"https:\/\/burakbulut.org\/de\/","title":{"rendered":"Bildende Kunst Fotografie - Burak Bulut Yildirim"},"content":{"rendered":"<div class=\"fusion-fullwidth fullwidth-box fusion-builder-row-1 fusion-flex-container has-pattern-background has-mask-background nonhundred-percent-fullwidth non-hundred-percent-height-scrolling\" style=\"--awb-border-radius-top-left:0px;--awb-border-radius-top-right:0px;--awb-border-radius-bottom-right:0px;--awb-border-radius-bottom-left:0px;--awb-flex-wrap:wrap;\" ><div class=\"fusion-builder-row fusion-row fusion-flex-align-items-flex-start fusion-flex-content-wrap\" style=\"max-width:1248px;margin-left: calc(-4% \/ 2 );margin-right: calc(-4% \/ 2 );\"><div class=\"fusion-layout-column fusion_builder_column fusion-builder-column-0 fusion_builder_column_1_1 1_1 fusion-flex-column\" style=\"--awb-bg-size:cover;--awb-width-large:100%;--awb-margin-top-large:0px;--awb-spacing-right-large:1.92%;--awb-margin-bottom-large:20px;--awb-spacing-left-large:1.92%;--awb-width-medium:100%;--awb-order-medium:0;--awb-spacing-right-medium:1.92%;--awb-spacing-left-medium:1.92%;--awb-width-small:100%;--awb-order-small:0;--awb-spacing-right-small:1.92%;--awb-spacing-left-small:1.92%;\" data-scroll-devices=\"small-visibility,medium-visibility,large-visibility\"><div class=\"fusion-column-wrapper fusion-column-has-shadow fusion-flex-justify-content-flex-start fusion-content-layout-column\"><div class=\"homepage\">\n\n  <div class=\"homepage-hero\">\n    <p class=\"hero-kicker\">Berlin - Bildende Kunst Fotografie<\/p>\n\n    <h1>Burak Bulut Y\u0131ld\u0131r\u0131m<\/h1>\n<div class=\"hero-manifesto\">\n  <p>\n  For more than two decades, I have photographed the body through light, time and material.\n<\/p>\n\n<p>\n  The image begins in the room: with a body, a surface, a source of light and the time required for them to meet. Digital tools belong to the final stage; the photograph comes from a physical encounter in front of the camera.\n<\/p>\n<\/div>\n\n    <div class=\"hero-meta\">\n      <a class=\"hero-meta-link\" href=\"https:\/\/burakbulut.org\/de\/bio-statement\/\">Bio &amp; Erkl\u00e4rung<\/a>\n      <span class=\"hero-meta-sep\">\u00b7<\/span>\n      <a class=\"hero-meta-link\" href=\"https:\/\/burakbulut.org\/de\/cv\/\">CV<\/a>\n      <span class=\"hero-meta-sep\">\u00b7<\/span>\n      <a class=\"hero-meta-link\" href=\"https:\/\/burakbulut.org\/de\/ausgaben\/\">Ausgaben<\/a>\n      <span class=\"hero-meta-sep\">\u00b7<\/span>\n      <a class=\"hero-meta-link\" href=\"https:\/\/burakbulut.org\/de\/texte-drucken\/\">Texte &amp; Presse<\/a>\n    <\/div>\n  <\/div>\n\n  <!-- ==== PROJECTS GRID ==== -->\n  <div class=\"projects-section\">\n    <div class=\"section-header\">\n      <h2>Projekte<\/h2>\n    <\/div>\n\n    <div class=\"project-grid\">\n\n      <div class=\"project-card\">\n        <a class=\"project-image-link\" href=\"https:\/\/burakbulut.org\/de\/durch-den-blick-verzerrt\/\">\n          <div class=\"project-image\">\n            <img class=\"lazyload\" decoding=\"async\" src=\"data:image\/svg+xml,%3Csvg%20xmlns%3D%27http%3A%2F%2Fwww.w3.org%2F2000%2Fsvg%27%20width%3D%271333%27%20height%3D%272000%27%20viewBox%3D%270%200%201333%202000%27%3E%3Crect%20width%3D%271333%27%20height%3D%272000%27%20fill-opacity%3D%220%22%2F%3E%3C%2Fsvg%3E\" data-orig-src=\"https:\/\/burakbulut.org\/wp-content\/uploads\/2025\/02\/Dysmorphia-2024-1.webp\" alt=\"Chim\u00e4re - verzerrte Form durch besch\u00e4digten Spiegel\" \/>\n          <\/div>\n        <\/a>\n        <h3><a class=\"project-title-link\" href=\"https:\/\/burakbulut.org\/de\/durch-den-blick-verzerrt\/\">Chim\u00e4re<\/a><\/h3>\n        <div class=\"project-tag\">Gespiegelt, zerbrochen, neu geformt. Enth\u00e4lt Unterserien <em>Dysmorphie<\/em>.<\/div>\n      <\/div>\n\n      <div class=\"project-card\">\n        <a class=\"project-image-link\" href=\"https:\/\/burakbulut.org\/de\/nackt-2\/\">\n          <div class=\"project-image\">\n            <img class=\"lazyload\" decoding=\"async\" src=\"data:image\/svg+xml,%3Csvg%20xmlns%3D%27http%3A%2F%2Fwww.w3.org%2F2000%2Fsvg%27%20width%3D%272000%27%20height%3D%271500%27%20viewBox%3D%270%200%202000%201500%27%3E%3Crect%20width%3D%272000%27%20height%3D%271500%27%20fill-opacity%3D%220%22%2F%3E%3C%2Fsvg%3E\" data-orig-src=\"https:\/\/burakbulut.org\/wp-content\/uploads\/2025\/02\/UnNUde-2-2017.webp\" alt=\"UnNude - skulpturale Figurenstudie\" \/>\n          <\/div>\n        <\/a>\n        <h3><a class=\"project-title-link\" href=\"https:\/\/burakbulut.org\/de\/nackt-2\/\">UnAkt<\/a><\/h3>\n        <div class=\"project-tag\">Der K\u00f6rper als skulpturale Geometrie.<\/div>\n      <\/div>\n\n      <div class=\"project-card\">\n        <a class=\"project-image-link\" href=\"https:\/\/burakbulut.org\/de\/schwarzlicht\/\">\n          <div class=\"project-image\">\n            <img class=\"lazyload\" decoding=\"async\" src=\"data:image\/svg+xml,%3Csvg%20xmlns%3D%27http%3A%2F%2Fwww.w3.org%2F2000%2Fsvg%27%20width%3D%271500%27%20height%3D%271001%27%20viewBox%3D%270%200%201500%201001%27%3E%3Crect%20width%3D%271500%27%20height%3D%271001%27%20fill-opacity%3D%220%22%2F%3E%3C%2Fsvg%3E\" data-orig-src=\"https:\/\/burakbulut.org\/wp-content\/uploads\/2020\/05\/BurakBulut-Black_Light_UV-18.jpg\" alt=\"Lucida - K\u00f6rper unter ultraviolettem Licht\" \/>\n          <\/div>\n        <\/a>\n        <h3><a class=\"project-title-link\" href=\"https:\/\/burakbulut.org\/de\/schwarzlicht\/\">Lucida<\/a><\/h3>\n        <div class=\"project-tag\">Unter Schwarzlicht wird der K\u00f6rper zum Flackern.<\/div>\n      <\/div>\n\n      <div class=\"project-card\">\n        <a class=\"project-image-link\" href=\"https:\/\/burakbulut.org\/de\/okoton\/\">\n          <div class=\"project-image\">\n            <img class=\"lazyload\" decoding=\"async\" src=\"data:image\/svg+xml,%3Csvg%20xmlns%3D%27http%3A%2F%2Fwww.w3.org%2F2000%2Fsvg%27%20width%3D%272000%27%20height%3D%271333%27%20viewBox%3D%270%200%202000%201333%27%3E%3Crect%20width%3D%272000%27%20height%3D%271333%27%20fill-opacity%3D%220%22%2F%3E%3C%2Fsvg%3E\" data-orig-src=\"https:\/\/burakbulut.org\/wp-content\/uploads\/2025\/04\/DSC03289-2.webp\" alt=\"Ecotone - Figur zwischen Bl\u00e4ttern am Wasser\" \/>\n          <\/div>\n        <\/a>\n        <h3><a class=\"project-title-link\" href=\"https:\/\/burakbulut.org\/de\/okoton\/\">\u00d6koton<\/a><\/h3>\n        <div class=\"project-tag\">Wo Haut auf Erde trifft. Enth\u00e4lt Unterserien <em>Nur du bist nah, wenn alles weit weg ist<\/em>.<\/div>\n      <\/div>\n\n      <div class=\"project-card\">\n        <a class=\"project-image-link\" href=\"https:\/\/burakbulut.org\/de\/antemortem\/\">\n          <div class=\"project-image\">\n            <img class=\"lazyload\" decoding=\"async\" src=\"data:image\/svg+xml,%3Csvg%20xmlns%3D%27http%3A%2F%2Fwww.w3.org%2F2000%2Fsvg%27%20width%3D%271500%27%20height%3D%271001%27%20viewBox%3D%270%200%201500%201001%27%3E%3Crect%20width%3D%271500%27%20height%3D%271001%27%20fill-opacity%3D%220%22%2F%3E%3C%2Fsvg%3E\" data-orig-src=\"https:\/\/burakbulut.org\/wp-content\/uploads\/2025\/02\/antemortem-3.webp\" alt=\"Antemortem - Figur im schummrigen Innenraum\" \/>\n          <\/div>\n        <\/a>\n        <h3><a class=\"project-title-link\" href=\"https:\/\/burakbulut.org\/de\/antemortem\/\">Antemortem<\/a><\/h3>\n        <div class=\"project-tag\">Der K\u00f6rper vor ihm versinkt in Schweigen.<\/div>\n      <\/div>\n\n      <div class=\"project-card\">\n        <a class=\"project-image-link\" href=\"https:\/\/burakbulut.org\/de\/melancholie\/\">\n          <div class=\"project-image\">\n            <img class=\"lazyload\" decoding=\"async\" src=\"data:image\/svg+xml,%3Csvg%20xmlns%3D%27http%3A%2F%2Fwww.w3.org%2F2000%2Fsvg%27%20width%3D%272500%27%20height%3D%271668%27%20viewBox%3D%270%200%202500%201668%27%3E%3Crect%20width%3D%272500%27%20height%3D%271668%27%20fill-opacity%3D%220%22%2F%3E%3C%2Fsvg%3E\" data-orig-src=\"https:\/\/burakbulut.org\/wp-content\/uploads\/2025\/02\/DSC05737.jpg\" alt=\"Melancholia - Figur lehnt am Klavier\" \/>\n          <\/div>\n        <\/a>\n        <h3><a class=\"project-title-link\" href=\"https:\/\/burakbulut.org\/de\/melancholie\/\">Melancholie<\/a><\/h3>\n        <div class=\"project-tag\">Nicht ein Schrei, ein Verweilen. Der Atem wurde zu lange angehalten.<\/div>\n      <\/div>\n\n      <div class=\"project-card\">\n        <a class=\"project-image-link\" href=\"https:\/\/burakbulut.org\/de\/die-architektur-der-intimitat\/\">\n          <div class=\"project-image\">\n            <img class=\"lazyload\" decoding=\"async\" src=\"data:image\/svg+xml,%3Csvg%20xmlns%3D%27http%3A%2F%2Fwww.w3.org%2F2000%2Fsvg%27%20width%3D%272000%27%20height%3D%271333%27%20viewBox%3D%270%200%202000%201333%27%3E%3Crect%20width%3D%272000%27%20height%3D%271333%27%20fill-opacity%3D%220%22%2F%3E%3C%2Fsvg%3E\" data-orig-src=\"https:\/\/burakbulut.org\/wp-content\/uploads\/2019\/01\/DSC09873aa.jpg\" alt=\"Nische - Figur auf rotem Samtsofa\" \/>\n          <\/div>\n        <\/a>\n        <h3><a class=\"project-title-link\" href=\"https:\/\/burakbulut.org\/de\/die-architektur-der-intimitat\/\">Nische<\/a><\/h3>\n        <div class=\"project-tag\">Z\u00e4rtlicher R\u00fcckzug, wo die Stille in Stoff und Atem widerhallt.<\/div>\n      <\/div>\n\n      <div class=\"project-card\">\n        <a class=\"project-image-link\" href=\"https:\/\/burakbulut.org\/de\/motus\/\">\n          <div class=\"project-image\">\n            <img class=\"lazyload\" decoding=\"async\" src=\"data:image\/svg+xml,%3Csvg%20xmlns%3D%27http%3A%2F%2Fwww.w3.org%2F2000%2Fsvg%27%20width%3D%27833%27%20height%3D%271247%27%20viewBox%3D%270%200%20833%201247%27%3E%3Crect%20width%3D%27833%27%20height%3D%271247%27%20fill-opacity%3D%220%22%2F%3E%3C%2Fsvg%3E\" data-orig-src=\"https:\/\/burakbulut.org\/wp-content\/uploads\/2025\/04\/BBF_0275-Kopya-copy2.webp\" alt=\"Motus - Figur, die in Bewegung festgehalten wird\" \/>\n          <\/div>\n        <\/a>\n        <h3><a class=\"project-title-link\" href=\"https:\/\/burakbulut.org\/de\/motus\/\">Motus<\/a><\/h3>\n        <div class=\"project-tag\">Der K\u00f6rper in der Dauer, nicht im eingefrorenen Augenblick.<\/div>\n      <\/div>\n\n      <div class=\"project-card\">\n        <a class=\"project-image-link\" href=\"https:\/\/burakbulut.org\/de\/anderswo\/\">\n          <div class=\"project-image\">\n            <img class=\"lazyload\" decoding=\"async\" src=\"data:image\/svg+xml,%3Csvg%20xmlns%3D%27http%3A%2F%2Fwww.w3.org%2F2000%2Fsvg%27%20width%3D%271600%27%20height%3D%271067%27%20viewBox%3D%270%200%201600%201067%27%3E%3Crect%20width%3D%271600%27%20height%3D%271067%27%20fill-opacity%3D%220%22%2F%3E%3C%2Fsvg%3E\" data-orig-src=\"https:\/\/burakbulut.org\/wp-content\/uploads\/2025\/04\/DSC02142_1.webp\" alt=\"Anderswo - Figur in pastellfarbener Gasse\" \/>\n          <\/div>\n        <\/a>\n        <h3><a class=\"project-title-link\" href=\"https:\/\/burakbulut.org\/de\/anderswo\/\">Anderswo<\/a><\/h3>\n        <div class=\"project-tag\">Der K\u00f6rper im Schatten der Stadt. Unbemerkt, ungestillt.<\/div>\n      <\/div>\n\n      <div class=\"project-card\">\n        <a class=\"project-image-link\" href=\"https:\/\/burakbulut.org\/de\/eilig\/\">\n          <div class=\"project-image\">\n            <img class=\"lazyload\" decoding=\"async\" src=\"data:image\/svg+xml,%3Csvg%20xmlns%3D%27http%3A%2F%2Fwww.w3.org%2F2000%2Fsvg%27%20width%3D%27500%27%20height%3D%27636%27%20viewBox%3D%270%200%20500%20636%27%3E%3Crect%20width%3D%27500%27%20height%3D%27636%27%20fill-opacity%3D%220%22%2F%3E%3C%2Fsvg%3E\" data-orig-src=\"https:\/\/burakbulut.org\/wp-content\/uploads\/2020\/05\/Kentte-bale-zerafeti-Hayat-Haberleri-Radikal.jpg\" alt=\"In Eile - Ballettt\u00e4nzerin in der Stadtarchitektur\" \/>\n          <\/div>\n        <\/a>\n        <h3><a class=\"project-title-link\" href=\"https:\/\/burakbulut.org\/de\/eilig\/\">In Eile<\/a><\/h3>\n        <div class=\"project-tag\">T\u00e4nzer ziehen durch die Stadt. Der K\u00f6rper als fl\u00fcchtige Architektur.<\/div>\n      <\/div>\n\n      <div class=\"project-card\">\n        <a class=\"project-image-link\" href=\"https:\/\/burakbulut.org\/de\/sehnen\/\">\n          <div class=\"project-image\">\n            <img class=\"lazyload\" decoding=\"async\" src=\"data:image\/svg+xml,%3Csvg%20xmlns%3D%27http%3A%2F%2Fwww.w3.org%2F2000%2Fsvg%27%20width%3D%27800%27%20height%3D%271200%27%20viewBox%3D%270%200%20800%201200%27%3E%3Crect%20width%3D%27800%27%20height%3D%271200%27%20fill-opacity%3D%220%22%2F%3E%3C%2Fsvg%3E\" data-orig-src=\"https:\/\/burakbulut.org\/wp-content\/uploads\/2017\/07\/tumblr_o0ma577H0p1rhgckuo3_1280.jpg\" alt=\"Crave - silhouettierte, sich umarmende Figuren im Rauch\" \/>\n          <\/div>\n        <\/a>\n        <h3><a class=\"project-title-link\" href=\"https:\/\/burakbulut.org\/de\/sehnen\/\">Sehnsucht<\/a><\/h3>\n        <div class=\"project-tag\">Das Verlangen spricht in Farbe, zwischen Hitze und Hunger.<\/div>\n      <\/div>\n\n      <div class=\"project-card\">\n        <a class=\"project-image-link\" href=\"https:\/\/burakbulut.org\/de\/standbilder\/\">\n          <div class=\"project-image\">\n            <img class=\"lazyload\" decoding=\"async\" src=\"data:image\/svg+xml,%3Csvg%20xmlns%3D%27http%3A%2F%2Fwww.w3.org%2F2000%2Fsvg%27%20width%3D%271280%27%20height%3D%271240%27%20viewBox%3D%270%200%201280%201240%27%3E%3Crect%20width%3D%271280%27%20height%3D%271240%27%20fill-opacity%3D%220%22%2F%3E%3C%2Fsvg%3E\" data-orig-src=\"https:\/\/burakbulut.org\/wp-content\/uploads\/2025\/12\/From-the-series-Stills-BurakBulutYildirim.webp\" alt=\"Stills - T\u00e4nzer in improvisierter Reaktion auf Objekte\" \/>\n          <\/div>\n        <\/a>\n        <h3><a class=\"project-title-link\" href=\"https:\/\/burakbulut.org\/de\/standbilder\/\">Stills<\/a><\/h3>\n        <div class=\"project-tag\">Allt\u00e4gliche Gegenst\u00e4nde, improvisierte K\u00f6rper. Die Spur einer gef\u00fchlten Begegnung.<\/div>\n      <\/div>\n\n    <\/div>\n  <\/div>\n\n  <!-- ==== CURATORIAL PROJECTS ==== -->\n  <div class=\"curatorial-section\">\n    <div class=\"section-header\">\n      <h2>Kuratorische Projekte<\/h2>\n      <p class=\"section-description\">Gruppenausstellungen und kollektive Projekte entwickelten sich parallel zur pers\u00f6nlichen Praxis und brachten Istanbuler Fotografen auf internationale Plattformen.<\/p>\n    <\/div>\n\n    <div class=\"curatorial-grid\">\n\n      <div class=\"curatorial-card curatorial-card--primary\">\n        <a class=\"project-image-link\" href=\"https:\/\/burakbulut.org\/de\/die-aktfotos-von-istanbul\/\">\n          <div class=\"project-image\">\n            <img class=\"lazyload\" decoding=\"async\" src=\"data:image\/svg+xml,%3Csvg%20xmlns%3D%27http%3A%2F%2Fwww.w3.org%2F2000%2Fsvg%27%20width%3D%271500%27%20height%3D%271876%27%20viewBox%3D%270%200%201500%201876%27%3E%3Crect%20width%3D%271500%27%20height%3D%271876%27%20fill-opacity%3D%220%22%2F%3E%3C%2Fsvg%3E\" data-orig-src=\"https:\/\/burakbulut.org\/wp-content\/uploads\/2026\/04\/nudes-of-istanbul.webp\" alt=\"Ausstellung &quot;Die Akte von Istanbul\" \/>\n          <\/div>\n        <\/a>\n        <div class=\"curatorial-year\">Demn\u00e4chst - Juli 2026<\/div>\n        <h3><a class=\"project-title-link\" href=\"https:\/\/burakbulut.org\/de\/die-aktfotos-von-istanbul\/\">Die Akte von Istanbul<\/a><\/h3>\n        <div class=\"curatorial-tag\">Die Akt Galerie, Berlin. 14 Fotografen aus Istanbul. Alleiniger Kurator.<\/div>\n      <\/div>\n\n      <div class=\"curatorial-card\">\n        <a class=\"project-image-link\" href=\"https:\/\/burakbulut.org\/de\/landsnude\/\">\n          <div class=\"project-image\">\n            <img class=\"lazyload\" decoding=\"async\" src=\"data:image\/svg+xml,%3Csvg%20xmlns%3D%27http%3A%2F%2Fwww.w3.org%2F2000%2Fsvg%27%20width%3D%27640%27%20height%3D%27422%27%20viewBox%3D%270%200%20640%20422%27%3E%3Crect%20width%3D%27640%27%20height%3D%27422%27%20fill-opacity%3D%220%22%2F%3E%3C%2Fsvg%3E\" data-orig-src=\"https:\/\/burakbulut.org\/wp-content\/uploads\/2017\/07\/409_10860207_1540601109560016_1265985880_n-e1499546716759.jpg\" alt=\"LandsNude Ausstellung\" \/>\n          <\/div>\n        <\/a>\n        <div class=\"curatorial-year\">2015<\/div>\n        <h3><a class=\"project-title-link\" href=\"https:\/\/burakbulut.org\/de\/landsnude\/\">LandAkt<\/a><\/h3>\n        <div class=\"curatorial-tag\">Galerie Artcore, Thessaloniki. 8 Fotografen. Kurator &amp; Teilnehmer.<\/div>\n      <\/div>\n\n    <\/div>\n  <\/div>\n\n  <!-- ==== CREDENTIALS ==== -->\n  <div class=\"homepage-credentials\">\n    <ul class=\"credentials-list\">\n      <li>Fotografin und Kuratorin in Berlin, t\u00e4tig seit 2005<\/li>\n      <li>Sony Europe Imaging Botschafter, 2018-2026<\/li>\n      <li>Mitglied, Bundesverband Portraitfotografie (BPP)<\/li>\n      <li>Inhaber, Internationale K\u00fcnstlerkarte, IGBK<\/li>\n    <\/ul>\n\n    <div class=\"credentials-contact\">\n      Nachfragen: <a href=\"mailto:info@burakbulut.info\">info@burakbulut.info<\/a> -\n      Verkauf von Druckerzeugnissen: <a href=\"mailto:print@burakbulut.org\">print@burakbulut.org<\/a>\n    <\/div>\n  <\/div>\n\n<\/div><\/div><\/div><\/div><\/div>","protected":false},"excerpt":{"rendered":"","protected":false},"author":1,"featured_media":722,"parent":0,"menu_order":0,"comment_status":"closed","ping_status":"closed","template":"100-width.php","meta":{"footnotes":""},"class_list":["post-721","page","type-page","status-publish","has-post-thumbnail","hentry"],"_links":{"self":[{"href":"https:\/\/burakbulut.org\/de\/wp-json\/wp\/v2\/pages\/721","targetHints":{"allow":["GET"]}}],"collection":[{"href":"https:\/\/burakbulut.org\/de\/wp-json\/wp\/v2\/pages"}],"about":[{"href":"https:\/\/burakbulut.org\/de\/wp-json\/wp\/v2\/types\/page"}],"author":[{"embeddable":true,"href":"https:\/\/burakbulut.org\/de\/wp-json\/wp\/v2\/users\/1"}],"replies":[{"embeddable":true,"href":"https:\/\/burakbulut.org\/de\/wp-json\/wp\/v2\/comments?post=721"}],"version-history":[{"count":16,"href":"https:\/\/burakbulut.org\/de\/wp-json\/wp\/v2\/pages\/721\/revisions"}],"predecessor-version":[{"id":2186,"href":"https:\/\/burakbulut.org\/de\/wp-json\/wp\/v2\/pages\/721\/revisions\/2186"}],"wp:featuredmedia":[{"embeddable":true,"href":"https:\/\/burakbulut.org\/de\/wp-json\/wp\/v2\/media\/722"}],"wp:attachment":[{"href":"https:\/\/burakbulut.org\/de\/wp-json\/wp\/v2\/media?parent=721"}],"curies":[{"name":"wp","href":"https:\/\/api.w.org\/{rel}","templated":true}]}}