{"id":683,"date":"2020-05-24T20:46:54","date_gmt":"2020-05-24T20:46:54","guid":{"rendered":"https:\/\/burakbulut.org\/?page_id=683"},"modified":"2026-04-22T00:23:10","modified_gmt":"2026-04-21T22:23:10","slug":"acerca-del-artista","status":"publish","type":"page","link":"https:\/\/burakbulut.org\/es\/aboutartist\/","title":{"rendered":"Sobre el artista y las ediciones limitadas"},"content":{"rendered":"<div class=\"fusion-fullwidth fullwidth-box fusion-builder-row-1 fusion-flex-container nonhundred-percent-fullwidth non-hundred-percent-height-scrolling\" style=\"--awb-border-radius-top-left:0px;--awb-border-radius-top-right:0px;--awb-border-radius-bottom-right:0px;--awb-border-radius-bottom-left:0px;--awb-flex-wrap:wrap;\" ><div class=\"fusion-builder-row fusion-row fusion-flex-align-items-flex-start fusion-flex-content-wrap\" style=\"max-width:1248px;margin-left: calc(-4% \/ 2 );margin-right: calc(-4% \/ 2 );\"><div class=\"fusion-layout-column fusion_builder_column fusion-builder-column-0 fusion_builder_column_1_1 1_1 fusion-flex-column\" style=\"--awb-bg-size:cover;--awb-width-large:100%;--awb-margin-top-large:0px;--awb-spacing-right-large:1.92%;--awb-margin-bottom-large:20px;--awb-spacing-left-large:1.92%;--awb-width-medium:100%;--awb-spacing-right-medium:1.92%;--awb-spacing-left-medium:1.92%;--awb-width-small:100%;--awb-spacing-right-small:1.92%;--awb-spacing-left-small:1.92%;\"><div class=\"fusion-column-wrapper fusion-column-has-shadow fusion-flex-justify-content-flex-start fusion-content-layout-column\"><article class=\"artist-page hub-page\">\n  <header>\n    <p class=\"subtitle\">Artista<\/p>\n    <h1>Burak Bulut Y\u0131ld\u0131r\u0131m<\/h1>\n  <\/header>\n\n  <section class=\"hub-grid\">\n    <a class=\"hub-card\" href=\"https:\/\/burakbulut.org\/es\/declaracion-biografica\/\">\n      <h2>Biograf\u00eda y declaraci\u00f3n<\/h2>\n      <p>Pr\u00e1ctica art\u00edstica, investigaci\u00f3n de larga duraci\u00f3n, nota biogr\u00e1fica.<\/p>\n    <\/a>\n\n    <a class=\"hub-card\" href=\"https:\/\/burakbulut.org\/es\/cv\/\">\n      <h2>CV<\/h2>\n      <p>Exposiciones, proyectos curatoriales, premios, afiliaciones.<\/p>\n    <\/a>\n\n    <a class=\"hub-card\" href=\"https:\/\/burakbulut.org\/es\/ediciones\/\">\n      <h2>Ediciones<\/h2>\n      <p>Impresiones de archivo en edici\u00f3n limitada. Informaci\u00f3n para coleccionistas.<\/p>\n    <\/a>\n\n    <a class=\"hub-card\" href=\"https:\/\/burakbulut.org\/es\/textos-prensa\/\">\n      <h2>Textos y prensa<\/h2>\n      <p>Textos cr\u00edticos, rese\u00f1as, entrevistas, publicaciones.<\/p>\n    <\/a>\n  <\/section>\n\n  <section class=\"contact-block\">\n    <p>\n      Estudio:\n      <a href=\"mailto:studio@burakbulut.org\">studio@burakbulut.org<\/a>\n      -\n      Impresiones:\n      <a href=\"mailto:print@burakbulut.org\">print@burakbulut.org<\/a>\n    <\/p>\n  <\/section>\n<\/article><\/div><\/div><\/div><\/div>","protected":false},"excerpt":{"rendered":"","protected":false},"author":1,"featured_media":0,"parent":0,"menu_order":0,"comment_status":"closed","ping_status":"closed","template":"100-width.php","meta":{"footnotes":""},"class_list":["post-683","page","type-page","status-publish","hentry"],"_links":{"self":[{"href":"https:\/\/burakbulut.org\/es\/wp-json\/wp\/v2\/pages\/683","targetHints":{"allow":["GET"]}}],"collection":[{"href":"https:\/\/burakbulut.org\/es\/wp-json\/wp\/v2\/pages"}],"about":[{"href":"https:\/\/burakbulut.org\/es\/wp-json\/wp\/v2\/types\/page"}],"author":[{"embeddable":true,"href":"https:\/\/burakbulut.org\/es\/wp-json\/wp\/v2\/users\/1"}],"replies":[{"embeddable":true,"href":"https:\/\/burakbulut.org\/es\/wp-json\/wp\/v2\/comments?post=683"}],"version-history":[{"count":13,"href":"https:\/\/burakbulut.org\/es\/wp-json\/wp\/v2\/pages\/683\/revisions"}],"predecessor-version":[{"id":2131,"href":"https:\/\/burakbulut.org\/es\/wp-json\/wp\/v2\/pages\/683\/revisions\/2131"}],"wp:attachment":[{"href":"https:\/\/burakbulut.org\/es\/wp-json\/wp\/v2\/media?parent=683"}],"curies":[{"name":"wp","href":"https:\/\/api.w.org\/{rel}","templated":true}]}}