{"id":721,"date":"2020-05-28T11:38:34","date_gmt":"2020-05-28T11:38:34","guid":{"rendered":"https:\/\/burakbulut.org\/?page_id=721"},"modified":"2026-05-01T22:03:05","modified_gmt":"2026-05-01T20:03:05","slug":"pagina-principal","status":"publish","type":"page","link":"https:\/\/burakbulut.org\/es\/","title":{"rendered":"Fotograf\u00eda art\u00edstica - Burak Bulut Yildirim"},"content":{"rendered":"<div class=\"fusion-fullwidth fullwidth-box fusion-builder-row-1 fusion-flex-container has-pattern-background has-mask-background nonhundred-percent-fullwidth non-hundred-percent-height-scrolling\" style=\"--awb-border-radius-top-left:0px;--awb-border-radius-top-right:0px;--awb-border-radius-bottom-right:0px;--awb-border-radius-bottom-left:0px;--awb-flex-wrap:wrap;\" ><div class=\"fusion-builder-row fusion-row fusion-flex-align-items-flex-start fusion-flex-content-wrap\" style=\"max-width:1248px;margin-left: calc(-4% \/ 2 );margin-right: calc(-4% \/ 2 );\"><div class=\"fusion-layout-column fusion_builder_column fusion-builder-column-0 fusion_builder_column_1_1 1_1 fusion-flex-column\" style=\"--awb-bg-size:cover;--awb-width-large:100%;--awb-margin-top-large:0px;--awb-spacing-right-large:1.92%;--awb-margin-bottom-large:20px;--awb-spacing-left-large:1.92%;--awb-width-medium:100%;--awb-order-medium:0;--awb-spacing-right-medium:1.92%;--awb-spacing-left-medium:1.92%;--awb-width-small:100%;--awb-order-small:0;--awb-spacing-right-small:1.92%;--awb-spacing-left-small:1.92%;\" data-scroll-devices=\"small-visibility,medium-visibility,large-visibility\"><div class=\"fusion-column-wrapper fusion-column-has-shadow fusion-flex-justify-content-flex-start fusion-content-layout-column\"><div class=\"homepage\">\n\n  <div class=\"homepage-hero\">\n    <p class=\"hero-kicker\">Berl\u00edn - Fotograf\u00eda art\u00edstica<\/p>\n\n    <h1>Burak Bulut Y\u0131ld\u0131r\u0131m<\/h1>\n<div class=\"hero-manifesto\">\n  <p>\n  Durante m\u00e1s de dos d\u00e9cadas, he fotografiado el cuerpo a trav\u00e9s de la luz, el tiempo y la materia.\n<\/p>\n\n<p>\n  La imagen comienza en la habitaci\u00f3n: con un cuerpo, una superficie, una fuente de luz y el tiempo necesario para que se encuentren. Las herramientas digitales pertenecen a la fase final; la fotograf\u00eda surge de un encuentro f\u00edsico frente a la c\u00e1mara.\n<\/p>\n<\/div>\n\n    <div class=\"hero-meta\">\n      <a class=\"hero-meta-link\" href=\"https:\/\/burakbulut.org\/es\/declaracion-biografica\/\">Biograf\u00eda y declaraci\u00f3n<\/a>\n      <span class=\"hero-meta-sep\">\u00b7<\/span>\n      <a class=\"hero-meta-link\" href=\"https:\/\/burakbulut.org\/es\/cv\/\">CV<\/a>\n      <span class=\"hero-meta-sep\">\u00b7<\/span>\n      <a class=\"hero-meta-link\" href=\"https:\/\/burakbulut.org\/es\/ediciones\/\">Ediciones<\/a>\n      <span class=\"hero-meta-sep\">\u00b7<\/span>\n      <a class=\"hero-meta-link\" href=\"https:\/\/burakbulut.org\/es\/textos-prensa\/\">Textos y prensa<\/a>\n    <\/div>\n  <\/div>\n\n  <!-- ==== PROJECTS GRID ==== -->\n  <div class=\"projects-section\">\n    <div class=\"section-header\">\n      <h2>Proyectos<\/h2>\n    <\/div>\n\n    <div class=\"project-grid\">\n\n      <div class=\"project-card\">\n        <a class=\"project-image-link\" href=\"https:\/\/burakbulut.org\/es\/distorsionada-por-la-mirada\/\">\n          <div class=\"project-image\">\n            <img class=\"lazyload\" decoding=\"async\" src=\"data:image\/svg+xml,%3Csvg%20xmlns%3D%27http%3A%2F%2Fwww.w3.org%2F2000%2Fsvg%27%20width%3D%271333%27%20height%3D%272000%27%20viewBox%3D%270%200%201333%202000%27%3E%3Crect%20width%3D%271333%27%20height%3D%272000%27%20fill-opacity%3D%220%22%2F%3E%3C%2Fsvg%3E\" data-orig-src=\"https:\/\/burakbulut.org\/wp-content\/uploads\/2025\/02\/Dysmorphia-2024-1.webp\" alt=\"Quimera - forma distorsionada a trav\u00e9s de un espejo da\u00f1ado\" \/>\n          <\/div>\n        <\/a>\n        <h3><a class=\"project-title-link\" href=\"https:\/\/burakbulut.org\/es\/distorsionada-por-la-mirada\/\">Quimera<\/a><\/h3>\n        <div class=\"project-tag\">Reflejado, fracturado, reformado. Incluye subserie <em>Dismorfia<\/em>.<\/div>\n      <\/div>\n\n      <div class=\"project-card\">\n        <a class=\"project-image-link\" href=\"https:\/\/burakbulut.org\/es\/desnudo-2\/\">\n          <div class=\"project-image\">\n            <img class=\"lazyload\" decoding=\"async\" src=\"data:image\/svg+xml,%3Csvg%20xmlns%3D%27http%3A%2F%2Fwww.w3.org%2F2000%2Fsvg%27%20width%3D%272000%27%20height%3D%271500%27%20viewBox%3D%270%200%202000%201500%27%3E%3Crect%20width%3D%272000%27%20height%3D%271500%27%20fill-opacity%3D%220%22%2F%3E%3C%2Fsvg%3E\" data-orig-src=\"https:\/\/burakbulut.org\/wp-content\/uploads\/2025\/02\/UnNUde-2-2017.webp\" alt=\"UnNude - estudio de figura escult\u00f3rica\" \/>\n          <\/div>\n        <\/a>\n        <h3><a class=\"project-title-link\" href=\"https:\/\/burakbulut.org\/es\/desnudo-2\/\">Desnudo<\/a><\/h3>\n        <div class=\"project-tag\">El cuerpo como geometr\u00eda escult\u00f3rica.<\/div>\n      <\/div>\n\n      <div class=\"project-card\">\n        <a class=\"project-image-link\" href=\"https:\/\/burakbulut.org\/es\/luz-negra\/\">\n          <div class=\"project-image\">\n            <img class=\"lazyload\" decoding=\"async\" src=\"data:image\/svg+xml,%3Csvg%20xmlns%3D%27http%3A%2F%2Fwww.w3.org%2F2000%2Fsvg%27%20width%3D%271500%27%20height%3D%271001%27%20viewBox%3D%270%200%201500%201001%27%3E%3Crect%20width%3D%271500%27%20height%3D%271001%27%20fill-opacity%3D%220%22%2F%3E%3C%2Fsvg%3E\" data-orig-src=\"https:\/\/burakbulut.org\/wp-content\/uploads\/2020\/05\/BurakBulut-Black_Light_UV-18.jpg\" alt=\"Lucida - cuerpo bajo luz ultravioleta\" \/>\n          <\/div>\n        <\/a>\n        <h3><a class=\"project-title-link\" href=\"https:\/\/burakbulut.org\/es\/luz-negra\/\">Lucida<\/a><\/h3>\n        <div class=\"project-tag\">Bajo la luz negra, el cuerpo se ilumina.<\/div>\n      <\/div>\n\n      <div class=\"project-card\">\n        <a class=\"project-image-link\" href=\"https:\/\/burakbulut.org\/es\/ecotone\/\">\n          <div class=\"project-image\">\n            <img class=\"lazyload\" decoding=\"async\" src=\"data:image\/svg+xml,%3Csvg%20xmlns%3D%27http%3A%2F%2Fwww.w3.org%2F2000%2Fsvg%27%20width%3D%272000%27%20height%3D%271333%27%20viewBox%3D%270%200%202000%201333%27%3E%3Crect%20width%3D%272000%27%20height%3D%271333%27%20fill-opacity%3D%220%22%2F%3E%3C%2Fsvg%3E\" data-orig-src=\"https:\/\/burakbulut.org\/wp-content\/uploads\/2025\/04\/DSC03289-2.webp\" alt=\"Ecotono - figura entre follaje por agua\" \/>\n          <\/div>\n        <\/a>\n        <h3><a class=\"project-title-link\" href=\"https:\/\/burakbulut.org\/es\/ecotone\/\">Ecotone<\/a><\/h3>\n        <div class=\"project-tag\">Donde la piel se encuentra con el suelo. Incluye subserie <em>S\u00f3lo T\u00fa Est\u00e1s Cerca, Cuando Todo Est\u00e1 Lejos<\/em>.<\/div>\n      <\/div>\n\n      <div class=\"project-card\">\n        <a class=\"project-image-link\" href=\"https:\/\/burakbulut.org\/es\/antemortem\/\">\n          <div class=\"project-image\">\n            <img class=\"lazyload\" decoding=\"async\" src=\"data:image\/svg+xml,%3Csvg%20xmlns%3D%27http%3A%2F%2Fwww.w3.org%2F2000%2Fsvg%27%20width%3D%271500%27%20height%3D%271001%27%20viewBox%3D%270%200%201500%201001%27%3E%3Crect%20width%3D%271500%27%20height%3D%271001%27%20fill-opacity%3D%220%22%2F%3E%3C%2Fsvg%3E\" data-orig-src=\"https:\/\/burakbulut.org\/wp-content\/uploads\/2025\/02\/antemortem-3.webp\" alt=\"Antemortem - figura en interior oscuro\" \/>\n          <\/div>\n        <\/a>\n        <h3><a class=\"project-title-link\" href=\"https:\/\/burakbulut.org\/es\/antemortem\/\">Antemortem<\/a><\/h3>\n        <div class=\"project-tag\">El cuerpo antes de que se desliza en silencio.<\/div>\n      <\/div>\n\n      <div class=\"project-card\">\n        <a class=\"project-image-link\" href=\"https:\/\/burakbulut.org\/es\/melancolia\/\">\n          <div class=\"project-image\">\n            <img class=\"lazyload\" decoding=\"async\" src=\"data:image\/svg+xml,%3Csvg%20xmlns%3D%27http%3A%2F%2Fwww.w3.org%2F2000%2Fsvg%27%20width%3D%272500%27%20height%3D%271668%27%20viewBox%3D%270%200%202500%201668%27%3E%3Crect%20width%3D%272500%27%20height%3D%271668%27%20fill-opacity%3D%220%22%2F%3E%3C%2Fsvg%3E\" data-orig-src=\"https:\/\/burakbulut.org\/wp-content\/uploads\/2025\/02\/DSC05737.jpg\" alt=\"Melancholia - figura apoyada en el piano\" \/>\n          <\/div>\n        <\/a>\n        <h3><a class=\"project-title-link\" href=\"https:\/\/burakbulut.org\/es\/melancolia\/\">Melancol\u00eda<\/a><\/h3>\n        <div class=\"project-tag\">No un grito, una prolongaci\u00f3n. Respiraci\u00f3n contenida demasiado tiempo.<\/div>\n      <\/div>\n\n      <div class=\"project-card\">\n        <a class=\"project-image-link\" href=\"https:\/\/burakbulut.org\/es\/la-arquitectura-de-la-intimidad\/\">\n          <div class=\"project-image\">\n            <img class=\"lazyload\" decoding=\"async\" src=\"data:image\/svg+xml,%3Csvg%20xmlns%3D%27http%3A%2F%2Fwww.w3.org%2F2000%2Fsvg%27%20width%3D%272000%27%20height%3D%271333%27%20viewBox%3D%270%200%202000%201333%27%3E%3Crect%20width%3D%272000%27%20height%3D%271333%27%20fill-opacity%3D%220%22%2F%3E%3C%2Fsvg%3E\" data-orig-src=\"https:\/\/burakbulut.org\/wp-content\/uploads\/2019\/01\/DSC09873aa.jpg\" alt=\"Nicho - figura en sof\u00e1 de terciopelo rojo\" \/>\n          <\/div>\n        <\/a>\n        <h3><a class=\"project-title-link\" href=\"https:\/\/burakbulut.org\/es\/la-arquitectura-de-la-intimidad\/\">Nicho<\/a><\/h3>\n        <div class=\"project-tag\">Tierna retirada, donde el silencio resuena en el tejido y la respiraci\u00f3n.<\/div>\n      <\/div>\n\n      <div class=\"project-card\">\n        <a class=\"project-image-link\" href=\"https:\/\/burakbulut.org\/es\/motus\/\">\n          <div class=\"project-image\">\n            <img class=\"lazyload\" decoding=\"async\" src=\"data:image\/svg+xml,%3Csvg%20xmlns%3D%27http%3A%2F%2Fwww.w3.org%2F2000%2Fsvg%27%20width%3D%27833%27%20height%3D%271247%27%20viewBox%3D%270%200%20833%201247%27%3E%3Crect%20width%3D%27833%27%20height%3D%271247%27%20fill-opacity%3D%220%22%2F%3E%3C%2Fsvg%3E\" data-orig-src=\"https:\/\/burakbulut.org\/wp-content\/uploads\/2025\/04\/BBF_0275-Kopya-copy2.webp\" alt=\"Motus - figura captada en movimiento\" \/>\n          <\/div>\n        <\/a>\n        <h3><a class=\"project-title-link\" href=\"https:\/\/burakbulut.org\/es\/motus\/\">Motus<\/a><\/h3>\n        <div class=\"project-tag\">El cuerpo en la duraci\u00f3n, no en el instante congelado.<\/div>\n      <\/div>\n\n      <div class=\"project-card\">\n        <a class=\"project-image-link\" href=\"https:\/\/burakbulut.org\/es\/en-otro-lugar\/\">\n          <div class=\"project-image\">\n            <img class=\"lazyload\" decoding=\"async\" src=\"data:image\/svg+xml,%3Csvg%20xmlns%3D%27http%3A%2F%2Fwww.w3.org%2F2000%2Fsvg%27%20width%3D%271600%27%20height%3D%271067%27%20viewBox%3D%270%200%201600%201067%27%3E%3Crect%20width%3D%271600%27%20height%3D%271067%27%20fill-opacity%3D%220%22%2F%3E%3C%2Fsvg%3E\" data-orig-src=\"https:\/\/burakbulut.org\/wp-content\/uploads\/2025\/04\/DSC02142_1.webp\" alt=\"En otro lugar - figura en callej\u00f3n pastel\" \/>\n          <\/div>\n        <\/a>\n        <h3><a class=\"project-title-link\" href=\"https:\/\/burakbulut.org\/es\/en-otro-lugar\/\">En otros lugares<\/a><\/h3>\n        <div class=\"project-tag\">El cuerpo entre las sombras de la ciudad. Desapercibido, sin aliento.<\/div>\n      <\/div>\n\n      <div class=\"project-card\">\n        <a class=\"project-image-link\" href=\"https:\/\/burakbulut.org\/es\/deprisa\/\">\n          <div class=\"project-image\">\n            <img class=\"lazyload\" decoding=\"async\" src=\"data:image\/svg+xml,%3Csvg%20xmlns%3D%27http%3A%2F%2Fwww.w3.org%2F2000%2Fsvg%27%20width%3D%27500%27%20height%3D%27636%27%20viewBox%3D%270%200%20500%20636%27%3E%3Crect%20width%3D%27500%27%20height%3D%27636%27%20fill-opacity%3D%220%22%2F%3E%3C%2Fsvg%3E\" data-orig-src=\"https:\/\/burakbulut.org\/wp-content\/uploads\/2020\/05\/Kentte-bale-zerafeti-Hayat-Haberleri-Radikal.jpg\" alt=\"In Haste - bailarina de ballet en la arquitectura urbana\" \/>\n          <\/div>\n        <\/a>\n        <h3><a class=\"project-title-link\" href=\"https:\/\/burakbulut.org\/es\/deprisa\/\">Deprisa<\/a><\/h3>\n        <div class=\"project-tag\">Los bailarines atraviesan la ciudad. El cuerpo como arquitectura fugaz.<\/div>\n      <\/div>\n\n      <div class=\"project-card\">\n        <a class=\"project-image-link\" href=\"https:\/\/burakbulut.org\/es\/anhela\/\">\n          <div class=\"project-image\">\n            <img class=\"lazyload\" decoding=\"async\" src=\"data:image\/svg+xml,%3Csvg%20xmlns%3D%27http%3A%2F%2Fwww.w3.org%2F2000%2Fsvg%27%20width%3D%27800%27%20height%3D%271200%27%20viewBox%3D%270%200%20800%201200%27%3E%3Crect%20width%3D%27800%27%20height%3D%271200%27%20fill-opacity%3D%220%22%2F%3E%3C%2Fsvg%3E\" data-orig-src=\"https:\/\/burakbulut.org\/wp-content\/uploads\/2017\/07\/tumblr_o0ma577H0p1rhgckuo3_1280.jpg\" alt=\"Crave - siluetas abrazadas en el humo\" \/>\n          <\/div>\n        <\/a>\n        <h3><a class=\"project-title-link\" href=\"https:\/\/burakbulut.org\/es\/anhela\/\">Deseo<\/a><\/h3>\n        <div class=\"project-tag\">El deseo habla en color, entre el calor y el hambre.<\/div>\n      <\/div>\n\n      <div class=\"project-card\">\n        <a class=\"project-image-link\" href=\"https:\/\/burakbulut.org\/es\/fotogramas\/\">\n          <div class=\"project-image\">\n            <img class=\"lazyload\" decoding=\"async\" src=\"data:image\/svg+xml,%3Csvg%20xmlns%3D%27http%3A%2F%2Fwww.w3.org%2F2000%2Fsvg%27%20width%3D%271280%27%20height%3D%271240%27%20viewBox%3D%270%200%201280%201240%27%3E%3Crect%20width%3D%271280%27%20height%3D%271240%27%20fill-opacity%3D%220%22%2F%3E%3C%2Fsvg%3E\" data-orig-src=\"https:\/\/burakbulut.org\/wp-content\/uploads\/2025\/12\/From-the-series-Stills-BurakBulutYildirim.webp\" alt=\"Fotogramas - bailarines en respuesta improvisada a objetos\" \/>\n          <\/div>\n        <\/a>\n        <h3><a class=\"project-title-link\" href=\"https:\/\/burakbulut.org\/es\/fotogramas\/\">Stills<\/a><\/h3>\n        <div class=\"project-tag\">Objetos cotidianos, cuerpos improvisados. La huella de un encuentro sentido.<\/div>\n      <\/div>\n\n    <\/div>\n  <\/div>\n\n  <!-- ==== CURATORIAL PROJECTS ==== -->\n  <div class=\"curatorial-section\">\n    <div class=\"section-header\">\n      <h2>Proyectos curatoriales<\/h2>\n      <p class=\"section-description\">Las exposiciones de grupo y los proyectos colectivos se desarrollaron paralelamente a la pr\u00e1ctica personal, llevando a los fot\u00f3grafos de Estambul a plataformas internacionales.<\/p>\n    <\/div>\n\n    <div class=\"curatorial-grid\">\n\n      <div class=\"curatorial-card curatorial-card--primary\">\n        <a class=\"project-image-link\" href=\"https:\/\/burakbulut.org\/es\/los-desnudos-de-estambul\/\">\n          <div class=\"project-image\">\n            <img class=\"lazyload\" decoding=\"async\" src=\"data:image\/svg+xml,%3Csvg%20xmlns%3D%27http%3A%2F%2Fwww.w3.org%2F2000%2Fsvg%27%20width%3D%271500%27%20height%3D%271876%27%20viewBox%3D%270%200%201500%201876%27%3E%3Crect%20width%3D%271500%27%20height%3D%271876%27%20fill-opacity%3D%220%22%2F%3E%3C%2Fsvg%3E\" data-orig-src=\"https:\/\/burakbulut.org\/wp-content\/uploads\/2026\/04\/nudes-of-istanbul.webp\" alt=\"Exposici\u00f3n Desnudos de Estambul\" \/>\n          <\/div>\n        <\/a>\n        <div class=\"curatorial-year\">Pr\u00f3ximamente - julio de 2026<\/div>\n        <h3><a class=\"project-title-link\" href=\"https:\/\/burakbulut.org\/es\/los-desnudos-de-estambul\/\">Los desnudos de Estambul<\/a><\/h3>\n        <div class=\"curatorial-tag\">Die Akt Galerie, Berl\u00edn. 14 fot\u00f3grafos de Estambul. Comisario \u00fanico.<\/div>\n      <\/div>\n\n      <div class=\"curatorial-card\">\n        <a class=\"project-image-link\" href=\"https:\/\/burakbulut.org\/es\/landsnude\/\">\n          <div class=\"project-image\">\n            <img class=\"lazyload\" decoding=\"async\" src=\"data:image\/svg+xml,%3Csvg%20xmlns%3D%27http%3A%2F%2Fwww.w3.org%2F2000%2Fsvg%27%20width%3D%27640%27%20height%3D%27422%27%20viewBox%3D%270%200%20640%20422%27%3E%3Crect%20width%3D%27640%27%20height%3D%27422%27%20fill-opacity%3D%220%22%2F%3E%3C%2Fsvg%3E\" data-orig-src=\"https:\/\/burakbulut.org\/wp-content\/uploads\/2017\/07\/409_10860207_1540601109560016_1265985880_n-e1499546716759.jpg\" alt=\"Exposici\u00f3n LandsNude\" \/>\n          <\/div>\n        <\/a>\n        <div class=\"curatorial-year\">2015<\/div>\n        <h3><a class=\"project-title-link\" href=\"https:\/\/burakbulut.org\/es\/landsnude\/\">TierrasDesnudo<\/a><\/h3>\n        <div class=\"curatorial-tag\">Galer\u00eda Artcore, Sal\u00f3nica. 8 fot\u00f3grafos. Comisario y participante.<\/div>\n      <\/div>\n\n    <\/div>\n  <\/div>\n\n  <!-- ==== CREDENTIALS ==== -->\n  <div class=\"homepage-credentials\">\n    <ul class=\"credentials-list\">\n      <li>Fot\u00f3grafo y comisario afincado en Berl\u00edn, trabaja desde 2005<\/li>\n      <li>Embajador de Sony Imaging en Europa, 2018-2026<\/li>\n      <li>Miembro de la Sociedad Alemana de Fotograf\u00eda de Retrato (BPP)<\/li>\n      <li>Titular, Tarjeta Internacional de Artista, IGBK<\/li>\n    <\/ul>\n\n    <div class=\"credentials-contact\">\n      Consultas: <a href=\"mailto:info@burakbulut.info\">info@burakbulut.info<\/a> -\n      Ventas impresas: <a href=\"mailto:print@burakbulut.org\">print@burakbulut.org<\/a>\n    <\/div>\n  <\/div>\n\n<\/div><\/div><\/div><\/div><\/div>","protected":false},"excerpt":{"rendered":"","protected":false},"author":1,"featured_media":722,"parent":0,"menu_order":0,"comment_status":"closed","ping_status":"closed","template":"100-width.php","meta":{"footnotes":""},"class_list":["post-721","page","type-page","status-publish","has-post-thumbnail","hentry"],"_links":{"self":[{"href":"https:\/\/burakbulut.org\/es\/wp-json\/wp\/v2\/pages\/721","targetHints":{"allow":["GET"]}}],"collection":[{"href":"https:\/\/burakbulut.org\/es\/wp-json\/wp\/v2\/pages"}],"about":[{"href":"https:\/\/burakbulut.org\/es\/wp-json\/wp\/v2\/types\/page"}],"author":[{"embeddable":true,"href":"https:\/\/burakbulut.org\/es\/wp-json\/wp\/v2\/users\/1"}],"replies":[{"embeddable":true,"href":"https:\/\/burakbulut.org\/es\/wp-json\/wp\/v2\/comments?post=721"}],"version-history":[{"count":16,"href":"https:\/\/burakbulut.org\/es\/wp-json\/wp\/v2\/pages\/721\/revisions"}],"predecessor-version":[{"id":2186,"href":"https:\/\/burakbulut.org\/es\/wp-json\/wp\/v2\/pages\/721\/revisions\/2186"}],"wp:featuredmedia":[{"embeddable":true,"href":"https:\/\/burakbulut.org\/es\/wp-json\/wp\/v2\/media\/722"}],"wp:attachment":[{"href":"https:\/\/burakbulut.org\/es\/wp-json\/wp\/v2\/media?parent=721"}],"curies":[{"name":"wp","href":"https:\/\/api.w.org\/{rel}","templated":true}]}}