{"id":721,"date":"2020-05-28T11:38:34","date_gmt":"2020-05-28T11:38:34","guid":{"rendered":"https:\/\/burakbulut.org\/?page_id=721"},"modified":"2026-05-01T22:03:05","modified_gmt":"2026-05-01T20:03:05","slug":"main-page","status":"publish","type":"page","link":"https:\/\/burakbulut.org\/it\/","title":{"rendered":"Fotografia d'arte - Burak Bulut Yildirim"},"content":{"rendered":"<div class=\"fusion-fullwidth fullwidth-box fusion-builder-row-1 fusion-flex-container has-pattern-background has-mask-background nonhundred-percent-fullwidth non-hundred-percent-height-scrolling\" style=\"--awb-border-radius-top-left:0px;--awb-border-radius-top-right:0px;--awb-border-radius-bottom-right:0px;--awb-border-radius-bottom-left:0px;--awb-flex-wrap:wrap;\" ><div class=\"fusion-builder-row fusion-row fusion-flex-align-items-flex-start fusion-flex-content-wrap\" style=\"max-width:1248px;margin-left: calc(-4% \/ 2 );margin-right: calc(-4% \/ 2 );\"><div class=\"fusion-layout-column fusion_builder_column fusion-builder-column-0 fusion_builder_column_1_1 1_1 fusion-flex-column\" style=\"--awb-bg-size:cover;--awb-width-large:100%;--awb-margin-top-large:0px;--awb-spacing-right-large:1.92%;--awb-margin-bottom-large:20px;--awb-spacing-left-large:1.92%;--awb-width-medium:100%;--awb-order-medium:0;--awb-spacing-right-medium:1.92%;--awb-spacing-left-medium:1.92%;--awb-width-small:100%;--awb-order-small:0;--awb-spacing-right-small:1.92%;--awb-spacing-left-small:1.92%;\" data-scroll-devices=\"small-visibility,medium-visibility,large-visibility\"><div class=\"fusion-column-wrapper fusion-column-has-shadow fusion-flex-justify-content-flex-start fusion-content-layout-column\"><div class=\"homepage\">\n\n  <div class=\"homepage-hero\">\n    <p class=\"hero-kicker\">Berlino - Fotografia d'autore<\/p>\n\n    <h1>Burak Bulut Y\u0131ld\u0131r\u0131m<\/h1>\n<div class=\"hero-manifesto\">\n  <p>\n  Per oltre due decenni ho fotografato il corpo attraverso la luce, il tempo e la materia.\n<\/p>\n\n<p>\n  L'immagine inizia nella stanza: con un corpo, una superficie, una fonte di luce e il tempo necessario al loro incontro. Gli strumenti digitali appartengono alla fase finale; la fotografia nasce da un incontro fisico davanti alla macchina fotografica.\n<\/p>\n<\/div>\n\n    <div class=\"hero-meta\">\n      <a class=\"hero-meta-link\" href=\"https:\/\/burakbulut.org\/it\/dichiarazione-bio\/\">Biografia e dichiarazione<\/a>\n      <span class=\"hero-meta-sep\">\u00b7<\/span>\n      <a class=\"hero-meta-link\" href=\"https:\/\/burakbulut.org\/it\/cv\/\">CV<\/a>\n      <span class=\"hero-meta-sep\">\u00b7<\/span>\n      <a class=\"hero-meta-link\" href=\"https:\/\/burakbulut.org\/it\/edizioni\/\">Edizioni<\/a>\n      <span class=\"hero-meta-sep\">\u00b7<\/span>\n      <a class=\"hero-meta-link\" href=\"https:\/\/burakbulut.org\/it\/testi-stampa\/\">Testi e stampa<\/a>\n    <\/div>\n  <\/div>\n\n  <!-- ==== PROJECTS GRID ==== -->\n  <div class=\"projects-section\">\n    <div class=\"section-header\">\n      <h2>Progetti<\/h2>\n    <\/div>\n\n    <div class=\"project-grid\">\n\n      <div class=\"project-card\">\n        <a class=\"project-image-link\" href=\"https:\/\/burakbulut.org\/it\/distorto-dallo-sguardo\/\">\n          <div class=\"project-image\">\n            <img class=\"lazyload\" decoding=\"async\" src=\"data:image\/svg+xml,%3Csvg%20xmlns%3D%27http%3A%2F%2Fwww.w3.org%2F2000%2Fsvg%27%20width%3D%271333%27%20height%3D%272000%27%20viewBox%3D%270%200%201333%202000%27%3E%3Crect%20width%3D%271333%27%20height%3D%272000%27%20fill-opacity%3D%220%22%2F%3E%3C%2Fsvg%3E\" data-orig-src=\"https:\/\/burakbulut.org\/wp-content\/uploads\/2025\/02\/Dysmorphia-2024-1.webp\" alt=\"Chimera - forma distorta attraverso uno specchio danneggiato\" \/>\n          <\/div>\n        <\/a>\n        <h3><a class=\"project-title-link\" href=\"https:\/\/burakbulut.org\/it\/distorto-dallo-sguardo\/\">Chimera<\/a><\/h3>\n        <div class=\"project-tag\">Specchiati, fratturati, riformati. Include la sottoserie <em>Dismorfia<\/em>.<\/div>\n      <\/div>\n\n      <div class=\"project-card\">\n        <a class=\"project-image-link\" href=\"https:\/\/burakbulut.org\/it\/nudo-2\/\">\n          <div class=\"project-image\">\n            <img class=\"lazyload\" decoding=\"async\" src=\"data:image\/svg+xml,%3Csvg%20xmlns%3D%27http%3A%2F%2Fwww.w3.org%2F2000%2Fsvg%27%20width%3D%272000%27%20height%3D%271500%27%20viewBox%3D%270%200%202000%201500%27%3E%3Crect%20width%3D%272000%27%20height%3D%271500%27%20fill-opacity%3D%220%22%2F%3E%3C%2Fsvg%3E\" data-orig-src=\"https:\/\/burakbulut.org\/wp-content\/uploads\/2025\/02\/UnNUde-2-2017.webp\" alt=\"UnNude - studio di figura scultorea\" \/>\n          <\/div>\n        <\/a>\n        <h3><a class=\"project-title-link\" href=\"https:\/\/burakbulut.org\/it\/nudo-2\/\">Non nudo<\/a><\/h3>\n        <div class=\"project-tag\">Il corpo come geometria scultorea.<\/div>\n      <\/div>\n\n      <div class=\"project-card\">\n        <a class=\"project-image-link\" href=\"https:\/\/burakbulut.org\/it\/luce-nera\/\">\n          <div class=\"project-image\">\n            <img class=\"lazyload\" decoding=\"async\" src=\"data:image\/svg+xml,%3Csvg%20xmlns%3D%27http%3A%2F%2Fwww.w3.org%2F2000%2Fsvg%27%20width%3D%271500%27%20height%3D%271001%27%20viewBox%3D%270%200%201500%201001%27%3E%3Crect%20width%3D%271500%27%20height%3D%271001%27%20fill-opacity%3D%220%22%2F%3E%3C%2Fsvg%3E\" data-orig-src=\"https:\/\/burakbulut.org\/wp-content\/uploads\/2020\/05\/BurakBulut-Black_Light_UV-18.jpg\" alt=\"Lucida - corpo sotto la luce ultravioletta\" \/>\n          <\/div>\n        <\/a>\n        <h3><a class=\"project-title-link\" href=\"https:\/\/burakbulut.org\/it\/luce-nera\/\">Lucida<\/a><\/h3>\n        <div class=\"project-tag\">Sotto la luce del sole, il corpo si illumina.<\/div>\n      <\/div>\n\n      <div class=\"project-card\">\n        <a class=\"project-image-link\" href=\"https:\/\/burakbulut.org\/it\/ecotono\/\">\n          <div class=\"project-image\">\n            <img class=\"lazyload\" decoding=\"async\" src=\"data:image\/svg+xml,%3Csvg%20xmlns%3D%27http%3A%2F%2Fwww.w3.org%2F2000%2Fsvg%27%20width%3D%272000%27%20height%3D%271333%27%20viewBox%3D%270%200%202000%201333%27%3E%3Crect%20width%3D%272000%27%20height%3D%271333%27%20fill-opacity%3D%220%22%2F%3E%3C%2Fsvg%3E\" data-orig-src=\"https:\/\/burakbulut.org\/wp-content\/uploads\/2025\/04\/DSC03289-2.webp\" alt=\"Ecotone - figura tra il fogliame vicino all&#039;acqua\" \/>\n          <\/div>\n        <\/a>\n        <h3><a class=\"project-title-link\" href=\"https:\/\/burakbulut.org\/it\/ecotono\/\">Ecotono<\/a><\/h3>\n        <div class=\"project-tag\">Dove la pelle incontra il suolo. Include la sottoserie <em>Solo tu sei vicino, quando tutto \u00e8 lontano<\/em>.<\/div>\n      <\/div>\n\n      <div class=\"project-card\">\n        <a class=\"project-image-link\" href=\"https:\/\/burakbulut.org\/it\/antemortem\/\">\n          <div class=\"project-image\">\n            <img class=\"lazyload\" decoding=\"async\" src=\"data:image\/svg+xml,%3Csvg%20xmlns%3D%27http%3A%2F%2Fwww.w3.org%2F2000%2Fsvg%27%20width%3D%271500%27%20height%3D%271001%27%20viewBox%3D%270%200%201500%201001%27%3E%3Crect%20width%3D%271500%27%20height%3D%271001%27%20fill-opacity%3D%220%22%2F%3E%3C%2Fsvg%3E\" data-orig-src=\"https:\/\/burakbulut.org\/wp-content\/uploads\/2025\/02\/antemortem-3.webp\" alt=\"Antemortem - figura in un interno in penombra\" \/>\n          <\/div>\n        <\/a>\n        <h3><a class=\"project-title-link\" href=\"https:\/\/burakbulut.org\/it\/antemortem\/\">Antemortem<\/a><\/h3>\n        <div class=\"project-tag\">Il corpo che lo precede scivola nel silenzio.<\/div>\n      <\/div>\n\n      <div class=\"project-card\">\n        <a class=\"project-image-link\" href=\"https:\/\/burakbulut.org\/it\/malinconia\/\">\n          <div class=\"project-image\">\n            <img class=\"lazyload\" decoding=\"async\" src=\"data:image\/svg+xml,%3Csvg%20xmlns%3D%27http%3A%2F%2Fwww.w3.org%2F2000%2Fsvg%27%20width%3D%272500%27%20height%3D%271668%27%20viewBox%3D%270%200%202500%201668%27%3E%3Crect%20width%3D%272500%27%20height%3D%271668%27%20fill-opacity%3D%220%22%2F%3E%3C%2Fsvg%3E\" data-orig-src=\"https:\/\/burakbulut.org\/wp-content\/uploads\/2025\/02\/DSC05737.jpg\" alt=\"Melancholia - figura appoggiata al pianoforte\" \/>\n          <\/div>\n        <\/a>\n        <h3><a class=\"project-title-link\" href=\"https:\/\/burakbulut.org\/it\/malinconia\/\">Malinconia<\/a><\/h3>\n        <div class=\"project-tag\">Non un grido, un indugio. Un respiro troppo lungo.<\/div>\n      <\/div>\n\n      <div class=\"project-card\">\n        <a class=\"project-image-link\" href=\"https:\/\/burakbulut.org\/it\/larchitettura-dellintimita\/\">\n          <div class=\"project-image\">\n            <img class=\"lazyload\" decoding=\"async\" src=\"data:image\/svg+xml,%3Csvg%20xmlns%3D%27http%3A%2F%2Fwww.w3.org%2F2000%2Fsvg%27%20width%3D%272000%27%20height%3D%271333%27%20viewBox%3D%270%200%202000%201333%27%3E%3Crect%20width%3D%272000%27%20height%3D%271333%27%20fill-opacity%3D%220%22%2F%3E%3C%2Fsvg%3E\" data-orig-src=\"https:\/\/burakbulut.org\/wp-content\/uploads\/2019\/01\/DSC09873aa.jpg\" alt=\"Nicchia - figura su divano di velluto rosso\" \/>\n          <\/div>\n        <\/a>\n        <h3><a class=\"project-title-link\" href=\"https:\/\/burakbulut.org\/it\/larchitettura-dellintimita\/\">Nicchia<\/a><\/h3>\n        <div class=\"project-tag\">Un tenero ritiro, dove il silenzio riecheggia nei tessuti e nel respiro.<\/div>\n      <\/div>\n\n      <div class=\"project-card\">\n        <a class=\"project-image-link\" href=\"https:\/\/burakbulut.org\/it\/motore\/\">\n          <div class=\"project-image\">\n            <img class=\"lazyload\" decoding=\"async\" src=\"data:image\/svg+xml,%3Csvg%20xmlns%3D%27http%3A%2F%2Fwww.w3.org%2F2000%2Fsvg%27%20width%3D%27833%27%20height%3D%271247%27%20viewBox%3D%270%200%20833%201247%27%3E%3Crect%20width%3D%27833%27%20height%3D%271247%27%20fill-opacity%3D%220%22%2F%3E%3C%2Fsvg%3E\" data-orig-src=\"https:\/\/burakbulut.org\/wp-content\/uploads\/2025\/04\/BBF_0275-Kopya-copy2.webp\" alt=\"Motus - figura catturata in movimento\" \/>\n          <\/div>\n        <\/a>\n        <h3><a class=\"project-title-link\" href=\"https:\/\/burakbulut.org\/it\/motore\/\">Motus<\/a><\/h3>\n        <div class=\"project-tag\">Il corpo nella durata, non nell'istante congelato.<\/div>\n      <\/div>\n\n      <div class=\"project-card\">\n        <a class=\"project-image-link\" href=\"https:\/\/burakbulut.org\/it\/altrove\/\">\n          <div class=\"project-image\">\n            <img class=\"lazyload\" decoding=\"async\" src=\"data:image\/svg+xml,%3Csvg%20xmlns%3D%27http%3A%2F%2Fwww.w3.org%2F2000%2Fsvg%27%20width%3D%271600%27%20height%3D%271067%27%20viewBox%3D%270%200%201600%201067%27%3E%3Crect%20width%3D%271600%27%20height%3D%271067%27%20fill-opacity%3D%220%22%2F%3E%3C%2Fsvg%3E\" data-orig-src=\"https:\/\/burakbulut.org\/wp-content\/uploads\/2025\/04\/DSC02142_1.webp\" alt=\"Altrove - figura in vicolo pastello\" \/>\n          <\/div>\n        <\/a>\n        <h3><a class=\"project-title-link\" href=\"https:\/\/burakbulut.org\/it\/altrove\/\">Altrove<\/a><\/h3>\n        <div class=\"project-tag\">Il corpo attraverso le ombre della citt\u00e0. Inosservato, inespresso.<\/div>\n      <\/div>\n\n      <div class=\"project-card\">\n        <a class=\"project-image-link\" href=\"https:\/\/burakbulut.org\/it\/in-fretta\/\">\n          <div class=\"project-image\">\n            <img class=\"lazyload\" decoding=\"async\" src=\"data:image\/svg+xml,%3Csvg%20xmlns%3D%27http%3A%2F%2Fwww.w3.org%2F2000%2Fsvg%27%20width%3D%27500%27%20height%3D%27636%27%20viewBox%3D%270%200%20500%20636%27%3E%3Crect%20width%3D%27500%27%20height%3D%27636%27%20fill-opacity%3D%220%22%2F%3E%3C%2Fsvg%3E\" data-orig-src=\"https:\/\/burakbulut.org\/wp-content\/uploads\/2020\/05\/Kentte-bale-zerafeti-Hayat-Haberleri-Radikal.jpg\" alt=\"In Haste - ballerina di danza classica nell&#039;architettura urbana\" \/>\n          <\/div>\n        <\/a>\n        <h3><a class=\"project-title-link\" href=\"https:\/\/burakbulut.org\/it\/in-fretta\/\">In fretta e furia<\/a><\/h3>\n        <div class=\"project-tag\">I danzatori attraversano la citt\u00e0. Il corpo come architettura fugace.<\/div>\n      <\/div>\n\n      <div class=\"project-card\">\n        <a class=\"project-image-link\" href=\"https:\/\/burakbulut.org\/it\/bramare\/\">\n          <div class=\"project-image\">\n            <img class=\"lazyload\" decoding=\"async\" src=\"data:image\/svg+xml,%3Csvg%20xmlns%3D%27http%3A%2F%2Fwww.w3.org%2F2000%2Fsvg%27%20width%3D%27800%27%20height%3D%271200%27%20viewBox%3D%270%200%20800%201200%27%3E%3Crect%20width%3D%27800%27%20height%3D%271200%27%20fill-opacity%3D%220%22%2F%3E%3C%2Fsvg%3E\" data-orig-src=\"https:\/\/burakbulut.org\/wp-content\/uploads\/2017\/07\/tumblr_o0ma577H0p1rhgckuo3_1280.jpg\" alt=\"Crave - figure abbracciate in fumo che si stagliano in una sagoma\" \/>\n          <\/div>\n        <\/a>\n        <h3><a class=\"project-title-link\" href=\"https:\/\/burakbulut.org\/it\/bramare\/\">Voglia di<\/a><\/h3>\n        <div class=\"project-tag\">Il desiderio parla a colori, tra calore e fame.<\/div>\n      <\/div>\n\n      <div class=\"project-card\">\n        <a class=\"project-image-link\" href=\"https:\/\/burakbulut.org\/it\/fotogrammi\/\">\n          <div class=\"project-image\">\n            <img class=\"lazyload\" decoding=\"async\" src=\"data:image\/svg+xml,%3Csvg%20xmlns%3D%27http%3A%2F%2Fwww.w3.org%2F2000%2Fsvg%27%20width%3D%271280%27%20height%3D%271240%27%20viewBox%3D%270%200%201280%201240%27%3E%3Crect%20width%3D%271280%27%20height%3D%271240%27%20fill-opacity%3D%220%22%2F%3E%3C%2Fsvg%3E\" data-orig-src=\"https:\/\/burakbulut.org\/wp-content\/uploads\/2025\/12\/From-the-series-Stills-BurakBulutYildirim.webp\" alt=\"Stills - danzatori in risposta improvvisata agli oggetti\" \/>\n          <\/div>\n        <\/a>\n        <h3><a class=\"project-title-link\" href=\"https:\/\/burakbulut.org\/it\/fotogrammi\/\">Stills<\/a><\/h3>\n        <div class=\"project-tag\">Oggetti quotidiani, corpi improvvisati. La traccia di un incontro sentito.<\/div>\n      <\/div>\n\n    <\/div>\n  <\/div>\n\n  <!-- ==== CURATORIAL PROJECTS ==== -->\n  <div class=\"curatorial-section\">\n    <div class=\"section-header\">\n      <h2>Progetti curatoriali<\/h2>\n      <p class=\"section-description\">Mostre di gruppo e progetti collettivi si sono sviluppati parallelamente alla pratica personale, portando i fotografi di Istanbul su piattaforme internazionali.<\/p>\n    <\/div>\n\n    <div class=\"curatorial-grid\">\n\n      <div class=\"curatorial-card curatorial-card--primary\">\n        <a class=\"project-image-link\" href=\"https:\/\/burakbulut.org\/it\/i-nudi-di-istanbul\/\">\n          <div class=\"project-image\">\n            <img class=\"lazyload\" decoding=\"async\" src=\"data:image\/svg+xml,%3Csvg%20xmlns%3D%27http%3A%2F%2Fwww.w3.org%2F2000%2Fsvg%27%20width%3D%271500%27%20height%3D%271876%27%20viewBox%3D%270%200%201500%201876%27%3E%3Crect%20width%3D%271500%27%20height%3D%271876%27%20fill-opacity%3D%220%22%2F%3E%3C%2Fsvg%3E\" data-orig-src=\"https:\/\/burakbulut.org\/wp-content\/uploads\/2026\/04\/nudes-of-istanbul.webp\" alt=\"Mostra I nudi di Istanbul\" \/>\n          <\/div>\n        <\/a>\n        <div class=\"curatorial-year\">Prossimamente - luglio 2026<\/div>\n        <h3><a class=\"project-title-link\" href=\"https:\/\/burakbulut.org\/it\/i-nudi-di-istanbul\/\">I nudi di Istanbul<\/a><\/h3>\n        <div class=\"curatorial-tag\">Die Akt Galerie, Berlino. 14 fotografi di Istanbul. Curatore unico.<\/div>\n      <\/div>\n\n      <div class=\"curatorial-card\">\n        <a class=\"project-image-link\" href=\"https:\/\/burakbulut.org\/it\/nudo-terrestre\/\">\n          <div class=\"project-image\">\n            <img class=\"lazyload\" decoding=\"async\" src=\"data:image\/svg+xml,%3Csvg%20xmlns%3D%27http%3A%2F%2Fwww.w3.org%2F2000%2Fsvg%27%20width%3D%27640%27%20height%3D%27422%27%20viewBox%3D%270%200%20640%20422%27%3E%3Crect%20width%3D%27640%27%20height%3D%27422%27%20fill-opacity%3D%220%22%2F%3E%3C%2Fsvg%3E\" data-orig-src=\"https:\/\/burakbulut.org\/wp-content\/uploads\/2017\/07\/409_10860207_1540601109560016_1265985880_n-e1499546716759.jpg\" alt=\"Mostra TerreNude\" \/>\n          <\/div>\n        <\/a>\n        <div class=\"curatorial-year\">2015<\/div>\n        <h3><a class=\"project-title-link\" href=\"https:\/\/burakbulut.org\/it\/nudo-terrestre\/\">TerreNude<\/a><\/h3>\n        <div class=\"curatorial-tag\">Galleria Artcore, Salonicco. 8 fotografi. Curatore e partecipante.<\/div>\n      <\/div>\n\n    <\/div>\n  <\/div>\n\n  <!-- ==== CREDENTIALS ==== -->\n  <div class=\"homepage-credentials\">\n    <ul class=\"credentials-list\">\n      <li>Fotografo e curatore con sede a Berlino, lavora dal 2005<\/li>\n      <li>Ambasciatore dell'imaging di Sony Europa, 2018-2026<\/li>\n      <li>Membro della Societ\u00e0 tedesca di fotografia di ritratto (BPP)<\/li>\n      <li>Titolare, Carta Internazionale dell'Artista, IGBK<\/li>\n    <\/ul>\n\n    <div class=\"credentials-contact\">\n      Richieste di informazioni: <a href=\"mailto:info@burakbulut.info\">info@burakbulut.info<\/a> -\n      Vendite di stampa: <a href=\"mailto:print@burakbulut.org\">print@burakbulut.org<\/a>\n    <\/div>\n  <\/div>\n\n<\/div><\/div><\/div><\/div><\/div>","protected":false},"excerpt":{"rendered":"","protected":false},"author":1,"featured_media":722,"parent":0,"menu_order":0,"comment_status":"closed","ping_status":"closed","template":"100-width.php","meta":{"footnotes":""},"class_list":["post-721","page","type-page","status-publish","has-post-thumbnail","hentry"],"_links":{"self":[{"href":"https:\/\/burakbulut.org\/it\/wp-json\/wp\/v2\/pages\/721","targetHints":{"allow":["GET"]}}],"collection":[{"href":"https:\/\/burakbulut.org\/it\/wp-json\/wp\/v2\/pages"}],"about":[{"href":"https:\/\/burakbulut.org\/it\/wp-json\/wp\/v2\/types\/page"}],"author":[{"embeddable":true,"href":"https:\/\/burakbulut.org\/it\/wp-json\/wp\/v2\/users\/1"}],"replies":[{"embeddable":true,"href":"https:\/\/burakbulut.org\/it\/wp-json\/wp\/v2\/comments?post=721"}],"version-history":[{"count":16,"href":"https:\/\/burakbulut.org\/it\/wp-json\/wp\/v2\/pages\/721\/revisions"}],"predecessor-version":[{"id":2186,"href":"https:\/\/burakbulut.org\/it\/wp-json\/wp\/v2\/pages\/721\/revisions\/2186"}],"wp:featuredmedia":[{"embeddable":true,"href":"https:\/\/burakbulut.org\/it\/wp-json\/wp\/v2\/media\/722"}],"wp:attachment":[{"href":"https:\/\/burakbulut.org\/it\/wp-json\/wp\/v2\/media?parent=721"}],"curies":[{"name":"wp","href":"https:\/\/api.w.org\/{rel}","templated":true}]}}