{"id":226,"date":"2017-07-08T20:53:24","date_gmt":"2017-07-08T20:53:24","guid":{"rendered":"http:\/\/burakbulut.org\/?page_id=226"},"modified":"2026-04-21T18:43:18","modified_gmt":"2026-04-21T16:43:18","slug":"%e8%a1%8c%e5%95%86%e4%ba%ba","status":"publish","type":"page","link":"https:\/\/burakbulut.org\/ja\/peddlers\/","title":{"rendered":"\u884c\u5546\u4eba"},"content":{"rendered":"<div class=\"fusion-fullwidth fullwidth-box fusion-builder-row-1 fusion-flex-container hundred-percent-fullwidth non-hundred-percent-height-scrolling\" style=\"--awb-border-radius-top-left:0px;--awb-border-radius-top-right:0px;--awb-border-radius-bottom-right:0px;--awb-border-radius-bottom-left:0px;--awb-flex-wrap:wrap;\" ><div class=\"fusion-builder-row fusion-row fusion-flex-align-items-flex-start fusion-flex-content-wrap\" style=\"width:104% !important;max-width:104% !important;margin-left: calc(-4% \/ 2 );margin-right: calc(-4% \/ 2 );\"><div class=\"fusion-layout-column fusion_builder_column fusion-builder-column-0 fusion_builder_column_1_1 1_1 fusion-flex-column\" style=\"--awb-bg-size:cover;--awb-width-large:100%;--awb-margin-top-large:0px;--awb-spacing-right-large:1.92%;--awb-margin-bottom-large:0px;--awb-spacing-left-large:1.92%;--awb-width-medium:100%;--awb-spacing-right-medium:1.92%;--awb-spacing-left-medium:1.92%;--awb-width-small:100%;--awb-spacing-right-small:1.92%;--awb-spacing-left-small:1.92%;\"><div class=\"fusion-column-wrapper fusion-flex-justify-content-flex-start fusion-content-layout-column\"><div class=\"fusion-title title fusion-title-1 fusion-sep-none fusion-title-text fusion-title-size-one\" style=\"--awb-margin-top-small:10px;--awb-margin-right-small:0px;--awb-margin-bottom-small:10px;--awb-margin-left-small:0px;\"><h1 class=\"fusion-title-heading title-heading-left\" style=\"margin:0;\">Peddlers<\/h1><\/div><div class=\"fusion-text fusion-text-1\"><p>Exhibition: 2014, Istanbul\/Turkey.<\/p>\n<p>The rhythm of Istanbul is not in its monuments, but in its streets. <em>Peddlers<\/em> documents the men who are the city&#8217;s daily pulse. In this series, Burak Bulut Y\u0131ld\u0131r\u0131m turns his lens on the street vendors whose work and presence define the urban landscape.<\/p>\n<p>Y\u0131ld\u0131r\u0131m moves beyond simple observation. He establishes a connection. His subjects are not captured unaware; they meet his camera with a direct gaze, a smile, or a gesture of welcome. This is a series built on moments of exchange\u2014not just of goods for money, but of recognition between the photographer and the subject. The photographs show the dignity in the daily routine.<\/p>\n<p>The choice of black and white strips these scenes to their essentials: gesture, expression, and the texture of the city. Without the distraction of color, we see the person first. <em>Peddlers<\/em> is a portrait of a city through its people, presenting these vendors not as anonymous figures, but as vital characters in the story of Istanbul.<\/p>\n<\/div><div class=\"awb-gallery-wrapper awb-gallery-wrapper-1 button-span-no\"><div style=\"margin:-5px;--awb-bordersize:0px;\" class=\"fusion-gallery fusion-gallery-container fusion-grid-3 fusion-columns-total-9 fusion-gallery-layout-masonry fusion-gallery-1\"><div class=\"fusion-grid-column fusion-gallery-column fusion-gallery-column-3 hover-type-none fusion-grid-sizer\"><\/div><div style=\"padding:5px;\" class=\"fusion-grid-column fusion-gallery-column fusion-gallery-column-3 hover-type-none fusion-element-grid\"><div class=\"fusion-gallery-image\"><a href=\"https:\/\/burakbulut.org\/wp-content\/uploads\/2019\/01\/Peddlers-BurakBulut-1.jpg\" rel=\"noreferrer\" data-rel=\"iLightbox[gallery_image_1]\" class=\"fusion-lightbox\" target=\"_self\"><div style=\"padding-top:calc((100% + 10px) * 0.8 - 5px);background-position:;\" class=\"fusion-masonry-element-container lazyload\" data-bg=\"https:\/\/burakbulut.org\/wp-content\/uploads\/2019\/01\/Peddlers-BurakBulut-1.jpg\"><img decoding=\"async\" src=\"https:\/\/burakbulut.org\/wp-content\/uploads\/2019\/01\/Peddlers-BurakBulut-1.jpg\" data-orig-src=\"https:\/\/burakbulut.org\/wp-content\/uploads\/2019\/01\/Peddlers-BurakBulut-1.jpg\" width=\"1335\" height=\"2000\" alt=\"Smiling vendor juggling an apple beside a cart filled with fruit, in a sunlit, narrow Berlin street, captured in black and white.\" title=\"Peddlers: Joyful street vendor juggling apples in Berlin.\" aria-label=\"Peddlers: Joyful street vendor juggling apples in Berlin.\" class=\"lazyload img-responsive wp-image-382\" srcset=\"data:image\/svg+xml,%3Csvg%20xmlns%3D%27http%3A%2F%2Fwww.w3.org%2F2000%2Fsvg%27%20width%3D%271335%27%20height%3D%272000%27%20viewBox%3D%270%200%201335%202000%27%3E%3Crect%20width%3D%271335%27%20height%3D%272000%27%20fill-opacity%3D%220%22%2F%3E%3C%2Fsvg%3E\" data-srcset=\"https:\/\/burakbulut.org\/wp-content\/uploads\/2019\/01\/Peddlers-BurakBulut-1-200x300.jpg 200w, https:\/\/burakbulut.org\/wp-content\/uploads\/2019\/01\/Peddlers-BurakBulut-1-400x599.jpg 400w, https:\/\/burakbulut.org\/wp-content\/uploads\/2019\/01\/Peddlers-BurakBulut-1-600x899.jpg 600w, https:\/\/burakbulut.org\/wp-content\/uploads\/2019\/01\/Peddlers-BurakBulut-1-800x1199.jpg 800w, https:\/\/burakbulut.org\/wp-content\/uploads\/2019\/01\/Peddlers-BurakBulut-1-1200x1798.jpg 1200w, https:\/\/burakbulut.org\/wp-content\/uploads\/2019\/01\/Peddlers-BurakBulut-1.jpg 1335w\" data-sizes=\"auto\" data-orig-sizes=\"(min-width: 2200px) 100vw, (min-width: 784px) 397px, (min-width: 712px) 595px, (min-width: 640px) 712px, \" \/><\/div><\/a><\/div><\/div><div style=\"padding:5px;\" class=\"fusion-grid-column fusion-gallery-column fusion-gallery-column-3 hover-type-none fusion-element-grid\"><div class=\"fusion-gallery-image\"><a href=\"https:\/\/burakbulut.org\/wp-content\/uploads\/2019\/01\/Peddlers-BurakBulut-15.jpg\" rel=\"noreferrer\" data-rel=\"iLightbox[gallery_image_1]\" class=\"fusion-lightbox\" target=\"_self\"><div style=\"padding-top:calc((100% + 10px) * 0.8 - 5px);background-position:;\" class=\"fusion-masonry-element-container lazyload\" data-bg=\"https:\/\/burakbulut.org\/wp-content\/uploads\/2019\/01\/Peddlers-BurakBulut-15.jpg\"><img decoding=\"async\" src=\"https:\/\/burakbulut.org\/wp-content\/uploads\/2019\/01\/Peddlers-BurakBulut-15.jpg\" data-orig-src=\"https:\/\/burakbulut.org\/wp-content\/uploads\/2019\/01\/Peddlers-BurakBulut-15.jpg\" width=\"2000\" height=\"1335\" alt=\"A street vendor in a illuminated cart, surrounded by blurred figures walking in a dark, bustling urban setting at dusk.\" title=\"Peddlers of Istanbul: Night Market Scene in Black and White\" aria-label=\"Peddlers of Istanbul: Night Market Scene in Black and White\" class=\"lazyload img-responsive wp-image-391\" srcset=\"data:image\/svg+xml,%3Csvg%20xmlns%3D%27http%3A%2F%2Fwww.w3.org%2F2000%2Fsvg%27%20width%3D%272000%27%20height%3D%271335%27%20viewBox%3D%270%200%202000%201335%27%3E%3Crect%20width%3D%272000%27%20height%3D%271335%27%20fill-opacity%3D%220%22%2F%3E%3C%2Fsvg%3E\" data-srcset=\"https:\/\/burakbulut.org\/wp-content\/uploads\/2019\/01\/Peddlers-BurakBulut-15-200x134.jpg 200w, https:\/\/burakbulut.org\/wp-content\/uploads\/2019\/01\/Peddlers-BurakBulut-15-400x267.jpg 400w, https:\/\/burakbulut.org\/wp-content\/uploads\/2019\/01\/Peddlers-BurakBulut-15-600x401.jpg 600w, https:\/\/burakbulut.org\/wp-content\/uploads\/2019\/01\/Peddlers-BurakBulut-15-800x534.jpg 800w, https:\/\/burakbulut.org\/wp-content\/uploads\/2019\/01\/Peddlers-BurakBulut-15-1200x801.jpg 1200w, https:\/\/burakbulut.org\/wp-content\/uploads\/2019\/01\/Peddlers-BurakBulut-15.jpg 2000w\" data-sizes=\"auto\" data-orig-sizes=\"(min-width: 2200px) 100vw, (min-width: 784px) 397px, (min-width: 712px) 595px, (min-width: 640px) 712px, \" \/><\/div><\/a><\/div><\/div><div style=\"padding:5px;\" class=\"fusion-grid-column fusion-gallery-column fusion-gallery-column-3 hover-type-none fusion-element-grid\"><div class=\"fusion-gallery-image\"><a href=\"https:\/\/burakbulut.org\/wp-content\/uploads\/2019\/01\/Peddlers-BurakBulut-11.jpg\" rel=\"noreferrer\" data-rel=\"iLightbox[gallery_image_1]\" class=\"fusion-lightbox\" target=\"_self\"><div style=\"padding-top:calc((100% + 10px) * 0.8 - 5px);background-position:;\" class=\"fusion-masonry-element-container lazyload\" data-bg=\"https:\/\/burakbulut.org\/wp-content\/uploads\/2019\/01\/Peddlers-BurakBulut-11.jpg\"><img decoding=\"async\" src=\"https:\/\/burakbulut.org\/wp-content\/uploads\/2019\/01\/Peddlers-BurakBulut-11.jpg\" data-orig-src=\"https:\/\/burakbulut.org\/wp-content\/uploads\/2019\/01\/Peddlers-BurakBulut-11.jpg\" width=\"1335\" height=\"2000\" alt=\"A smiling vendor in a black puffer jacket operates a fruit press, surrounded by various fruits, in a bustling street scene.\" title=\"Peddlers: Joyful street vendor juicing fruits in Berlin market.\" aria-label=\"Peddlers: Joyful street vendor juicing fruits in Berlin market.\" class=\"lazyload img-responsive wp-image-386\" srcset=\"data:image\/svg+xml,%3Csvg%20xmlns%3D%27http%3A%2F%2Fwww.w3.org%2F2000%2Fsvg%27%20width%3D%271335%27%20height%3D%272000%27%20viewBox%3D%270%200%201335%202000%27%3E%3Crect%20width%3D%271335%27%20height%3D%272000%27%20fill-opacity%3D%220%22%2F%3E%3C%2Fsvg%3E\" data-srcset=\"https:\/\/burakbulut.org\/wp-content\/uploads\/2019\/01\/Peddlers-BurakBulut-11-200x300.jpg 200w, https:\/\/burakbulut.org\/wp-content\/uploads\/2019\/01\/Peddlers-BurakBulut-11-400x599.jpg 400w, https:\/\/burakbulut.org\/wp-content\/uploads\/2019\/01\/Peddlers-BurakBulut-11-600x899.jpg 600w, https:\/\/burakbulut.org\/wp-content\/uploads\/2019\/01\/Peddlers-BurakBulut-11-800x1199.jpg 800w, https:\/\/burakbulut.org\/wp-content\/uploads\/2019\/01\/Peddlers-BurakBulut-11-1200x1798.jpg 1200w, https:\/\/burakbulut.org\/wp-content\/uploads\/2019\/01\/Peddlers-BurakBulut-11.jpg 1335w\" data-sizes=\"auto\" data-orig-sizes=\"(min-width: 2200px) 100vw, (min-width: 784px) 397px, (min-width: 712px) 595px, (min-width: 640px) 712px, \" \/><\/div><\/a><\/div><\/div><div style=\"padding:5px;\" class=\"fusion-grid-column fusion-gallery-column fusion-gallery-column-3 hover-type-none fusion-element-grid\"><div class=\"fusion-gallery-image\"><a href=\"https:\/\/burakbulut.org\/wp-content\/uploads\/2019\/01\/Peddlers-BurakBulut-9.jpg\" rel=\"noreferrer\" data-rel=\"iLightbox[gallery_image_1]\" class=\"fusion-lightbox\" target=\"_self\"><div style=\"padding-top:calc((100% + 10px) * 0.8 - 5px);background-position:;\" class=\"fusion-masonry-element-container lazyload\" data-bg=\"https:\/\/burakbulut.org\/wp-content\/uploads\/2019\/01\/Peddlers-BurakBulut-9.jpg\"><img decoding=\"async\" src=\"https:\/\/burakbulut.org\/wp-content\/uploads\/2019\/01\/Peddlers-BurakBulut-9.jpg\" data-orig-src=\"https:\/\/burakbulut.org\/wp-content\/uploads\/2019\/01\/Peddlers-BurakBulut-9.jpg\" width=\"2000\" height=\"1335\" alt=\"A vendor in a black jacket smiles and waves, surrounded by a table of various merchandise, in a dimly lit street scene.\" title=\"Peddlers at Night: Dynamic Street Market Scene in Berlin\" aria-label=\"Peddlers at Night: Dynamic Street Market Scene in Berlin\" class=\"lazyload img-responsive wp-image-384\" srcset=\"data:image\/svg+xml,%3Csvg%20xmlns%3D%27http%3A%2F%2Fwww.w3.org%2F2000%2Fsvg%27%20width%3D%272000%27%20height%3D%271335%27%20viewBox%3D%270%200%202000%201335%27%3E%3Crect%20width%3D%272000%27%20height%3D%271335%27%20fill-opacity%3D%220%22%2F%3E%3C%2Fsvg%3E\" data-srcset=\"https:\/\/burakbulut.org\/wp-content\/uploads\/2019\/01\/Peddlers-BurakBulut-9-200x134.jpg 200w, https:\/\/burakbulut.org\/wp-content\/uploads\/2019\/01\/Peddlers-BurakBulut-9-400x267.jpg 400w, https:\/\/burakbulut.org\/wp-content\/uploads\/2019\/01\/Peddlers-BurakBulut-9-600x401.jpg 600w, https:\/\/burakbulut.org\/wp-content\/uploads\/2019\/01\/Peddlers-BurakBulut-9-800x534.jpg 800w, https:\/\/burakbulut.org\/wp-content\/uploads\/2019\/01\/Peddlers-BurakBulut-9-1200x801.jpg 1200w, https:\/\/burakbulut.org\/wp-content\/uploads\/2019\/01\/Peddlers-BurakBulut-9.jpg 2000w\" data-sizes=\"auto\" data-orig-sizes=\"(min-width: 2200px) 100vw, (min-width: 784px) 397px, (min-width: 712px) 595px, (min-width: 640px) 712px, \" \/><\/div><\/a><\/div><\/div><div style=\"padding:5px;\" class=\"fusion-grid-column fusion-gallery-column fusion-gallery-column-3 hover-type-none fusion-element-grid\"><div class=\"fusion-gallery-image\"><a href=\"https:\/\/burakbulut.org\/wp-content\/uploads\/2019\/01\/Peddlers-BurakBulut-13.jpg\" rel=\"noreferrer\" data-rel=\"iLightbox[gallery_image_1]\" class=\"fusion-lightbox\" target=\"_self\"><div style=\"padding-top:calc((100% + 10px) * 0.8 - 5px);background-position:;\" class=\"fusion-masonry-element-container lazyload\" data-bg=\"https:\/\/burakbulut.org\/wp-content\/uploads\/2019\/01\/Peddlers-BurakBulut-13.jpg\"><img decoding=\"async\" src=\"https:\/\/burakbulut.org\/wp-content\/uploads\/2019\/01\/Peddlers-BurakBulut-13.jpg\" data-orig-src=\"https:\/\/burakbulut.org\/wp-content\/uploads\/2019\/01\/Peddlers-BurakBulut-13.jpg\" width=\"1335\" height=\"2000\" alt=\"A young vendor smiles beside a cart filled with corn, under a striped canopy, set in a bustling street scene captured in black and white.\" title=\"Peddler selling corn in Berlin&#8217;s vibrant streets, black and white.\" aria-label=\"Peddler selling corn in Berlin&#8217;s vibrant streets, black and white.\" class=\"lazyload img-responsive wp-image-389\" srcset=\"data:image\/svg+xml,%3Csvg%20xmlns%3D%27http%3A%2F%2Fwww.w3.org%2F2000%2Fsvg%27%20width%3D%271335%27%20height%3D%272000%27%20viewBox%3D%270%200%201335%202000%27%3E%3Crect%20width%3D%271335%27%20height%3D%272000%27%20fill-opacity%3D%220%22%2F%3E%3C%2Fsvg%3E\" data-srcset=\"https:\/\/burakbulut.org\/wp-content\/uploads\/2019\/01\/Peddlers-BurakBulut-13-200x300.jpg 200w, https:\/\/burakbulut.org\/wp-content\/uploads\/2019\/01\/Peddlers-BurakBulut-13-400x599.jpg 400w, https:\/\/burakbulut.org\/wp-content\/uploads\/2019\/01\/Peddlers-BurakBulut-13-600x899.jpg 600w, https:\/\/burakbulut.org\/wp-content\/uploads\/2019\/01\/Peddlers-BurakBulut-13-800x1199.jpg 800w, https:\/\/burakbulut.org\/wp-content\/uploads\/2019\/01\/Peddlers-BurakBulut-13-1200x1798.jpg 1200w, https:\/\/burakbulut.org\/wp-content\/uploads\/2019\/01\/Peddlers-BurakBulut-13.jpg 1335w\" data-sizes=\"auto\" data-orig-sizes=\"(min-width: 2200px) 100vw, (min-width: 784px) 397px, (min-width: 712px) 595px, (min-width: 640px) 712px, \" \/><\/div><\/a><\/div><\/div><div style=\"padding:5px;\" class=\"fusion-grid-column fusion-gallery-column fusion-gallery-column-3 hover-type-none fusion-element-grid\"><div class=\"fusion-gallery-image\"><a href=\"https:\/\/burakbulut.org\/wp-content\/uploads\/2019\/01\/Peddlers-BurakBulut-16.jpg\" rel=\"noreferrer\" data-rel=\"iLightbox[gallery_image_1]\" class=\"fusion-lightbox\" target=\"_self\"><div style=\"padding-top:calc((100% + 10px) * 0.8 - 5px);background-position:;\" class=\"fusion-masonry-element-container lazyload\" data-bg=\"https:\/\/burakbulut.org\/wp-content\/uploads\/2019\/01\/Peddlers-BurakBulut-16.jpg\"><img decoding=\"async\" src=\"https:\/\/burakbulut.org\/wp-content\/uploads\/2019\/01\/Peddlers-BurakBulut-16.jpg\" data-orig-src=\"https:\/\/burakbulut.org\/wp-content\/uploads\/2019\/01\/Peddlers-BurakBulut-16.jpg\" width=\"1335\" height=\"2000\" alt=\"A man in a black coat and cap sits behind a table filled with various items, including sunglasses and clothing, in a monochrome setting.\" title=\"Peddler at Work: Berlin Street Photography by Burak Bulut Y\u0131ld\u0131r\u0131m\" aria-label=\"Peddler at Work: Berlin Street Photography by Burak Bulut Y\u0131ld\u0131r\u0131m\" class=\"lazyload img-responsive wp-image-392\" srcset=\"data:image\/svg+xml,%3Csvg%20xmlns%3D%27http%3A%2F%2Fwww.w3.org%2F2000%2Fsvg%27%20width%3D%271335%27%20height%3D%272000%27%20viewBox%3D%270%200%201335%202000%27%3E%3Crect%20width%3D%271335%27%20height%3D%272000%27%20fill-opacity%3D%220%22%2F%3E%3C%2Fsvg%3E\" data-srcset=\"https:\/\/burakbulut.org\/wp-content\/uploads\/2019\/01\/Peddlers-BurakBulut-16-200x300.jpg 200w, https:\/\/burakbulut.org\/wp-content\/uploads\/2019\/01\/Peddlers-BurakBulut-16-400x599.jpg 400w, https:\/\/burakbulut.org\/wp-content\/uploads\/2019\/01\/Peddlers-BurakBulut-16-600x899.jpg 600w, https:\/\/burakbulut.org\/wp-content\/uploads\/2019\/01\/Peddlers-BurakBulut-16-800x1199.jpg 800w, https:\/\/burakbulut.org\/wp-content\/uploads\/2019\/01\/Peddlers-BurakBulut-16-1200x1798.jpg 1200w, https:\/\/burakbulut.org\/wp-content\/uploads\/2019\/01\/Peddlers-BurakBulut-16.jpg 1335w\" data-sizes=\"auto\" data-orig-sizes=\"(min-width: 2200px) 100vw, (min-width: 784px) 397px, (min-width: 712px) 595px, (min-width: 640px) 712px, \" \/><\/div><\/a><\/div><\/div><div style=\"padding:5px;\" class=\"fusion-grid-column fusion-gallery-column fusion-gallery-column-3 hover-type-none fusion-element-grid\"><div class=\"fusion-gallery-image\"><a href=\"https:\/\/burakbulut.org\/wp-content\/uploads\/2019\/01\/Peddlers-BurakBulut-12.jpg\" rel=\"noreferrer\" data-rel=\"iLightbox[gallery_image_1]\" class=\"fusion-lightbox\" target=\"_self\"><div style=\"padding-top:calc((100% + 10px) * 0.8 - 5px);background-position:;\" class=\"fusion-masonry-element-container lazyload\" data-bg=\"https:\/\/burakbulut.org\/wp-content\/uploads\/2019\/01\/Peddlers-BurakBulut-12.jpg\"><img decoding=\"async\" src=\"https:\/\/burakbulut.org\/wp-content\/uploads\/2019\/01\/Peddlers-BurakBulut-12.jpg\" data-orig-src=\"https:\/\/burakbulut.org\/wp-content\/uploads\/2019\/01\/Peddlers-BurakBulut-12.jpg\" width=\"2000\" height=\"1334\" alt=\"Chestnut vendor in black and white, smiling at the camera, with a sign displaying prices and a lit bulb above. Busy street in background.\" title=\"Peddlers &#8211; Street vendor serving roasted chestnuts in Berlin.\" aria-label=\"Peddlers &#8211; Street vendor serving roasted chestnuts in Berlin.\" class=\"lazyload img-responsive wp-image-387\" srcset=\"data:image\/svg+xml,%3Csvg%20xmlns%3D%27http%3A%2F%2Fwww.w3.org%2F2000%2Fsvg%27%20width%3D%272000%27%20height%3D%271334%27%20viewBox%3D%270%200%202000%201334%27%3E%3Crect%20width%3D%272000%27%20height%3D%271334%27%20fill-opacity%3D%220%22%2F%3E%3C%2Fsvg%3E\" data-srcset=\"https:\/\/burakbulut.org\/wp-content\/uploads\/2019\/01\/Peddlers-BurakBulut-12-200x133.jpg 200w, https:\/\/burakbulut.org\/wp-content\/uploads\/2019\/01\/Peddlers-BurakBulut-12-400x267.jpg 400w, https:\/\/burakbulut.org\/wp-content\/uploads\/2019\/01\/Peddlers-BurakBulut-12-600x400.jpg 600w, https:\/\/burakbulut.org\/wp-content\/uploads\/2019\/01\/Peddlers-BurakBulut-12-800x534.jpg 800w, https:\/\/burakbulut.org\/wp-content\/uploads\/2019\/01\/Peddlers-BurakBulut-12-1200x800.jpg 1200w, https:\/\/burakbulut.org\/wp-content\/uploads\/2019\/01\/Peddlers-BurakBulut-12.jpg 2000w\" data-sizes=\"auto\" data-orig-sizes=\"(min-width: 2200px) 100vw, (min-width: 784px) 397px, (min-width: 712px) 595px, (min-width: 640px) 712px, \" \/><\/div><\/a><\/div><\/div><div style=\"padding:5px;\" class=\"fusion-grid-column fusion-gallery-column fusion-gallery-column-3 hover-type-none fusion-element-grid\"><div class=\"fusion-gallery-image\"><a href=\"https:\/\/burakbulut.org\/wp-content\/uploads\/2019\/01\/Peddlers-BurakBulut-14.jpg\" rel=\"noreferrer\" data-rel=\"iLightbox[gallery_image_1]\" class=\"fusion-lightbox\" target=\"_self\"><div style=\"padding-top:calc((100% + 10px) * 0.8 - 5px);background-position:;\" class=\"fusion-masonry-element-container lazyload\" data-bg=\"https:\/\/burakbulut.org\/wp-content\/uploads\/2019\/01\/Peddlers-BurakBulut-14.jpg\"><img decoding=\"async\" src=\"https:\/\/burakbulut.org\/wp-content\/uploads\/2019\/01\/Peddlers-BurakBulut-14.jpg\" data-orig-src=\"https:\/\/burakbulut.org\/wp-content\/uploads\/2019\/01\/Peddlers-BurakBulut-14.jpg\" width=\"1335\" height=\"2000\" alt=\"A man in a black coat and knitted beanie smiles while grilling fish near a bustling waterfront, captured in monochrome tones.\" title=\"Peddlers: Street Vendor Smiling by the Water in Black and White\" aria-label=\"Peddlers: Street Vendor Smiling by the Water in Black and White\" class=\"lazyload img-responsive wp-image-390\" srcset=\"data:image\/svg+xml,%3Csvg%20xmlns%3D%27http%3A%2F%2Fwww.w3.org%2F2000%2Fsvg%27%20width%3D%271335%27%20height%3D%272000%27%20viewBox%3D%270%200%201335%202000%27%3E%3Crect%20width%3D%271335%27%20height%3D%272000%27%20fill-opacity%3D%220%22%2F%3E%3C%2Fsvg%3E\" data-srcset=\"https:\/\/burakbulut.org\/wp-content\/uploads\/2019\/01\/Peddlers-BurakBulut-14-200x300.jpg 200w, https:\/\/burakbulut.org\/wp-content\/uploads\/2019\/01\/Peddlers-BurakBulut-14-400x599.jpg 400w, https:\/\/burakbulut.org\/wp-content\/uploads\/2019\/01\/Peddlers-BurakBulut-14-600x899.jpg 600w, https:\/\/burakbulut.org\/wp-content\/uploads\/2019\/01\/Peddlers-BurakBulut-14-800x1199.jpg 800w, https:\/\/burakbulut.org\/wp-content\/uploads\/2019\/01\/Peddlers-BurakBulut-14-1200x1798.jpg 1200w, https:\/\/burakbulut.org\/wp-content\/uploads\/2019\/01\/Peddlers-BurakBulut-14.jpg 1335w\" data-sizes=\"auto\" data-orig-sizes=\"(min-width: 2200px) 100vw, (min-width: 784px) 397px, (min-width: 712px) 595px, (min-width: 640px) 712px, \" \/><\/div><\/a><\/div><\/div><div style=\"padding:5px;\" class=\"fusion-grid-column fusion-gallery-column fusion-gallery-column-3 hover-type-none fusion-element-grid\"><div class=\"fusion-gallery-image\"><a href=\"https:\/\/burakbulut.org\/wp-content\/uploads\/2019\/01\/Peddlers-BurakBulut-10.jpg\" rel=\"noreferrer\" data-rel=\"iLightbox[gallery_image_1]\" class=\"fusion-lightbox\" target=\"_self\"><div style=\"padding-top:calc((100% + 10px) * 0.8 - 5px);background-position:;\" class=\"fusion-masonry-element-container lazyload\" data-bg=\"https:\/\/burakbulut.org\/wp-content\/uploads\/2019\/01\/Peddlers-BurakBulut-10.jpg\"><img decoding=\"async\" src=\"https:\/\/burakbulut.org\/wp-content\/uploads\/2019\/01\/Peddlers-BurakBulut-10.jpg\" data-orig-src=\"https:\/\/burakbulut.org\/wp-content\/uploads\/2019\/01\/Peddlers-BurakBulut-10.jpg\" width=\"2000\" height=\"1335\" alt=\"A man leans against a vending cart displaying signs for cold water and tea, surrounded by pastries, in a black-and-white scene.\" title=\"Peddlers: Black and white portrait of a street vendor in Istanbul.\" aria-label=\"Peddlers: Black and white portrait of a street vendor in Istanbul.\" class=\"lazyload img-responsive wp-image-385\" srcset=\"data:image\/svg+xml,%3Csvg%20xmlns%3D%27http%3A%2F%2Fwww.w3.org%2F2000%2Fsvg%27%20width%3D%272000%27%20height%3D%271335%27%20viewBox%3D%270%200%202000%201335%27%3E%3Crect%20width%3D%272000%27%20height%3D%271335%27%20fill-opacity%3D%220%22%2F%3E%3C%2Fsvg%3E\" data-srcset=\"https:\/\/burakbulut.org\/wp-content\/uploads\/2019\/01\/Peddlers-BurakBulut-10-200x134.jpg 200w, https:\/\/burakbulut.org\/wp-content\/uploads\/2019\/01\/Peddlers-BurakBulut-10-400x267.jpg 400w, https:\/\/burakbulut.org\/wp-content\/uploads\/2019\/01\/Peddlers-BurakBulut-10-600x401.jpg 600w, https:\/\/burakbulut.org\/wp-content\/uploads\/2019\/01\/Peddlers-BurakBulut-10-800x534.jpg 800w, https:\/\/burakbulut.org\/wp-content\/uploads\/2019\/01\/Peddlers-BurakBulut-10-1200x801.jpg 1200w, https:\/\/burakbulut.org\/wp-content\/uploads\/2019\/01\/Peddlers-BurakBulut-10.jpg 2000w\" data-sizes=\"auto\" data-orig-sizes=\"(min-width: 2200px) 100vw, (min-width: 784px) 397px, (min-width: 712px) 595px, (min-width: 640px) 712px, \" \/><\/div><\/a><\/div><\/div><\/div><\/div><div class=\"fusion-separator fusion-full-width-sep\" style=\"align-self: center;margin-left: auto;margin-right: auto;width:100%;\"><div class=\"fusion-separator-border sep-shadow\" style=\"--awb-height:20px;--awb-amount:20px;background:radial-gradient(ellipse at 50% -50% , var(--awb-color3) 0px, rgba(255, 255, 255, 0) 80%) repeat scroll 0 0 rgba(0, 0, 0, 0);background:-webkit-radial-gradient(ellipse at 50% -50% , var(--awb-color3) 0px, rgba(255, 255, 255, 0) 80%) repeat scroll 0 0 rgba(0, 0, 0, 0);background:-moz-radial-gradient(ellipse at 50% -50% , var(--awb-color3) 0px, rgba(255, 255, 255, 0) 80%) repeat scroll 0 0 rgba(0, 0, 0, 0);background:-o-radial-gradient(ellipse at 50% -50% , var(--awb-color3) 0px, rgba(255, 255, 255, 0) 80%) repeat scroll 0 0 rgba(0, 0, 0, 0);\"><\/div><\/div><\/div><\/div><\/div><\/div>\n","protected":false},"excerpt":{"rendered":"","protected":false},"author":1,"featured_media":0,"parent":0,"menu_order":0,"comment_status":"closed","ping_status":"closed","template":"100-width.php","meta":{"footnotes":""},"class_list":["post-226","page","type-page","status-publish","hentry"],"_links":{"self":[{"href":"https:\/\/burakbulut.org\/ja\/wp-json\/wp\/v2\/pages\/226","targetHints":{"allow":["GET"]}}],"collection":[{"href":"https:\/\/burakbulut.org\/ja\/wp-json\/wp\/v2\/pages"}],"about":[{"href":"https:\/\/burakbulut.org\/ja\/wp-json\/wp\/v2\/types\/page"}],"author":[{"embeddable":true,"href":"https:\/\/burakbulut.org\/ja\/wp-json\/wp\/v2\/users\/1"}],"replies":[{"embeddable":true,"href":"https:\/\/burakbulut.org\/ja\/wp-json\/wp\/v2\/comments?post=226"}],"version-history":[{"count":3,"href":"https:\/\/burakbulut.org\/ja\/wp-json\/wp\/v2\/pages\/226\/revisions"}],"predecessor-version":[{"id":2121,"href":"https:\/\/burakbulut.org\/ja\/wp-json\/wp\/v2\/pages\/226\/revisions\/2121"}],"wp:attachment":[{"href":"https:\/\/burakbulut.org\/ja\/wp-json\/wp\/v2\/media?parent=226"}],"curies":[{"name":"wp","href":"https:\/\/api.w.org\/{rel}","templated":true}]}}