{"id":2069,"date":"2026-04-21T17:07:42","date_gmt":"2026-04-21T15:07:42","guid":{"rendered":"https:\/\/burakbulut.org\/?page_id=2069"},"modified":"2026-04-22T01:29:06","modified_gmt":"2026-04-21T23:29:06","slug":"texts-press","status":"publish","type":"page","link":"https:\/\/burakbulut.org\/ru\/texts-press\/","title":{"rendered":"Texts \/ Press \/ Essays"},"content":{"rendered":"<div class=\"fusion-fullwidth fullwidth-box fusion-builder-row-1 fusion-flex-container has-pattern-background has-mask-background nonhundred-percent-fullwidth non-hundred-percent-height-scrolling\" style=\"--awb-border-radius-top-left:0px;--awb-border-radius-top-right:0px;--awb-border-radius-bottom-right:0px;--awb-border-radius-bottom-left:0px;--awb-flex-wrap:wrap;\" ><div class=\"fusion-builder-row fusion-row fusion-flex-align-items-flex-start fusion-flex-content-wrap\" style=\"max-width:1248px;margin-left: calc(-4% \/ 2 );margin-right: calc(-4% \/ 2 );\"><div class=\"fusion-layout-column fusion_builder_column fusion-builder-column-0 fusion_builder_column_1_1 1_1 fusion-flex-column\" style=\"--awb-bg-size:cover;--awb-width-large:100%;--awb-margin-top-large:0px;--awb-spacing-right-large:1.92%;--awb-margin-bottom-large:20px;--awb-spacing-left-large:1.92%;--awb-width-medium:100%;--awb-order-medium:0;--awb-spacing-right-medium:1.92%;--awb-spacing-left-medium:1.92%;--awb-width-small:100%;--awb-order-small:0;--awb-spacing-right-small:1.92%;--awb-spacing-left-small:1.92%;\"><div class=\"fusion-column-wrapper fusion-column-has-shadow fusion-flex-justify-content-flex-start fusion-content-layout-column\"><article class=\"artist-page texts-page\"><header>\n<p class=\"subtitle\">Texts, Press & Essays<\/p>\n\n<h1>Texts & Press<\/h1>\n<p class=\"intro-line\">Writing about the work \u2014 reviews, curatorial texts, interviews, and features.<\/p>\n\n<\/header><section>\n<h2>Critical & Curatorial Texts<\/h2>\n<ul class=\"press-list\">\n \t<li>\n<p class=\"press-title\">A Review of Burak Bulut Y\u0131ld\u0131r\u0131m<\/p>\n<p class=\"press-meta\">Michael Hanna, curator \u00b7 Aedra Fine Arts, Point Pleasant Publishing \u00b7 2024<\/p>\n<p class=\"press-excerpt\">A curatorial reading of the artist's long-form practice and in-camera methodology. <a href=\"https:\/\/www.pointpleasantpublishing.net\/single-post\/burak-bulut-yildirim\" target=\"_blank\" rel=\"noopener nofollow\">Read the full text<\/a>.<\/p>\n<\/li>\n<\/ul>\n<\/section><section>\n<h2>Features & Reviews<\/h2>\n<ul class=\"press-list\">\n \t<li>\n<p class=\"press-title\">Sich begegnen und zuh\u00f6ren: T\u00fcrkische Kulturtage in Heilbronn<\/p>\n<p class=\"press-meta\">Claudia Ihlefeld \u00b7 Stimme DE \u00b7 October 2019 \u00b7 German<\/p>\n<\/li>\n \t<li>\n<p class=\"press-title\">T\u00fcrkische Kulturtage 2019 \u2014 Kunstausstellung von Burak Bulut<\/p>\n<p class=\"press-meta\">TRTC.eu \u00b7 October 2019 \u00b7 German<\/p>\n<\/li>\n \t<li>\n<p class=\"press-title\">Burak Bulut Y\u0131ld\u0131r\u0131m's Exhibition in Germany<\/p>\n<p class=\"press-meta\">Artful Living \u00b7 October 2019 \u00b7 Turkish<\/p>\n<\/li>\n \t<li>\n<p class=\"press-title\">Burak Bulut Y\u0131ld\u0131r\u0131m Photography Projects in Germany<\/p>\n<p class=\"press-meta\">Gazete Sanat \u00b7 October 2019 \u00b7 Turkish<\/p>\n<\/li>\n<\/ul>\n<\/section><section>\n<h2>Interviews<\/h2>\n<ul class=\"press-list\">\n \t<li>\n<p class=\"press-title\">Kentte Bale Zerafeti (Urban Ballet Grace)<\/p>\n<p class=\"press-meta\">Radikal \u00b7 2014 \u00b7 Turkish<\/p>\n<\/li>\n \t<li>\n<p class=\"press-title\">\u0422\u0435\u0437\u0433\u0430\u0445\u0447\u0438\u043b\u0430\u0440 \u044e\u0437\u0435\u0440\u0438\u043d \u0441\u0451\u0439\u043b\u0435\u0448\u0438<\/p>\n<p class=\"press-meta\">Time Out Istanbul \u00b7 2015 \u00b7 Turkish<\/p>\n<\/li>\n<\/ul>\n<\/section><section>\n<h2>Forthcoming<\/h2>\n<ul class=\"press-list\">\n \t<li>\n<p class=\"press-title\">\u0421\u0442\u0430\u043c\u0431\u0443\u043b\u044c\u0441\u043a\u0438\u0435 \u043e\u0431\u043d\u0430\u0436\u0435\u043d\u043d\u044b\u0435 \u043d\u0430\u0442\u0443\u0440\u044b<\/p>\n<p class=\"press-meta\">ISBN publication \u00b7 Die Akt Galerie, Berlin \u00b7 July 2026<\/p>\n<p class=\"press-excerpt\">Hardcover photobook with curatorial introduction, historical framing of nude photography in Turkey, a six-register taxonomy, and two essays by nude models Zeynep Renda and Su Ye\u015fil. English. Advance reading copies available to curators, critics, and academic researchers on request.<\/p>\n<\/li>\n<\/ul>\n<\/section><section class=\"contact-block\">\n<h2>Press Enquiries<\/h2>\nPress materials, high-resolution images, interview requests, and advance reading copies: <a href=\"mailto:studio@burakbulut.org\">studio@burakbulut.org<\/a>\n\n<\/section><\/article><article class=\"artist-page hub-page\">\n    <section class=\"hub-grid\">\n    <a class=\"hub-card\" href=\"https:\/\/burakbulut.org\/ru\/bio-statement\/\">\n      <h2>Bio & Statement<\/h2>\n      <p>Artistic practice, long-form research, biographical note.<\/p>\n    <\/a>\n\n    <a class=\"hub-card\" href=\"https:\/\/burakbulut.org\/ru\/cv\/\">\n      <h2>CV<\/h2>\n      <p>Exhibitions, curatorial projects, awards, affiliations.<\/p>\n    <\/a>\n\n    <a class=\"hub-card\" href=\"https:\/\/burakbulut.org\/ru\/editions\/\">\n      <h2>\u0418\u0437\u0434\u0430\u043d\u0438\u044f<\/h2>\n      <p>Limited edition archival prints. Collector information.<\/p>\n    <\/a>\n\n    <a class=\"hub-card\" href=\"https:\/\/burakbulut.org\/ru\/texts-press\/\">\n      <h2>Texts & Press<\/h2>\n      <p>Critical texts, reviews, interviews, publications.<\/p>\n    <\/a>\n  <\/section>\n\n  <section class=\"contact-block\">\n    <p>\n      Studio:\n      <a href=\"mailto:studio@burakbulut.org\">studio@burakbulut.org<\/a>\n      \u00b7\n      Prints:\n      <a href=\"mailto:print@burakbulut.org\">print@burakbulut.org<\/a>\n    <\/p>\n  <\/section>\n<\/article><\/div><\/div><\/div><\/div>","protected":false},"excerpt":{"rendered":"","protected":false},"author":1,"featured_media":0,"parent":0,"menu_order":0,"comment_status":"closed","ping_status":"closed","template":"","meta":{"footnotes":""},"class_list":["post-2069","page","type-page","status-publish","hentry"],"_links":{"self":[{"href":"https:\/\/burakbulut.org\/ru\/wp-json\/wp\/v2\/pages\/2069","targetHints":{"allow":["GET"]}}],"collection":[{"href":"https:\/\/burakbulut.org\/ru\/wp-json\/wp\/v2\/pages"}],"about":[{"href":"https:\/\/burakbulut.org\/ru\/wp-json\/wp\/v2\/types\/page"}],"author":[{"embeddable":true,"href":"https:\/\/burakbulut.org\/ru\/wp-json\/wp\/v2\/users\/1"}],"replies":[{"embeddable":true,"href":"https:\/\/burakbulut.org\/ru\/wp-json\/wp\/v2\/comments?post=2069"}],"version-history":[{"count":4,"href":"https:\/\/burakbulut.org\/ru\/wp-json\/wp\/v2\/pages\/2069\/revisions"}],"predecessor-version":[{"id":2151,"href":"https:\/\/burakbulut.org\/ru\/wp-json\/wp\/v2\/pages\/2069\/revisions\/2151"}],"wp:attachment":[{"href":"https:\/\/burakbulut.org\/ru\/wp-json\/wp\/v2\/media?parent=2069"}],"curies":[{"name":"wp","href":"https:\/\/api.w.org\/{rel}","templated":true}]}}