{"id":721,"date":"2020-05-28T11:38:34","date_gmt":"2020-05-28T11:38:34","guid":{"rendered":"https:\/\/burakbulut.org\/?page_id=721"},"modified":"2026-05-01T22:03:05","modified_gmt":"2026-05-01T20:03:05","slug":"ana-sayfa","status":"publish","type":"page","link":"https:\/\/burakbulut.org\/tr\/","title":{"rendered":"G\u00fczel Sanatlar Foto\u011fraf\u00e7\u0131l\u0131\u011f\u0131 - Burak Bulut Y\u0131ld\u0131r\u0131m"},"content":{"rendered":"<div class=\"fusion-fullwidth fullwidth-box fusion-builder-row-1 fusion-flex-container has-pattern-background has-mask-background nonhundred-percent-fullwidth non-hundred-percent-height-scrolling\" style=\"--awb-border-radius-top-left:0px;--awb-border-radius-top-right:0px;--awb-border-radius-bottom-right:0px;--awb-border-radius-bottom-left:0px;--awb-flex-wrap:wrap;\" ><div class=\"fusion-builder-row fusion-row fusion-flex-align-items-flex-start fusion-flex-content-wrap\" style=\"max-width:1248px;margin-left: calc(-4% \/ 2 );margin-right: calc(-4% \/ 2 );\"><div class=\"fusion-layout-column fusion_builder_column fusion-builder-column-0 fusion_builder_column_1_1 1_1 fusion-flex-column\" style=\"--awb-bg-size:cover;--awb-width-large:100%;--awb-margin-top-large:0px;--awb-spacing-right-large:1.92%;--awb-margin-bottom-large:20px;--awb-spacing-left-large:1.92%;--awb-width-medium:100%;--awb-order-medium:0;--awb-spacing-right-medium:1.92%;--awb-spacing-left-medium:1.92%;--awb-width-small:100%;--awb-order-small:0;--awb-spacing-right-small:1.92%;--awb-spacing-left-small:1.92%;\" data-scroll-devices=\"small-visibility,medium-visibility,large-visibility\"><div class=\"fusion-column-wrapper fusion-column-has-shadow fusion-flex-justify-content-flex-start fusion-content-layout-column\"><div class=\"homepage\">\n\n  <div class=\"homepage-hero\">\n    <p class=\"hero-kicker\">Berlin - G\u00fczel Sanatlar Foto\u011fraf\u00e7\u0131l\u0131\u011f\u0131<\/p>\n\n    <h1>Burak Bulut Y\u0131ld\u0131r\u0131m<\/h1>\n<div class=\"hero-manifesto\">\n  <p>\n  Yirmi y\u0131l\u0131 a\u015fk\u0131n bir s\u00fcredir \u0131\u015f\u0131k, zaman ve malzeme arac\u0131l\u0131\u011f\u0131yla bedeni foto\u011fraflad\u0131m.\n<\/p>\n\n<p>\n  G\u00f6r\u00fcnt\u00fc odada ba\u015flar: bir beden, bir y\u00fczey, bir \u0131\u015f\u0131k kayna\u011f\u0131 ve bunlar\u0131n bulu\u015fmas\u0131 i\u00e7in gereken zamanla. Dijital ara\u00e7lar son a\u015famaya aittir; foto\u011fraf, kamera \u00f6n\u00fcndeki fiziksel bir kar\u015f\u0131la\u015fmadan do\u011far.\n<\/p>\n<\/div>\n\n    <div class=\"hero-meta\">\n      <a class=\"hero-meta-link\" href=\"https:\/\/burakbulut.org\/tr\/biyo-beyan\/\">Biyografi &amp; A\u00e7\u0131klama<\/a>\n      <span class=\"hero-meta-sep\">\u00b7<\/span>\n      <a class=\"hero-meta-link\" href=\"https:\/\/burakbulut.org\/tr\/cv\/\">CV<\/a>\n      <span class=\"hero-meta-sep\">\u00b7<\/span>\n      <a class=\"hero-meta-link\" href=\"https:\/\/burakbulut.org\/tr\/baskilar\/\">Edisyonlar<\/a>\n      <span class=\"hero-meta-sep\">\u00b7<\/span>\n      <a class=\"hero-meta-link\" href=\"https:\/\/burakbulut.org\/tr\/basin-metinleri\/\">Metinler &amp; Bas\u0131n<\/a>\n    <\/div>\n  <\/div>\n\n  <!-- ==== PROJECTS GRID ==== -->\n  <div class=\"projects-section\">\n    <div class=\"section-header\">\n      <h2>Projeler<\/h2>\n    <\/div>\n\n    <div class=\"project-grid\">\n\n      <div class=\"project-card\">\n        <a class=\"project-image-link\" href=\"https:\/\/burakbulut.org\/tr\/bakislar-tarafindan-carpitilmis\/\">\n          <div class=\"project-image\">\n            <img class=\"lazyload\" decoding=\"async\" src=\"data:image\/svg+xml,%3Csvg%20xmlns%3D%27http%3A%2F%2Fwww.w3.org%2F2000%2Fsvg%27%20width%3D%271333%27%20height%3D%272000%27%20viewBox%3D%270%200%201333%202000%27%3E%3Crect%20width%3D%271333%27%20height%3D%272000%27%20fill-opacity%3D%220%22%2F%3E%3C%2Fsvg%3E\" data-orig-src=\"https:\/\/burakbulut.org\/wp-content\/uploads\/2025\/02\/Dysmorphia-2024-1.webp\" alt=\"Chimera - hasarl\u0131 ayna arac\u0131l\u0131\u011f\u0131yla \u00e7arp\u0131t\u0131lm\u0131\u015f form\" \/>\n          <\/div>\n        <\/a>\n        <h3><a class=\"project-title-link\" href=\"https:\/\/burakbulut.org\/tr\/bakislar-tarafindan-carpitilmis\/\">Chimera<\/a><\/h3>\n        <div class=\"project-tag\">Yans\u0131t\u0131lm\u0131\u015f, k\u0131r\u0131lm\u0131\u015f, yeniden bi\u00e7imlendirilmi\u015f. Alt serileri i\u00e7erir <em>Dismorfi<\/em>.<\/div>\n      <\/div>\n\n      <div class=\"project-card\">\n        <a class=\"project-image-link\" href=\"https:\/\/burakbulut.org\/tr\/unnude\/\">\n          <div class=\"project-image\">\n            <img class=\"lazyload\" decoding=\"async\" src=\"data:image\/svg+xml,%3Csvg%20xmlns%3D%27http%3A%2F%2Fwww.w3.org%2F2000%2Fsvg%27%20width%3D%272000%27%20height%3D%271500%27%20viewBox%3D%270%200%202000%201500%27%3E%3Crect%20width%3D%272000%27%20height%3D%271500%27%20fill-opacity%3D%220%22%2F%3E%3C%2Fsvg%3E\" data-orig-src=\"https:\/\/burakbulut.org\/wp-content\/uploads\/2025\/02\/UnNUde-2-2017.webp\" alt=\"UnNude - heykelsi fig\u00fcr \u00e7al\u0131\u015fmas\u0131\" \/>\n          <\/div>\n        <\/a>\n        <h3><a class=\"project-title-link\" href=\"https:\/\/burakbulut.org\/tr\/unnude\/\">UnNude<\/a><\/h3>\n        <div class=\"project-tag\">Heykelsi geometri olarak beden.<\/div>\n      <\/div>\n\n      <div class=\"project-card\">\n        <a class=\"project-image-link\" href=\"https:\/\/burakbulut.org\/tr\/siyah-isik\/\">\n          <div class=\"project-image\">\n            <img class=\"lazyload\" decoding=\"async\" src=\"data:image\/svg+xml,%3Csvg%20xmlns%3D%27http%3A%2F%2Fwww.w3.org%2F2000%2Fsvg%27%20width%3D%271500%27%20height%3D%271001%27%20viewBox%3D%270%200%201500%201001%27%3E%3Crect%20width%3D%271500%27%20height%3D%271001%27%20fill-opacity%3D%220%22%2F%3E%3C%2Fsvg%3E\" data-orig-src=\"https:\/\/burakbulut.org\/wp-content\/uploads\/2020\/05\/BurakBulut-Black_Light_UV-18.jpg\" alt=\"Lucida - ultraviyole \u0131\u015f\u0131k alt\u0131nda v\u00fccut\" \/>\n          <\/div>\n        <\/a>\n        <h3><a class=\"project-title-link\" href=\"https:\/\/burakbulut.org\/tr\/siyah-isik\/\">Lucida<\/a><\/h3>\n        <div class=\"project-tag\">Siyah \u0131\u015f\u0131k alt\u0131nda v\u00fccut parlamaya ba\u015flar.<\/div>\n      <\/div>\n\n      <div class=\"project-card\">\n        <a class=\"project-image-link\" href=\"https:\/\/burakbulut.org\/tr\/ekoton\/\">\n          <div class=\"project-image\">\n            <img class=\"lazyload\" decoding=\"async\" src=\"data:image\/svg+xml,%3Csvg%20xmlns%3D%27http%3A%2F%2Fwww.w3.org%2F2000%2Fsvg%27%20width%3D%272000%27%20height%3D%271333%27%20viewBox%3D%270%200%202000%201333%27%3E%3Crect%20width%3D%272000%27%20height%3D%271333%27%20fill-opacity%3D%220%22%2F%3E%3C%2Fsvg%3E\" data-orig-src=\"https:\/\/burakbulut.org\/wp-content\/uploads\/2025\/04\/DSC03289-2.webp\" alt=\"Ekoton - su taraf\u0131ndan yapraklar aras\u0131nda \u015fekil\" \/>\n          <\/div>\n        <\/a>\n        <h3><a class=\"project-title-link\" href=\"https:\/\/burakbulut.org\/tr\/ekoton\/\">Ekoton<\/a><\/h3>\n        <div class=\"project-tag\">Derinin toprakla bulu\u015ftu\u011fu yer. Alt serileri i\u00e7erir <em>Her \u015eey Uzaktayken Sadece Sen Yak\u0131ns\u0131n<\/em>.<\/div>\n      <\/div>\n\n      <div class=\"project-card\">\n        <a class=\"project-image-link\" href=\"https:\/\/burakbulut.org\/tr\/antemortem\/\">\n          <div class=\"project-image\">\n            <img class=\"lazyload\" decoding=\"async\" src=\"data:image\/svg+xml,%3Csvg%20xmlns%3D%27http%3A%2F%2Fwww.w3.org%2F2000%2Fsvg%27%20width%3D%271500%27%20height%3D%271001%27%20viewBox%3D%270%200%201500%201001%27%3E%3Crect%20width%3D%271500%27%20height%3D%271001%27%20fill-opacity%3D%220%22%2F%3E%3C%2Fsvg%3E\" data-orig-src=\"https:\/\/burakbulut.org\/wp-content\/uploads\/2025\/02\/antemortem-3.webp\" alt=\"Antemortem - lo\u015f i\u00e7 mekanda fig\u00fcr\" \/>\n          <\/div>\n        <\/a>\n        <h3><a class=\"project-title-link\" href=\"https:\/\/burakbulut.org\/tr\/antemortem\/\">Antemortem<\/a><\/h3>\n        <div class=\"project-tag\">Sessizli\u011fe g\u00f6m\u00fclmeden \u00f6nceki beden.<\/div>\n      <\/div>\n\n      <div class=\"project-card\">\n        <a class=\"project-image-link\" href=\"https:\/\/burakbulut.org\/tr\/melankoli\/\">\n          <div class=\"project-image\">\n            <img class=\"lazyload\" decoding=\"async\" src=\"data:image\/svg+xml,%3Csvg%20xmlns%3D%27http%3A%2F%2Fwww.w3.org%2F2000%2Fsvg%27%20width%3D%272500%27%20height%3D%271668%27%20viewBox%3D%270%200%202500%201668%27%3E%3Crect%20width%3D%272500%27%20height%3D%271668%27%20fill-opacity%3D%220%22%2F%3E%3C%2Fsvg%3E\" data-orig-src=\"https:\/\/burakbulut.org\/wp-content\/uploads\/2025\/02\/DSC05737.jpg\" alt=\"Melankoli - piyanoya yaslanm\u0131\u015f fig\u00fcr\" \/>\n          <\/div>\n        <\/a>\n        <h3><a class=\"project-title-link\" href=\"https:\/\/burakbulut.org\/tr\/melankoli\/\">Melankoli<\/a><\/h3>\n        <div class=\"project-tag\">Bir ba\u011f\u0131r\u0131\u015f de\u011fil, bir oyalanma. Nefes \u00e7ok uzun tutuldu.<\/div>\n      <\/div>\n\n      <div class=\"project-card\">\n        <a class=\"project-image-link\" href=\"https:\/\/burakbulut.org\/tr\/mahremiyetin-mimarisi\/\">\n          <div class=\"project-image\">\n            <img class=\"lazyload\" decoding=\"async\" src=\"data:image\/svg+xml,%3Csvg%20xmlns%3D%27http%3A%2F%2Fwww.w3.org%2F2000%2Fsvg%27%20width%3D%272000%27%20height%3D%271333%27%20viewBox%3D%270%200%202000%201333%27%3E%3Crect%20width%3D%272000%27%20height%3D%271333%27%20fill-opacity%3D%220%22%2F%3E%3C%2Fsvg%3E\" data-orig-src=\"https:\/\/burakbulut.org\/wp-content\/uploads\/2019\/01\/DSC09873aa.jpg\" alt=\"Ni\u015f - k\u0131rm\u0131z\u0131 kadife kanepe \u00fczerinde fig\u00fcr\" \/>\n          <\/div>\n        <\/a>\n        <h3><a class=\"project-title-link\" href=\"https:\/\/burakbulut.org\/tr\/mahremiyetin-mimarisi\/\">Ni\u015f<\/a><\/h3>\n        <div class=\"project-tag\">Sessizli\u011fin kuma\u015fta ve nefeste yank\u0131land\u0131\u011f\u0131 hassas bir geri \u00e7ekilme.<\/div>\n      <\/div>\n\n      <div class=\"project-card\">\n        <a class=\"project-image-link\" href=\"https:\/\/burakbulut.org\/tr\/motus\/\">\n          <div class=\"project-image\">\n            <img class=\"lazyload\" decoding=\"async\" src=\"data:image\/svg+xml,%3Csvg%20xmlns%3D%27http%3A%2F%2Fwww.w3.org%2F2000%2Fsvg%27%20width%3D%27833%27%20height%3D%271247%27%20viewBox%3D%270%200%20833%201247%27%3E%3Crect%20width%3D%27833%27%20height%3D%271247%27%20fill-opacity%3D%220%22%2F%3E%3C%2Fsvg%3E\" data-orig-src=\"https:\/\/burakbulut.org\/wp-content\/uploads\/2025\/04\/BBF_0275-Kopya-copy2.webp\" alt=\"Motus - hareket halinde yakalanan fig\u00fcr\" \/>\n          <\/div>\n        <\/a>\n        <h3><a class=\"project-title-link\" href=\"https:\/\/burakbulut.org\/tr\/motus\/\">Motus<\/a><\/h3>\n        <div class=\"project-tag\">Beden s\u00fcre i\u00e7inde, donmu\u015f an i\u00e7inde de\u011fil.<\/div>\n      <\/div>\n\n      <div class=\"project-card\">\n        <a class=\"project-image-link\" href=\"https:\/\/burakbulut.org\/tr\/baska-bir-yerde\/\">\n          <div class=\"project-image\">\n            <img class=\"lazyload\" decoding=\"async\" src=\"data:image\/svg+xml,%3Csvg%20xmlns%3D%27http%3A%2F%2Fwww.w3.org%2F2000%2Fsvg%27%20width%3D%271600%27%20height%3D%271067%27%20viewBox%3D%270%200%201600%201067%27%3E%3Crect%20width%3D%271600%27%20height%3D%271067%27%20fill-opacity%3D%220%22%2F%3E%3C%2Fsvg%3E\" data-orig-src=\"https:\/\/burakbulut.org\/wp-content\/uploads\/2025\/04\/DSC02142_1.webp\" alt=\"Ba\u015fka bir yerde - pastel sokakta fig\u00fcr\" \/>\n          <\/div>\n        <\/a>\n        <h3><a class=\"project-title-link\" href=\"https:\/\/burakbulut.org\/tr\/baska-bir-yerde\/\">Ba\u015fka bir yerde<\/a><\/h3>\n        <div class=\"project-tag\">\u015eehrin g\u00f6lgelerindeki beden. Fark edilmeden, durdurulmadan.<\/div>\n      <\/div>\n\n      <div class=\"project-card\">\n        <a class=\"project-image-link\" href=\"https:\/\/burakbulut.org\/tr\/aceleyle\/\">\n          <div class=\"project-image\">\n            <img class=\"lazyload\" decoding=\"async\" src=\"data:image\/svg+xml,%3Csvg%20xmlns%3D%27http%3A%2F%2Fwww.w3.org%2F2000%2Fsvg%27%20width%3D%27500%27%20height%3D%27636%27%20viewBox%3D%270%200%20500%20636%27%3E%3Crect%20width%3D%27500%27%20height%3D%27636%27%20fill-opacity%3D%220%22%2F%3E%3C%2Fsvg%3E\" data-orig-src=\"https:\/\/burakbulut.org\/wp-content\/uploads\/2020\/05\/Kentte-bale-zerafeti-Hayat-Haberleri-Radikal.jpg\" alt=\"In Haste - kentsel mimaride balet\" \/>\n          <\/div>\n        <\/a>\n        <h3><a class=\"project-title-link\" href=\"https:\/\/burakbulut.org\/tr\/aceleyle\/\">Aceleyle<\/a><\/h3>\n        <div class=\"project-tag\">Dans\u00e7\u0131lar \u015fehrin i\u00e7inden ge\u00e7er. Ge\u00e7ici mimari olarak beden.<\/div>\n      <\/div>\n\n      <div class=\"project-card\">\n        <a class=\"project-image-link\" href=\"https:\/\/burakbulut.org\/tr\/arzulamak\/\">\n          <div class=\"project-image\">\n            <img class=\"lazyload\" decoding=\"async\" src=\"data:image\/svg+xml,%3Csvg%20xmlns%3D%27http%3A%2F%2Fwww.w3.org%2F2000%2Fsvg%27%20width%3D%27800%27%20height%3D%271200%27%20viewBox%3D%270%200%20800%201200%27%3E%3Crect%20width%3D%27800%27%20height%3D%271200%27%20fill-opacity%3D%220%22%2F%3E%3C%2Fsvg%3E\" data-orig-src=\"https:\/\/burakbulut.org\/wp-content\/uploads\/2017\/07\/tumblr_o0ma577H0p1rhgckuo3_1280.jpg\" alt=\"Crave - duman i\u00e7inde siluet halinde kucakla\u015fan fig\u00fcrler\" \/>\n          <\/div>\n        <\/a>\n        <h3><a class=\"project-title-link\" href=\"https:\/\/burakbulut.org\/tr\/arzulamak\/\">Crave<\/a><\/h3>\n        <div class=\"project-tag\">Arzu renklerle konu\u015fur, s\u0131cakl\u0131k ve a\u00e7l\u0131k aras\u0131nda.<\/div>\n      <\/div>\n\n      <div class=\"project-card\">\n        <a class=\"project-image-link\" href=\"https:\/\/burakbulut.org\/tr\/fotograflar\/\">\n          <div class=\"project-image\">\n            <img class=\"lazyload\" decoding=\"async\" src=\"data:image\/svg+xml,%3Csvg%20xmlns%3D%27http%3A%2F%2Fwww.w3.org%2F2000%2Fsvg%27%20width%3D%271280%27%20height%3D%271240%27%20viewBox%3D%270%200%201280%201240%27%3E%3Crect%20width%3D%271280%27%20height%3D%271240%27%20fill-opacity%3D%220%22%2F%3E%3C%2Fsvg%3E\" data-orig-src=\"https:\/\/burakbulut.org\/wp-content\/uploads\/2025\/12\/From-the-series-Stills-BurakBulutYildirim.webp\" alt=\"Stills - nesnelere do\u011fa\u00e7lama tepki veren dans\u00e7\u0131lar\" \/>\n          <\/div>\n        <\/a>\n        <h3><a class=\"project-title-link\" href=\"https:\/\/burakbulut.org\/tr\/fotograflar\/\">Stills<\/a><\/h3>\n        <div class=\"project-tag\">G\u00fcndelik nesneler, do\u011fa\u00e7lama bedenler. Hissedilen bir kar\u015f\u0131la\u015fman\u0131n izi.<\/div>\n      <\/div>\n\n    <\/div>\n  <\/div>\n\n  <!-- ==== CURATORIAL PROJECTS ==== -->\n  <div class=\"curatorial-section\">\n    <div class=\"section-header\">\n      <h2>K\u00fcrat\u00f6ryel Projeler<\/h2>\n      <p class=\"section-description\">Ki\u015fisel prati\u011fin yan\u0131 s\u0131ra geli\u015fen grup sergileri ve kolektif projeler, \u0130stanbullu foto\u011fraf\u00e7\u0131lar\u0131 uluslararas\u0131 platformlara ta\u015f\u0131d\u0131.<\/p>\n    <\/div>\n\n    <div class=\"curatorial-grid\">\n\n      <div class=\"curatorial-card curatorial-card--primary\">\n        <a class=\"project-image-link\" href=\"https:\/\/burakbulut.org\/tr\/i%cc%87stanbulun-nuleri%cc%87\/\">\n          <div class=\"project-image\">\n            <img class=\"lazyload\" decoding=\"async\" src=\"data:image\/svg+xml,%3Csvg%20xmlns%3D%27http%3A%2F%2Fwww.w3.org%2F2000%2Fsvg%27%20width%3D%271500%27%20height%3D%271876%27%20viewBox%3D%270%200%201500%201876%27%3E%3Crect%20width%3D%271500%27%20height%3D%271876%27%20fill-opacity%3D%220%22%2F%3E%3C%2Fsvg%3E\" data-orig-src=\"https:\/\/burakbulut.org\/wp-content\/uploads\/2026\/04\/nudes-of-istanbul.webp\" alt=\"\u0130stanbul&#039;un \u00c7\u0131plaklar\u0131 sergisi\" \/>\n          <\/div>\n        <\/a>\n        <div class=\"curatorial-year\">Yakla\u015f\u0131yor - Temmuz 2026<\/div>\n        <h3><a class=\"project-title-link\" href=\"https:\/\/burakbulut.org\/tr\/i%cc%87stanbulun-nuleri%cc%87\/\">\u0130stanbul'un \u00c7\u0131plaklar\u0131<\/a><\/h3>\n        <div class=\"curatorial-tag\">Die Akt Galerie, Berlin. \u0130stanbul'dan 14 foto\u011fraf\u00e7\u0131. Tek k\u00fcrat\u00f6r.<\/div>\n      <\/div>\n\n      <div class=\"curatorial-card\">\n        <a class=\"project-image-link\" href=\"https:\/\/burakbulut.org\/tr\/landsnude\/\">\n          <div class=\"project-image\">\n            <img class=\"lazyload\" decoding=\"async\" src=\"data:image\/svg+xml,%3Csvg%20xmlns%3D%27http%3A%2F%2Fwww.w3.org%2F2000%2Fsvg%27%20width%3D%27640%27%20height%3D%27422%27%20viewBox%3D%270%200%20640%20422%27%3E%3Crect%20width%3D%27640%27%20height%3D%27422%27%20fill-opacity%3D%220%22%2F%3E%3C%2Fsvg%3E\" data-orig-src=\"https:\/\/burakbulut.org\/wp-content\/uploads\/2017\/07\/409_10860207_1540601109560016_1265985880_n-e1499546716759.jpg\" alt=\"LandsNude sergisi\" \/>\n          <\/div>\n        <\/a>\n        <div class=\"curatorial-year\">2015<\/div>\n        <h3><a class=\"project-title-link\" href=\"https:\/\/burakbulut.org\/tr\/landsnude\/\">LandsNude<\/a><\/h3>\n        <div class=\"curatorial-tag\">Artcore Galeri, Selanik. 8 foto\u011fraf\u00e7\u0131. K\u00fcrat\u00f6r ve kat\u0131l\u0131mc\u0131.<\/div>\n      <\/div>\n\n    <\/div>\n  <\/div>\n\n  <!-- ==== CREDENTIALS ==== -->\n  <div class=\"homepage-credentials\">\n    <ul class=\"credentials-list\">\n      <li>Berlin'de ya\u015fayan foto\u011fraf\u00e7\u0131 ve k\u00fcrat\u00f6r, 2005'ten beri \u00e7al\u0131\u015f\u0131yor<\/li>\n      <li>Sony Avrupa G\u00f6r\u00fcnt\u00fcleme El\u00e7isi, 2018-2026<\/li>\n      <li>\u00dcye, Alman Portre Foto\u011fraf\u00e7\u0131l\u0131\u011f\u0131 Toplulu\u011fu (BPP)<\/li>\n      <li>Holder, Uluslararas\u0131 Sanat\u00e7\u0131 Kart\u0131, IGBK<\/li>\n    <\/ul>\n\n    <div class=\"credentials-contact\">\n      Sorular\u0131n\u0131z i\u00e7in: <a href=\"mailto:info@burakbulut.info\">info@burakbulut.info<\/a> -\n      Bas\u0131l\u0131 sat\u0131\u015flar: <a href=\"mailto:print@burakbulut.org\">print@burakbulut.org<\/a>\n    <\/div>\n  <\/div>\n\n<\/div><\/div><\/div><\/div><\/div>","protected":false},"excerpt":{"rendered":"","protected":false},"author":1,"featured_media":722,"parent":0,"menu_order":0,"comment_status":"closed","ping_status":"closed","template":"100-width.php","meta":{"footnotes":""},"class_list":["post-721","page","type-page","status-publish","has-post-thumbnail","hentry"],"_links":{"self":[{"href":"https:\/\/burakbulut.org\/tr\/wp-json\/wp\/v2\/pages\/721","targetHints":{"allow":["GET"]}}],"collection":[{"href":"https:\/\/burakbulut.org\/tr\/wp-json\/wp\/v2\/pages"}],"about":[{"href":"https:\/\/burakbulut.org\/tr\/wp-json\/wp\/v2\/types\/page"}],"author":[{"embeddable":true,"href":"https:\/\/burakbulut.org\/tr\/wp-json\/wp\/v2\/users\/1"}],"replies":[{"embeddable":true,"href":"https:\/\/burakbulut.org\/tr\/wp-json\/wp\/v2\/comments?post=721"}],"version-history":[{"count":16,"href":"https:\/\/burakbulut.org\/tr\/wp-json\/wp\/v2\/pages\/721\/revisions"}],"predecessor-version":[{"id":2186,"href":"https:\/\/burakbulut.org\/tr\/wp-json\/wp\/v2\/pages\/721\/revisions\/2186"}],"wp:featuredmedia":[{"embeddable":true,"href":"https:\/\/burakbulut.org\/tr\/wp-json\/wp\/v2\/media\/722"}],"wp:attachment":[{"href":"https:\/\/burakbulut.org\/tr\/wp-json\/wp\/v2\/media?parent=721"}],"curies":[{"name":"wp","href":"https:\/\/api.w.org\/{rel}","templated":true}]}}