{"id":998,"date":"2024-09-28T11:14:20","date_gmt":"2024-09-28T08:14:20","guid":{"rendered":"https:\/\/burakbulut.org\/?page_id=998"},"modified":"2025-04-17T12:28:45","modified_gmt":"2025-04-17T10:28:45","slug":"atolye-calismalari-egitim","status":"publish","type":"page","link":"https:\/\/burakbulut.org\/tr\/workshops-education\/","title":{"rendered":"At\u00f6lye \u00c7al\u0131\u015fmalar\u0131 &amp; E\u011fitim"},"content":{"rendered":"<div class=\"fusion-fullwidth fullwidth-box fusion-builder-row-1 fusion-flex-container nonhundred-percent-fullwidth non-hundred-percent-height-scrolling\" style=\"--awb-border-radius-top-left:0px;--awb-border-radius-top-right:0px;--awb-border-radius-bottom-right:0px;--awb-border-radius-bottom-left:0px;--awb-flex-wrap:wrap;\" ><div class=\"fusion-builder-row fusion-row fusion-flex-align-items-flex-start fusion-flex-content-wrap\" style=\"max-width:1248px;margin-left: calc(-4% \/ 2 );margin-right: calc(-4% \/ 2 );\"><div class=\"fusion-layout-column fusion_builder_column fusion-builder-column-0 fusion_builder_column_1_1 1_1 fusion-flex-column\" style=\"--awb-bg-size:cover;--awb-width-large:100%;--awb-margin-top-large:0px;--awb-spacing-right-large:1.92%;--awb-margin-bottom-large:0px;--awb-spacing-left-large:1.92%;--awb-width-medium:100%;--awb-spacing-right-medium:1.92%;--awb-spacing-left-medium:1.92%;--awb-width-small:100%;--awb-spacing-right-small:1.92%;--awb-spacing-left-small:1.92%;\"><div class=\"fusion-column-wrapper fusion-flex-justify-content-flex-start fusion-content-layout-column\"><div class=\"fusion-image-element \" style=\"--awb-caption-title-font-family:var(--h2_typography-font-family);--awb-caption-title-font-weight:var(--h2_typography-font-weight);--awb-caption-title-font-style:var(--h2_typography-font-style);--awb-caption-title-size:var(--h2_typography-font-size);--awb-caption-title-transform:var(--h2_typography-text-transform);--awb-caption-title-line-height:var(--h2_typography-line-height);--awb-caption-title-letter-spacing:var(--h2_typography-letter-spacing);\"><span class=\" fusion-imageframe imageframe-none imageframe-1 hover-type-none\"><img decoding=\"async\" width=\"600\" height=\"301\" alt=\"A photography workshop in a historic venue, featuring a presenter addressing an audience, with a model in a red dress on a white backdrop.\" title=\"Workshops &#038; Education: Sony Photography Event in Berlin Photographers engage in a workshop featuring a model on stage.\" src=\"https:\/\/burakbulut.org\/wp-content\/uploads\/2024\/10\/Sony-4.webp\" data-orig-src=\"https:\/\/burakbulut.org\/wp-content\/uploads\/2024\/10\/Sony-4-600x301.webp\" class=\"lazyload img-responsive wp-image-1034\" srcset=\"data:image\/svg+xml,%3Csvg%20xmlns%3D%27http%3A%2F%2Fwww.w3.org%2F2000%2Fsvg%27%20width%3D%272000%27%20height%3D%271003%27%20viewBox%3D%270%200%202000%201003%27%3E%3Crect%20width%3D%272000%27%20height%3D%271003%27%20fill-opacity%3D%220%22%2F%3E%3C%2Fsvg%3E\" data-srcset=\"https:\/\/burakbulut.org\/wp-content\/uploads\/2024\/10\/Sony-4-200x100.webp 200w, https:\/\/burakbulut.org\/wp-content\/uploads\/2024\/10\/Sony-4-400x201.webp 400w, https:\/\/burakbulut.org\/wp-content\/uploads\/2024\/10\/Sony-4-600x301.webp 600w, https:\/\/burakbulut.org\/wp-content\/uploads\/2024\/10\/Sony-4-800x401.webp 800w, https:\/\/burakbulut.org\/wp-content\/uploads\/2024\/10\/Sony-4-1200x602.webp 1200w\" data-sizes=\"auto\" data-orig-sizes=\"(max-width: 640px) 100vw, 1200px\" \/><\/span><\/div><div class=\"fusion-text fusion-text-1\"><hr \/>\n<h4>All content below is at this link: <strong>&gt; <span style=\"color: #800080;\"><a style=\"color: #800080;\" href=\"https:\/\/burakbulut.info\/photography-workshops-courses\/\" target=\"_blank\" rel=\"noopener nofollow\" data-schema-attribute=\"mentions\">https:\/\/burakbulut.info\/photography-workshops-courses\/ <\/a><\/span>&lt;<\/strong><\/h4>\n<ul>\n<li>\n<h3><a href=\"https:\/\/burakbulut.info\/photography-workshops-courses\/\" target=\"_blank\" rel=\"noopener nofollow\" data-schema-attribute=\"mentions\"><strong>Artistic Photography Workshops<\/strong><\/a><\/h3>\n<ul>\n<li>\n<h4>Ballet and Dance Photography<\/h4>\n<\/li>\n<li>\n<h4><strong><a href=\"https:\/\/nudeartworkshops.com\/\" target=\"_blank\" rel=\"noopener nofollow\">Fine Art Nude Photography (<span style=\"color: #800080;\">Nudeartworkshops.com<\/span>)<\/a><\/strong><\/h4>\n<\/li>\n<li>\n<h4>Conceptual Photography<\/h4>\n<\/li>\n<li>\n<h4>Workshop Schedule<\/h4>\n<\/li>\n<li>\n<h4>Registration Form<\/h4>\n<\/li>\n<\/ul>\n<\/li>\n<\/ul>\n<hr \/>\n<h4>All content below is at this link:<strong>&gt;<a href=\"https:\/\/burakbulut.info\/seminar-and-talks\/\" data-schema-attribute=\"mentions\" rel=\"nofollow noopener\" target=\"_blank\"><span style=\"color: #800080;\">https:\/\/burakbulut.info\/seminar-and-talks\/<\/span><\/a><\/strong><\/h4>\n<ul>\n<li>\n<h3><a href=\"https:\/\/burakbulut.info\/seminar-and-talks\/\" target=\"_blank\" rel=\"noopener nofollow\" data-schema-attribute=\"mentions\"><strong>Seminars &amp; Talks<\/strong><\/a><\/h3>\n<\/li>\n<li style=\"list-style-type: none;\">\n<ul>\n<li>\n<h4>Upcoming Events<\/h4>\n<\/li>\n<li>\n<h4>Archive of Past Events<\/h4>\n<\/li>\n<li>\n<h4>Lecture Topics<\/h4>\n<\/li>\n<li>\n<h4>Invitation Request Form<\/h4>\n<\/li>\n<\/ul>\n<\/li>\n<\/ul>\n<\/div><div class=\"awb-gallery-wrapper awb-gallery-wrapper-1 button-span-no\" style=\"--more-btn-alignment:center;\"><div style=\"margin:-5px;--awb-bordersize:0px;\" class=\"fusion-gallery fusion-gallery-container fusion-grid-3 fusion-columns-total-5 fusion-gallery-layout-masonry fusion-gallery-1\"><div class=\"fusion-grid-column fusion-gallery-column fusion-gallery-column-3 hover-type-none fusion-grid-sizer\"><\/div><div style=\"padding:5px;\" class=\"fusion-grid-column fusion-gallery-column fusion-gallery-column-3 hover-type-none fusion-element-grid\"><div class=\"fusion-gallery-image\"><a href=\"https:\/\/burakbulut.org\/wp-content\/uploads\/2024\/10\/2022-12-08.webp\" rel=\"noreferrer\" data-rel=\"iLightbox[gallery_image_1]\" class=\"fusion-lightbox\" target=\"_self\"><div style=\"padding-top:calc((100% + 10px) * 0.8 - 5px);background-position:;\" class=\"fusion-masonry-element-container lazyload\" data-bg=\"https:\/\/burakbulut.org\/wp-content\/uploads\/2024\/10\/2022-12-08.webp\"><img decoding=\"async\" src=\"https:\/\/burakbulut.org\/wp-content\/uploads\/2024\/10\/2022-12-08.webp\" data-orig-src=\"https:\/\/burakbulut.org\/wp-content\/uploads\/2024\/10\/2022-12-08.webp\" width=\"640\" height=\"640\" alt=\"Collage of event photos: a colorful poster, group portraits, and a speaker addressing an audience in an auditorium.\" title=\"Workshops and Education Event Highlights in Berlin Image summary: A collage showcasing a photography event, featuring speakers and participants.\" aria-label=\"Workshops and Education Event Highlights in Berlin Image summary: A collage showcasing a photography event, featuring speakers and participants.\" class=\"lazyload img-responsive wp-image-1031\" srcset=\"data:image\/svg+xml,%3Csvg%20xmlns%3D%27http%3A%2F%2Fwww.w3.org%2F2000%2Fsvg%27%20width%3D%27640%27%20height%3D%27640%27%20viewBox%3D%270%200%20640%20640%27%3E%3Crect%20width%3D%27640%27%20height%3D%27640%27%20fill-opacity%3D%220%22%2F%3E%3C%2Fsvg%3E\" data-srcset=\"https:\/\/burakbulut.org\/wp-content\/uploads\/2024\/10\/2022-12-08-200x200.webp 200w, https:\/\/burakbulut.org\/wp-content\/uploads\/2024\/10\/2022-12-08-400x400.webp 400w, https:\/\/burakbulut.org\/wp-content\/uploads\/2024\/10\/2022-12-08-600x600.webp 600w, https:\/\/burakbulut.org\/wp-content\/uploads\/2024\/10\/2022-12-08.webp 640w\" data-sizes=\"auto\" data-orig-sizes=\"(min-width: 2200px) 100vw, (min-width: 784px) 397px, (min-width: 712px) 595px, (min-width: 640px) 712px, \" \/><\/div><\/a><\/div><\/div><div style=\"padding:5px;\" class=\"fusion-grid-column fusion-gallery-column fusion-gallery-column-3 hover-type-none fusion-element-grid\"><div class=\"fusion-gallery-image\"><a href=\"https:\/\/burakbulut.org\/wp-content\/uploads\/2024\/10\/49356883_1677717042374845_7070236082337100165_n.webp\" rel=\"noreferrer\" data-rel=\"iLightbox[gallery_image_1]\" class=\"fusion-lightbox\" target=\"_self\"><div style=\"padding-top:calc((100% + 10px) * 0.8 - 5px);background-position:;\" class=\"fusion-masonry-element-container lazyload\" data-bg=\"https:\/\/burakbulut.org\/wp-content\/uploads\/2024\/10\/49356883_1677717042374845_7070236082337100165_n.webp\"><img decoding=\"async\" src=\"https:\/\/burakbulut.org\/wp-content\/uploads\/2024\/10\/49356883_1677717042374845_7070236082337100165_n.webp\" data-orig-src=\"https:\/\/burakbulut.org\/wp-content\/uploads\/2024\/10\/49356883_1677717042374845_7070236082337100165_n.webp\" width=\"1080\" height=\"1080\" alt=\"Portrait of Burak Bulut Y\u0131ld\u0131r\u0131m, wearing a navy blazer over a patterned shirt, holding a coffee cup against a colorful background.\" title=\"Burak Bulut Y\u0131ld\u0131r\u0131m: Photography Artist at Workshop Event Photography artist Burak Bulut Y\u0131ld\u0131r\u0131m poses with a cup in Berlin.\" aria-label=\"Burak Bulut Y\u0131ld\u0131r\u0131m: Photography Artist at Workshop Event Photography artist Burak Bulut Y\u0131ld\u0131r\u0131m poses with a cup in Berlin.\" class=\"lazyload img-responsive wp-image-1032\" srcset=\"data:image\/svg+xml,%3Csvg%20xmlns%3D%27http%3A%2F%2Fwww.w3.org%2F2000%2Fsvg%27%20width%3D%271080%27%20height%3D%271080%27%20viewBox%3D%270%200%201080%201080%27%3E%3Crect%20width%3D%271080%27%20height%3D%271080%27%20fill-opacity%3D%220%22%2F%3E%3C%2Fsvg%3E\" data-srcset=\"https:\/\/burakbulut.org\/wp-content\/uploads\/2024\/10\/49356883_1677717042374845_7070236082337100165_n-200x200.webp 200w, https:\/\/burakbulut.org\/wp-content\/uploads\/2024\/10\/49356883_1677717042374845_7070236082337100165_n-400x400.webp 400w, https:\/\/burakbulut.org\/wp-content\/uploads\/2024\/10\/49356883_1677717042374845_7070236082337100165_n-600x600.webp 600w, https:\/\/burakbulut.org\/wp-content\/uploads\/2024\/10\/49356883_1677717042374845_7070236082337100165_n-800x800.webp 800w, https:\/\/burakbulut.org\/wp-content\/uploads\/2024\/10\/49356883_1677717042374845_7070236082337100165_n.webp 1080w\" data-sizes=\"auto\" data-orig-sizes=\"(min-width: 2200px) 100vw, (min-width: 784px) 397px, (min-width: 712px) 595px, (min-width: 640px) 712px, \" \/><\/div><\/a><\/div><\/div><div style=\"padding:5px;\" class=\"fusion-grid-column fusion-gallery-column fusion-gallery-column-3 hover-type-none fusion-element-grid\"><div class=\"fusion-gallery-image\"><a href=\"https:\/\/burakbulut.org\/wp-content\/uploads\/2024\/10\/a02.webp\" rel=\"noreferrer\" data-rel=\"iLightbox[gallery_image_1]\" class=\"fusion-lightbox\" target=\"_self\"><div style=\"padding-top:calc((100% + 10px) * 0.8 - 5px);background-position:;\" class=\"fusion-masonry-element-container lazyload\" data-bg=\"https:\/\/burakbulut.org\/wp-content\/uploads\/2024\/10\/a02.webp\"><img decoding=\"async\" src=\"https:\/\/burakbulut.org\/wp-content\/uploads\/2024\/10\/a02.webp\" data-orig-src=\"https:\/\/burakbulut.org\/wp-content\/uploads\/2024\/10\/a02.webp\" width=\"1600\" height=\"1068\" alt=\"Workshop scene featuring a presenter with a camera onstage, a model in a red dress, bright lights, and an engaged audience seated around.\" title=\"&#8220;Photography Workshop with Sony: Live Demonstration in Berlin&#8221; &#8220;Live photography workshop showcasing Sony gear with a model.&#8221;\" aria-label=\"&#8220;Photography Workshop with Sony: Live Demonstration in Berlin&#8221; &#8220;Live photography workshop showcasing Sony gear with a model.&#8221;\" class=\"lazyload img-responsive wp-image-1033\" srcset=\"data:image\/svg+xml,%3Csvg%20xmlns%3D%27http%3A%2F%2Fwww.w3.org%2F2000%2Fsvg%27%20width%3D%271600%27%20height%3D%271068%27%20viewBox%3D%270%200%201600%201068%27%3E%3Crect%20width%3D%271600%27%20height%3D%271068%27%20fill-opacity%3D%220%22%2F%3E%3C%2Fsvg%3E\" data-srcset=\"https:\/\/burakbulut.org\/wp-content\/uploads\/2024\/10\/a02-200x134.webp 200w, https:\/\/burakbulut.org\/wp-content\/uploads\/2024\/10\/a02-400x267.webp 400w, https:\/\/burakbulut.org\/wp-content\/uploads\/2024\/10\/a02-600x401.webp 600w, https:\/\/burakbulut.org\/wp-content\/uploads\/2024\/10\/a02-800x534.webp 800w, https:\/\/burakbulut.org\/wp-content\/uploads\/2024\/10\/a02-1200x801.webp 1200w, https:\/\/burakbulut.org\/wp-content\/uploads\/2024\/10\/a02.webp 1600w\" data-sizes=\"auto\" data-orig-sizes=\"(min-width: 2200px) 100vw, (min-width: 784px) 397px, (min-width: 712px) 595px, (min-width: 640px) 712px, \" \/><\/div><\/a><\/div><\/div><div style=\"padding:5px;\" class=\"fusion-grid-column fusion-gallery-column fusion-gallery-column-3 hover-type-none fusion-element-landscape\"><div class=\"fusion-gallery-image\"><a href=\"https:\/\/burakbulut.org\/wp-content\/uploads\/2024\/10\/Sony-4.webp\" rel=\"noreferrer\" data-rel=\"iLightbox[gallery_image_1]\" class=\"fusion-lightbox\" target=\"_self\"><div style=\"padding-top:calc((100% + 10px) * 0.4 - 5px);background-position:;\" class=\"fusion-masonry-element-container lazyload\" data-bg=\"https:\/\/burakbulut.org\/wp-content\/uploads\/2024\/10\/Sony-4.webp\"><img decoding=\"async\" src=\"https:\/\/burakbulut.org\/wp-content\/uploads\/2024\/10\/Sony-4.webp\" data-orig-src=\"https:\/\/burakbulut.org\/wp-content\/uploads\/2024\/10\/Sony-4.webp\" width=\"2000\" height=\"1003\" alt=\"A photography workshop in a historic venue, featuring a presenter addressing an audience, with a model in a red dress on a white backdrop.\" title=\"Workshops &#038; Education: Sony Photography Event in Berlin Photographers engage in a workshop featuring a model on stage.\" aria-label=\"Workshops &#038; Education: Sony Photography Event in Berlin Photographers engage in a workshop featuring a model on stage.\" class=\"lazyload img-responsive wp-image-1034\" srcset=\"data:image\/svg+xml,%3Csvg%20xmlns%3D%27http%3A%2F%2Fwww.w3.org%2F2000%2Fsvg%27%20width%3D%272000%27%20height%3D%271003%27%20viewBox%3D%270%200%202000%201003%27%3E%3Crect%20width%3D%272000%27%20height%3D%271003%27%20fill-opacity%3D%220%22%2F%3E%3C%2Fsvg%3E\" data-srcset=\"https:\/\/burakbulut.org\/wp-content\/uploads\/2024\/10\/Sony-4-200x100.webp 200w, https:\/\/burakbulut.org\/wp-content\/uploads\/2024\/10\/Sony-4-400x201.webp 400w, https:\/\/burakbulut.org\/wp-content\/uploads\/2024\/10\/Sony-4-600x301.webp 600w, https:\/\/burakbulut.org\/wp-content\/uploads\/2024\/10\/Sony-4-800x401.webp 800w, https:\/\/burakbulut.org\/wp-content\/uploads\/2024\/10\/Sony-4-1200x602.webp 1200w, https:\/\/burakbulut.org\/wp-content\/uploads\/2024\/10\/Sony-4.webp 2000w\" data-sizes=\"auto\" data-orig-sizes=\"(min-width: 2200px) 100vw, (min-width: 640px) 1200px, \" \/><\/div><\/a><\/div><\/div><div style=\"padding:5px;\" class=\"fusion-grid-column fusion-gallery-column fusion-gallery-column-3 hover-type-none fusion-element-landscape\"><div class=\"fusion-gallery-image\"><a href=\"https:\/\/burakbulut.org\/wp-content\/uploads\/2024\/10\/Sony.webp\" rel=\"noreferrer\" data-rel=\"iLightbox[gallery_image_1]\" class=\"fusion-lightbox\" target=\"_self\"><div style=\"padding-top:calc((100% + 10px) * 0.4 - 5px);background-position:;\" class=\"fusion-masonry-element-container lazyload\" data-bg=\"https:\/\/burakbulut.org\/wp-content\/uploads\/2024\/10\/Sony.webp\"><img decoding=\"async\" src=\"https:\/\/burakbulut.org\/wp-content\/uploads\/2024\/10\/Sony.webp\" data-orig-src=\"https:\/\/burakbulut.org\/wp-content\/uploads\/2024\/10\/Sony.webp\" width=\"2000\" height=\"1021\" alt=\"Presenter in a white blazer stands on stage with a Sony backdrop, addressing an audience seated in a spacious venue.\" title=\"Sony Photography Workshop Presentation in Berlin\" aria-label=\"Sony Photography Workshop Presentation in Berlin\" class=\"lazyload img-responsive wp-image-1035\" srcset=\"data:image\/svg+xml,%3Csvg%20xmlns%3D%27http%3A%2F%2Fwww.w3.org%2F2000%2Fsvg%27%20width%3D%272000%27%20height%3D%271021%27%20viewBox%3D%270%200%202000%201021%27%3E%3Crect%20width%3D%272000%27%20height%3D%271021%27%20fill-opacity%3D%220%22%2F%3E%3C%2Fsvg%3E\" data-srcset=\"https:\/\/burakbulut.org\/wp-content\/uploads\/2024\/10\/Sony-200x102.webp 200w, https:\/\/burakbulut.org\/wp-content\/uploads\/2024\/10\/Sony-400x204.webp 400w, https:\/\/burakbulut.org\/wp-content\/uploads\/2024\/10\/Sony-600x306.webp 600w, https:\/\/burakbulut.org\/wp-content\/uploads\/2024\/10\/Sony-800x408.webp 800w, https:\/\/burakbulut.org\/wp-content\/uploads\/2024\/10\/Sony-1200x613.webp 1200w, https:\/\/burakbulut.org\/wp-content\/uploads\/2024\/10\/Sony.webp 2000w\" data-sizes=\"auto\" data-orig-sizes=\"(min-width: 2200px) 100vw, (min-width: 640px) 1200px, \" \/><\/div><\/a><\/div><\/div><\/div><\/div><\/div><\/div><\/div><\/div>\n","protected":false},"excerpt":{"rendered":"","protected":false},"author":1,"featured_media":0,"parent":0,"menu_order":0,"comment_status":"closed","ping_status":"closed","template":"","meta":{"footnotes":""},"class_list":["post-998","page","type-page","status-publish","hentry"],"_links":{"self":[{"href":"https:\/\/burakbulut.org\/tr\/wp-json\/wp\/v2\/pages\/998","targetHints":{"allow":["GET"]}}],"collection":[{"href":"https:\/\/burakbulut.org\/tr\/wp-json\/wp\/v2\/pages"}],"about":[{"href":"https:\/\/burakbulut.org\/tr\/wp-json\/wp\/v2\/types\/page"}],"author":[{"embeddable":true,"href":"https:\/\/burakbulut.org\/tr\/wp-json\/wp\/v2\/users\/1"}],"replies":[{"embeddable":true,"href":"https:\/\/burakbulut.org\/tr\/wp-json\/wp\/v2\/comments?post=998"}],"version-history":[{"count":0,"href":"https:\/\/burakbulut.org\/tr\/wp-json\/wp\/v2\/pages\/998\/revisions"}],"wp:attachment":[{"href":"https:\/\/burakbulut.org\/tr\/wp-json\/wp\/v2\/media?parent=998"}],"curies":[{"name":"wp","href":"https:\/\/api.w.org\/{rel}","templated":true}]}}