{"id":683,"date":"2020-05-24T20:46:54","date_gmt":"2020-05-24T20:46:54","guid":{"rendered":"https:\/\/burakbulut.org\/?page_id=683"},"modified":"2026-04-22T00:23:10","modified_gmt":"2026-04-21T22:23:10","slug":"%e5%85%b3%e4%ba%8e%e8%89%ba%e6%9c%af%e5%ae%b6","status":"publish","type":"page","link":"https:\/\/burakbulut.org\/zh\/aboutartist\/","title":{"rendered":"\u5173\u4e8e\u827a\u672f\u5bb6\u548c\u9650\u91cf\u7248"},"content":{"rendered":"<div class=\"fusion-fullwidth fullwidth-box fusion-builder-row-1 fusion-flex-container nonhundred-percent-fullwidth non-hundred-percent-height-scrolling\" style=\"--awb-border-radius-top-left:0px;--awb-border-radius-top-right:0px;--awb-border-radius-bottom-right:0px;--awb-border-radius-bottom-left:0px;--awb-flex-wrap:wrap;\" ><div class=\"fusion-builder-row fusion-row fusion-flex-align-items-flex-start fusion-flex-content-wrap\" style=\"max-width:1248px;margin-left: calc(-4% \/ 2 );margin-right: calc(-4% \/ 2 );\"><div class=\"fusion-layout-column fusion_builder_column fusion-builder-column-0 fusion_builder_column_1_1 1_1 fusion-flex-column\" style=\"--awb-bg-size:cover;--awb-width-large:100%;--awb-margin-top-large:0px;--awb-spacing-right-large:1.92%;--awb-margin-bottom-large:20px;--awb-spacing-left-large:1.92%;--awb-width-medium:100%;--awb-spacing-right-medium:1.92%;--awb-spacing-left-medium:1.92%;--awb-width-small:100%;--awb-spacing-right-small:1.92%;--awb-spacing-left-small:1.92%;\"><div class=\"fusion-column-wrapper fusion-column-has-shadow fusion-flex-justify-content-flex-start fusion-content-layout-column\"><article class=\"artist-page hub-page\">\n  <header>\n    <p class=\"subtitle\">\u827a\u672f\u5bb6<\/p>\n    <h1>Burak Bulut Y\u0131ld\u0131r\u0131m<\/h1>\n  <\/header>\n\n  <section class=\"hub-grid\">\n    <a class=\"hub-card\" href=\"https:\/\/burakbulut.org\/zh\/%e7%ae%80%e5%8e%86\/\">\n      <h2>\u7b80\u5386\u548c\u58f0\u660e<\/h2>\n      <p>\u827a\u672f\u5b9e\u8df5\u3001\u957f\u7bc7\u7814\u7a76\u3001\u4f20\u8bb0\u3002.<\/p>\n    <\/a>\n\n    <a class=\"hub-card\" href=\"https:\/\/burakbulut.org\/zh\/cv\/\">\n      <h2>\u7b80\u5386<\/h2>\n      <p>\u5c55\u89c8\u3001\u7b56\u5c55\u9879\u76ee\u3001\u5956\u9879\u3001\u9644\u5c5e\u673a\u6784\u3002.<\/p>\n    <\/a>\n\n    <a class=\"hub-card\" href=\"https:\/\/burakbulut.org\/zh\/%e7%89%88%e6%9c%ac\/\">\n      <h2>\u7248\u672c<\/h2>\n      <p>\u9650\u91cf\u7248\u6863\u6848\u5370\u5237\u54c1\u3002\u6536\u85cf\u8005\u4fe1\u606f.<\/p>\n    <\/a>\n\n    <a class=\"hub-card\" href=\"https:\/\/burakbulut.org\/zh\/%e6%96%87%e6%9c%ac%e6%96%b0%e9%97%bb\/\">\n      <h2>\u6587\u672c\u4e0e\u65b0\u95fb<\/h2>\n      <p>\u8bc4\u8bba\u6587\u7ae0\u3001\u8bc4\u8bba\u3001\u8bbf\u8c08\u3001\u51fa\u7248\u7269\u3002.<\/p>\n    <\/a>\n  <\/section>\n\n  <section class=\"contact-block\">\n    <p>\n      \u5de5\u4f5c\u5ba4\n      <a href=\"mailto:studio@burakbulut.org\">studio@burakbulut.org<\/a>\n      -\n      \u5370\u5237\u54c1\n      <a href=\"mailto:print@burakbulut.org\">print@burakbulut.org<\/a>\n    <\/p>\n  <\/section>\n<\/article><\/div><\/div><\/div><\/div>","protected":false},"excerpt":{"rendered":"","protected":false},"author":1,"featured_media":0,"parent":0,"menu_order":0,"comment_status":"closed","ping_status":"closed","template":"100-width.php","meta":{"footnotes":""},"class_list":["post-683","page","type-page","status-publish","hentry"],"_links":{"self":[{"href":"https:\/\/burakbulut.org\/zh\/wp-json\/wp\/v2\/pages\/683","targetHints":{"allow":["GET"]}}],"collection":[{"href":"https:\/\/burakbulut.org\/zh\/wp-json\/wp\/v2\/pages"}],"about":[{"href":"https:\/\/burakbulut.org\/zh\/wp-json\/wp\/v2\/types\/page"}],"author":[{"embeddable":true,"href":"https:\/\/burakbulut.org\/zh\/wp-json\/wp\/v2\/users\/1"}],"replies":[{"embeddable":true,"href":"https:\/\/burakbulut.org\/zh\/wp-json\/wp\/v2\/comments?post=683"}],"version-history":[{"count":13,"href":"https:\/\/burakbulut.org\/zh\/wp-json\/wp\/v2\/pages\/683\/revisions"}],"predecessor-version":[{"id":2131,"href":"https:\/\/burakbulut.org\/zh\/wp-json\/wp\/v2\/pages\/683\/revisions\/2131"}],"wp:attachment":[{"href":"https:\/\/burakbulut.org\/zh\/wp-json\/wp\/v2\/media?parent=683"}],"curies":[{"name":"wp","href":"https:\/\/api.w.org\/{rel}","templated":true}]}}