{"id":721,"date":"2020-05-28T11:38:34","date_gmt":"2020-05-28T11:38:34","guid":{"rendered":"https:\/\/burakbulut.org\/?page_id=721"},"modified":"2026-04-21T22:30:40","modified_gmt":"2026-04-21T20:30:40","slug":"%e4%b8%bb%e9%a1%b5","status":"publish","type":"page","link":"https:\/\/burakbulut.org\/zh\/","title":{"rendered":"\u7f8e\u672f\u6444\u5f71 - Burak Bulut Yildirim"},"content":{"rendered":"<div class=\"fusion-fullwidth fullwidth-box fusion-builder-row-1 fusion-flex-container has-pattern-background has-mask-background nonhundred-percent-fullwidth non-hundred-percent-height-scrolling\" style=\"--awb-border-radius-top-left:0px;--awb-border-radius-top-right:0px;--awb-border-radius-bottom-right:0px;--awb-border-radius-bottom-left:0px;--awb-flex-wrap:wrap;\" ><div class=\"fusion-builder-row fusion-row fusion-flex-align-items-flex-start fusion-flex-content-wrap\" style=\"max-width:1248px;margin-left: calc(-4% \/ 2 );margin-right: calc(-4% \/ 2 );\"><div class=\"fusion-layout-column fusion_builder_column fusion-builder-column-0 fusion_builder_column_1_1 1_1 fusion-flex-column\" style=\"--awb-bg-size:cover;--awb-width-large:100%;--awb-margin-top-large:0px;--awb-spacing-right-large:1.92%;--awb-margin-bottom-large:20px;--awb-spacing-left-large:1.92%;--awb-width-medium:100%;--awb-order-medium:0;--awb-spacing-right-medium:1.92%;--awb-spacing-left-medium:1.92%;--awb-width-small:100%;--awb-order-small:0;--awb-spacing-right-small:1.92%;--awb-spacing-left-small:1.92%;\" data-scroll-devices=\"small-visibility,medium-visibility,large-visibility\"><div class=\"fusion-column-wrapper fusion-column-has-shadow fusion-flex-justify-content-flex-start fusion-content-layout-column\"><div class=\"homepage\">\n\n  <div class=\"homepage-hero\">\n    <p class=\"hero-kicker\">\u67cf\u6797 - \u827a\u672f\u6444\u5f71<\/p>\n\n    <h1>Burak Bulut Y\u0131ld\u0131r\u0131m<\/h1>\n\n    <div class=\"hero-manifesto\">\n      <p>\u6211\u7684\u88f8\u4f53\u4f5c\u54c1\u4e0d\u662f\u4e3a\u4e86\u66b4\u9732\uff0c\u800c\u662f\u4e3a\u4e86\u6539\u53d8\u3002\u8eab\u4f53\u6210\u4e3a\u98ce\u666f\u3001\u5efa\u7b51\u3001\u5f20\u529b\u3001\u8bb0\u5fc6\u548c\u5149\u7ebf\u3002.<\/p>\n      <p>\u6211\u5e76\u4e0d\u6392\u65a5\u6570\u7801\u5de5\u5177\uff0c\u4f46\u5de5\u4f5c\u662f\u5728\u623f\u95f4\u91cc\u8fdb\u884c\u7684--\u5728\u73b0\u573a\u3001\u5728\u65f6\u95f4\u3001\u5728\u5149\u7ebf\u4e0b\uff0c\u5e76\u4e0e\u8eab\u4f53\u5408\u4f5c\u3002\u8bb0\u5f55\u7684\u5c31\u662f\u5f53\u65f6\u7684\u60c5\u666f\u3002.<\/p>\n    <\/div>\n\n    <div class=\"hero-meta\">\n      <a class=\"hero-meta-link\" href=\"https:\/\/burakbulut.org\/zh\/%e7%ae%80%e5%8e%86\/\">\u7b80\u5386\u548c\u58f0\u660e<\/a>\n      <span class=\"hero-meta-sep\">\u00b7<\/span>\n      <a class=\"hero-meta-link\" href=\"https:\/\/burakbulut.org\/zh\/cv\/\">\u7b80\u5386<\/a>\n      <span class=\"hero-meta-sep\">\u00b7<\/span>\n      <a class=\"hero-meta-link\" href=\"https:\/\/burakbulut.org\/zh\/editions\/\">\u7248\u672c<\/a>\n      <span class=\"hero-meta-sep\">\u00b7<\/span>\n      <a class=\"hero-meta-link\" href=\"https:\/\/burakbulut.org\/zh\/texts-press\/\">\u6587\u672c\u4e0e\u65b0\u95fb<\/a>\n    <\/div>\n  <\/div>\n\n  <!-- ==== PROJECTS GRID ==== -->\n  <div class=\"projects-section\">\n    <div class=\"section-header\">\n      <h2>\u9879\u76ee<\/h2>\n    <\/div>\n\n    <div class=\"project-grid\">\n\n      <div class=\"project-card\">\n        <a class=\"project-image-link\" href=\"https:\/\/burakbulut.org\/zh\/%e8%a2%ab%e5%87%9d%e8%a7%86%e6%89%ad%e6%9b%b2\/\">\n          <div class=\"project-image\">\n            <img class=\"lazyload\" decoding=\"async\" src=\"data:image\/svg+xml,%3Csvg%20xmlns%3D%27http%3A%2F%2Fwww.w3.org%2F2000%2Fsvg%27%20width%3D%271333%27%20height%3D%272000%27%20viewBox%3D%270%200%201333%202000%27%3E%3Crect%20width%3D%271333%27%20height%3D%272000%27%20fill-opacity%3D%220%22%2F%3E%3C%2Fsvg%3E\" data-orig-src=\"https:\/\/burakbulut.org\/wp-content\/uploads\/2025\/02\/Dysmorphia-2024-1.webp\" alt=\"Chimera - \u901a\u8fc7\u635f\u574f\u7684\u955c\u5b50\u53d8\u5f62\" \/>\n          <\/div>\n        <\/a>\n        <h3><a class=\"project-title-link\" href=\"https:\/\/burakbulut.org\/zh\/%e8%a2%ab%e5%87%9d%e8%a7%86%e6%89%ad%e6%9b%b2\/\">\u5947\u7f8e\u62c9<\/a><\/h3>\n        <div class=\"project-tag\">\u955c\u50cf\u3001\u65ad\u88c2\u3001\u91cd\u5851\u5305\u62ec\u5b50\u7cfb\u5217 <em>\u7578\u5f62<\/em>.<\/div>\n      <\/div>\n\n      <div class=\"project-card\">\n        <a class=\"project-image-link\" href=\"https:\/\/burakbulut.org\/zh\/%e4%b8%8d%e8%a3%b8%e4%bd%93-2\/\">\n          <div class=\"project-image\">\n            <img class=\"lazyload\" decoding=\"async\" src=\"data:image\/svg+xml,%3Csvg%20xmlns%3D%27http%3A%2F%2Fwww.w3.org%2F2000%2Fsvg%27%20width%3D%272000%27%20height%3D%271500%27%20viewBox%3D%270%200%202000%201500%27%3E%3Crect%20width%3D%272000%27%20height%3D%271500%27%20fill-opacity%3D%220%22%2F%3E%3C%2Fsvg%3E\" data-orig-src=\"https:\/\/burakbulut.org\/wp-content\/uploads\/2025\/02\/UnNUde-2-2017.webp\" alt=\"\u975e\u88f8\u4f53--\u96d5\u5851\u4eba\u7269\u7814\u7a76\" \/>\n          <\/div>\n        <\/a>\n        <h3><a class=\"project-title-link\" href=\"https:\/\/burakbulut.org\/zh\/%e4%b8%8d%e8%a3%b8%e4%bd%93-2\/\">\u975e\u88f8\u4f53<\/a><\/h3>\n        <div class=\"project-tag\">\u4f5c\u4e3a\u96d5\u5851\u51e0\u4f55\u4f53\u7684\u4eba\u4f53.<\/div>\n      <\/div>\n\n      <div class=\"project-card\">\n        <a class=\"project-image-link\" href=\"https:\/\/burakbulut.org\/zh\/%e9%bb%91%e7%81%af\/\">\n          <div class=\"project-image\">\n            <img class=\"lazyload\" decoding=\"async\" src=\"data:image\/svg+xml,%3Csvg%20xmlns%3D%27http%3A%2F%2Fwww.w3.org%2F2000%2Fsvg%27%20width%3D%271500%27%20height%3D%271001%27%20viewBox%3D%270%200%201500%201001%27%3E%3Crect%20width%3D%271500%27%20height%3D%271001%27%20fill-opacity%3D%220%22%2F%3E%3C%2Fsvg%3E\" data-orig-src=\"https:\/\/burakbulut.org\/wp-content\/uploads\/2020\/05\/BurakBulut-Black_Light_UV-18.jpg\" alt=\"Lucida - \u7d2b\u5916\u7ebf\u7167\u5c04\u4e0b\u7684\u8eab\u4f53\" \/>\n          <\/div>\n        <\/a>\n        <h3><a class=\"project-title-link\" href=\"https:\/\/burakbulut.org\/zh\/%e9%bb%91%e7%81%af\/\">\u5362\u897f\u8fbe<\/a><\/h3>\n        <div class=\"project-tag\">\u5728\u9ed1\u5149\u706f\u4e0b\uff0c\u8eab\u4f53\u4f1a\u53d8\u6210\u8000\u6591\u3002.<\/div>\n      <\/div>\n\n      <div class=\"project-card\">\n        <a class=\"project-image-link\" href=\"https:\/\/burakbulut.org\/zh\/%e7%94%9f%e6%80%81%e5%8c%ba\/\">\n          <div class=\"project-image\">\n            <img class=\"lazyload\" decoding=\"async\" src=\"data:image\/svg+xml,%3Csvg%20xmlns%3D%27http%3A%2F%2Fwww.w3.org%2F2000%2Fsvg%27%20width%3D%272000%27%20height%3D%271333%27%20viewBox%3D%270%200%202000%201333%27%3E%3Crect%20width%3D%272000%27%20height%3D%271333%27%20fill-opacity%3D%220%22%2F%3E%3C%2Fsvg%3E\" data-orig-src=\"https:\/\/burakbulut.org\/wp-content\/uploads\/2025\/04\/DSC03289-2.webp\" alt=\"\u751f\u6001\u533a--\u6c34\u8fb9\u53f6\u95f4\u7684\u56fe\u5f62\" \/>\n          <\/div>\n        <\/a>\n        <h3><a class=\"project-title-link\" href=\"https:\/\/burakbulut.org\/zh\/%e7%94%9f%e6%80%81%e5%8c%ba\/\">Ecotone<\/a><\/h3>\n        <div class=\"project-tag\">\u76ae\u80a4\u4e0e\u571f\u58e4\u7684\u7ed3\u5408\u5305\u62ec\u5b50\u7cfb\u5217 <em>\u5f53\u4e00\u5207\u90fd\u8fdc\u53bb\u65f6\uff0c\u53ea\u6709\u4f60\u8fd1\u5728\u54ab\u5c3a<\/em>.<\/div>\n      <\/div>\n\n      <div class=\"project-card\">\n        <a class=\"project-image-link\" href=\"https:\/\/burakbulut.org\/zh\/%e5%b0%b8%e4%bd%93%e8%a7%a3%e5%89%96\/\">\n          <div class=\"project-image\">\n            <img class=\"lazyload\" decoding=\"async\" src=\"data:image\/svg+xml,%3Csvg%20xmlns%3D%27http%3A%2F%2Fwww.w3.org%2F2000%2Fsvg%27%20width%3D%271500%27%20height%3D%271001%27%20viewBox%3D%270%200%201500%201001%27%3E%3Crect%20width%3D%271500%27%20height%3D%271001%27%20fill-opacity%3D%220%22%2F%3E%3C%2Fsvg%3E\" data-orig-src=\"https:\/\/burakbulut.org\/wp-content\/uploads\/2025\/02\/antemortem-3.webp\" alt=\"\u6b7b\u524d--\u660f\u6697\u5ba4\u5185\u7684\u4eba\u7269\" \/>\n          <\/div>\n        <\/a>\n        <h3><a class=\"project-title-link\" href=\"https:\/\/burakbulut.org\/zh\/%e5%b0%b8%e4%bd%93%e8%a7%a3%e5%89%96\/\">\u5c38\u68c0<\/a><\/h3>\n        <div class=\"project-tag\">\u773c\u524d\u7684\u8eab\u4f53\u9677\u5165\u6c89\u5bc2\u3002.<\/div>\n      <\/div>\n\n      <div class=\"project-card\">\n        <a class=\"project-image-link\" href=\"https:\/\/burakbulut.org\/zh\/%e5%bf%a7%e9%83%81%e7%97%87\/\">\n          <div class=\"project-image\">\n            <img class=\"lazyload\" decoding=\"async\" src=\"data:image\/svg+xml,%3Csvg%20xmlns%3D%27http%3A%2F%2Fwww.w3.org%2F2000%2Fsvg%27%20width%3D%272500%27%20height%3D%271668%27%20viewBox%3D%270%200%202500%201668%27%3E%3Crect%20width%3D%272500%27%20height%3D%271668%27%20fill-opacity%3D%220%22%2F%3E%3C%2Fsvg%3E\" data-orig-src=\"https:\/\/burakbulut.org\/wp-content\/uploads\/2025\/02\/DSC05737.jpg\" alt=\"\u5fe7\u90c1 - \u501a\u9760\u94a2\u7434\u7684\u8eab\u5f71\" \/>\n          <\/div>\n        <\/a>\n        <h3><a class=\"project-title-link\" href=\"https:\/\/burakbulut.org\/zh\/%e5%bf%a7%e9%83%81%e7%97%87\/\">\u5fe7\u90c1\u75c7<\/a><\/h3>\n        <div class=\"project-tag\">\u4e0d\u662f\u547c\u558a\uff0c\u800c\u662f\u5f98\u5f8a\u3002\u547c\u5438\u618b\u5f97\u592a\u4e45\u3002.<\/div>\n      <\/div>\n\n      <div class=\"project-card\">\n        <a class=\"project-image-link\" href=\"https:\/\/burakbulut.org\/zh\/%e4%ba%b2%e5%af%86%e5%85%b3%e7%b3%bb%e7%9a%84%e6%9e%b6%e6%9e%84\/\">\n          <div class=\"project-image\">\n            <img class=\"lazyload\" decoding=\"async\" src=\"data:image\/svg+xml,%3Csvg%20xmlns%3D%27http%3A%2F%2Fwww.w3.org%2F2000%2Fsvg%27%20width%3D%272000%27%20height%3D%271333%27%20viewBox%3D%270%200%202000%201333%27%3E%3Crect%20width%3D%272000%27%20height%3D%271333%27%20fill-opacity%3D%220%22%2F%3E%3C%2Fsvg%3E\" data-orig-src=\"https:\/\/burakbulut.org\/wp-content\/uploads\/2019\/01\/DSC09873aa.jpg\" alt=\"Niche - \u7ea2\u8272\u5929\u9e45\u7ed2\u6c99\u53d1\u4e0a\u7684\u4eba\u7269\" \/>\n          <\/div>\n        <\/a>\n        <h3><a class=\"project-title-link\" href=\"https:\/\/burakbulut.org\/zh\/%e4%ba%b2%e5%af%86%e5%85%b3%e7%b3%bb%e7%9a%84%e6%9e%b6%e6%9e%84\/\">\u5c0f\u4f17<\/a><\/h3>\n        <div class=\"project-tag\">\u6e29\u67d4\u7684\u62bd\u79bb\uff0c\u5bc2\u9759\u5728\u7ec7\u7269\u548c\u547c\u5438\u4e2d\u56de\u8361\u3002.<\/div>\n      <\/div>\n\n      <div class=\"project-card\">\n        <a class=\"project-image-link\" href=\"https:\/\/burakbulut.org\/zh\/%e5%8a%a8%e6%9c%ba\/\">\n          <div class=\"project-image\">\n            <img class=\"lazyload\" decoding=\"async\" src=\"data:image\/svg+xml,%3Csvg%20xmlns%3D%27http%3A%2F%2Fwww.w3.org%2F2000%2Fsvg%27%20width%3D%27833%27%20height%3D%271247%27%20viewBox%3D%270%200%20833%201247%27%3E%3Crect%20width%3D%27833%27%20height%3D%271247%27%20fill-opacity%3D%220%22%2F%3E%3C%2Fsvg%3E\" data-orig-src=\"https:\/\/burakbulut.org\/wp-content\/uploads\/2025\/04\/BBF_0275-Kopya-copy2.webp\" alt=\"Motus - \u8fd0\u52a8\u4e2d\u7684\u4eba\u7269\" \/>\n          <\/div>\n        <\/a>\n        <h3><a class=\"project-title-link\" href=\"https:\/\/burakbulut.org\/zh\/%e5%8a%a8%e6%9c%ba\/\">Motus<\/a><\/h3>\n        <div class=\"project-tag\">\u8eab\u4f53\u5728\u6301\u7eed\uff0c\u800c\u4e0d\u662f\u5728\u51dd\u56fa\u7684\u77ac\u95f4\u3002.<\/div>\n      <\/div>\n\n      <div class=\"project-card\">\n        <a class=\"project-image-link\" href=\"https:\/\/burakbulut.org\/zh\/%e5%9c%a8%e5%88%ab%e5%a4%84\/\">\n          <div class=\"project-image\">\n            <img class=\"lazyload\" decoding=\"async\" src=\"data:image\/svg+xml,%3Csvg%20xmlns%3D%27http%3A%2F%2Fwww.w3.org%2F2000%2Fsvg%27%20width%3D%271600%27%20height%3D%271067%27%20viewBox%3D%270%200%201600%201067%27%3E%3Crect%20width%3D%271600%27%20height%3D%271067%27%20fill-opacity%3D%220%22%2F%3E%3C%2Fsvg%3E\" data-orig-src=\"https:\/\/burakbulut.org\/wp-content\/uploads\/2025\/04\/DSC02142_1.webp\" alt=\"\u522b\u5904 - \u7c89\u5f69\u5c0f\u5df7\u4e2d\u7684\u4eba\u7269\" \/>\n          <\/div>\n        <\/a>\n        <h3><a class=\"project-title-link\" href=\"https:\/\/burakbulut.org\/zh\/%e5%9c%a8%e5%88%ab%e5%a4%84\/\">\u5176\u4ed6\u5730\u65b9<\/a><\/h3>\n        <div class=\"project-tag\">\u8eab\u4f53\u7a7f\u8fc7\u57ce\u5e02\u7684\u9634\u5f71\u3002\u65e0\u4eba\u6ce8\u610f\uff0c\u65e0\u4eba\u9a7b\u8db3\u3002.<\/div>\n      <\/div>\n\n      <div class=\"project-card\">\n        <a class=\"project-image-link\" href=\"https:\/\/burakbulut.org\/zh\/%e5%bf%99%e4%b8%8d%e8%bf%ad\/\">\n          <div class=\"project-image\">\n            <img class=\"lazyload\" decoding=\"async\" src=\"data:image\/svg+xml,%3Csvg%20xmlns%3D%27http%3A%2F%2Fwww.w3.org%2F2000%2Fsvg%27%20width%3D%27500%27%20height%3D%27636%27%20viewBox%3D%270%200%20500%20636%27%3E%3Crect%20width%3D%27500%27%20height%3D%27636%27%20fill-opacity%3D%220%22%2F%3E%3C%2Fsvg%3E\" data-orig-src=\"https:\/\/burakbulut.org\/wp-content\/uploads\/2020\/05\/Kentte-bale-zerafeti-Hayat-Haberleri-Radikal.jpg\" alt=\"\u5306\u5fd9\u4e2d--\u57ce\u5e02\u5efa\u7b51\u4e2d\u7684\u82ad\u857e\u821e\u8005\" \/>\n          <\/div>\n        <\/a>\n        <h3><a class=\"project-title-link\" href=\"https:\/\/burakbulut.org\/zh\/%e5%bf%99%e4%b8%8d%e8%bf%ad\/\">\u5306\u5fd9\u4e2d<\/a><\/h3>\n        <div class=\"project-tag\">\u821e\u8005\u7a7f\u8d8a\u57ce\u5e02\u3002\u8eab\u4f53\u662f\u8f6c\u77ac\u5373\u901d\u7684\u5efa\u7b51\u3002.<\/div>\n      <\/div>\n\n      <div class=\"project-card\">\n        <a class=\"project-image-link\" href=\"https:\/\/burakbulut.org\/zh\/%e7%83%ad%e6%9c%9b\/\">\n          <div class=\"project-image\">\n            <img class=\"lazyload\" decoding=\"async\" src=\"data:image\/svg+xml,%3Csvg%20xmlns%3D%27http%3A%2F%2Fwww.w3.org%2F2000%2Fsvg%27%20width%3D%27800%27%20height%3D%271200%27%20viewBox%3D%270%200%20800%201200%27%3E%3Crect%20width%3D%27800%27%20height%3D%271200%27%20fill-opacity%3D%220%22%2F%3E%3C%2Fsvg%3E\" data-orig-src=\"https:\/\/burakbulut.org\/wp-content\/uploads\/2017\/07\/tumblr_o0ma577H0p1rhgckuo3_1280.jpg\" alt=\"\u6e34\u671b--\u70df\u96fe\u4e2d\u76f8\u62e5\u7684\u526a\u5f71\" \/>\n          <\/div>\n        <\/a>\n        <h3><a class=\"project-title-link\" href=\"https:\/\/burakbulut.org\/zh\/%e7%83%ad%e6%9c%9b\/\">\u6e34\u671b<\/a><\/h3>\n        <div class=\"project-tag\">\u6b32\u671b\u7528\u989c\u8272\u8bf4\u8bdd\uff0c\u4ecb\u4e8e\u708e\u70ed\u548c\u9965\u997f\u4e4b\u95f4\u3002.<\/div>\n      <\/div>\n\n      <div class=\"project-card\">\n        <a class=\"project-image-link\" href=\"https:\/\/burakbulut.org\/zh\/%e9%9d%99%e6%80%81%e5%9b%be%e5%83%8f\/\">\n          <div class=\"project-image\">\n            <img class=\"lazyload\" decoding=\"async\" src=\"data:image\/svg+xml,%3Csvg%20xmlns%3D%27http%3A%2F%2Fwww.w3.org%2F2000%2Fsvg%27%20width%3D%271280%27%20height%3D%271240%27%20viewBox%3D%270%200%201280%201240%27%3E%3Crect%20width%3D%271280%27%20height%3D%271240%27%20fill-opacity%3D%220%22%2F%3E%3C%2Fsvg%3E\" data-orig-src=\"https:\/\/burakbulut.org\/wp-content\/uploads\/2025\/12\/From-the-series-Stills-BurakBulutYildirim.webp\" alt=\"\u5267\u7167--\u821e\u8005\u5bf9\u7269\u4f53\u7684\u5373\u5174\u53cd\u5e94\" \/>\n          <\/div>\n        <\/a>\n        <h3><a class=\"project-title-link\" href=\"https:\/\/burakbulut.org\/zh\/%e9%9d%99%e6%80%81%e5%9b%be%e5%83%8f\/\">Stills<\/a><\/h3>\n        <div class=\"project-tag\">\u65e5\u5e38\u7528\u54c1\uff0c\u5373\u5174\u8eab\u4f53\u3002\u9082\u9005\u7684\u75d5\u8ff9\u3002.<\/div>\n      <\/div>\n\n    <\/div>\n  <\/div>\n\n  <!-- ==== CURATORIAL PROJECTS ==== -->\n  <div class=\"curatorial-section\">\n    <div class=\"section-header\">\n      <h2>\u7b56\u5c55\u9879\u76ee<\/h2>\n      <p class=\"section-description\">\u7fa4\u5c55\u548c\u96c6\u4f53\u9879\u76ee\u4e0e\u4e2a\u4eba\u5b9e\u8df5\u540c\u65f6\u53d1\u5c55\uff0c\u5c06\u4f0a\u65af\u5766\u5e03\u5c14\u7684\u6444\u5f71\u5e08\u5e26\u5165\u56fd\u9645\u5e73\u53f0\u3002.<\/p>\n    <\/div>\n\n    <div class=\"curatorial-grid\">\n\n      <div class=\"curatorial-card curatorial-card--primary\">\n        <a class=\"project-image-link\" href=\"https:\/\/burakbulut.org\/zh\/%e4%bc%8a%e6%96%af%e5%9d%a6%e5%b8%83%e5%b0%94%e7%9a%84%e8%a3%b8%e4%bd%93\/\">\n          <div class=\"project-image\">\n            <img class=\"lazyload\" decoding=\"async\" src=\"data:image\/svg+xml,%3Csvg%20xmlns%3D%27http%3A%2F%2Fwww.w3.org%2F2000%2Fsvg%27%20width%3D%271500%27%20height%3D%271876%27%20viewBox%3D%270%200%201500%201876%27%3E%3Crect%20width%3D%271500%27%20height%3D%271876%27%20fill-opacity%3D%220%22%2F%3E%3C%2Fsvg%3E\" data-orig-src=\"https:\/\/burakbulut.org\/wp-content\/uploads\/2026\/04\/nudes-of-istanbul.webp\" alt=\"\u4f0a\u65af\u5766\u5e03\u5c14\u88f8\u4f53\u753b\u5c55\" \/>\n          <\/div>\n        <\/a>\n        <div class=\"curatorial-year\">\u5373\u5c06\u5230\u6765 - 2026 \u5e74 7 \u6708<\/div>\n        <h3><a class=\"project-title-link\" href=\"https:\/\/burakbulut.org\/zh\/%e4%bc%8a%e6%96%af%e5%9d%a6%e5%b8%83%e5%b0%94%e7%9a%84%e8%a3%b8%e4%bd%93\/\">\u4f0a\u65af\u5766\u5e03\u5c14\u7684\u88f8\u4f53<\/a><\/h3>\n        <div class=\"curatorial-tag\">Die Akt Galerie\uff0c\u67cf\u6797\u3002\u6765\u81ea\u4f0a\u65af\u5766\u5e03\u5c14\u7684 14 \u4f4d\u6444\u5f71\u5e08\u3002\u552f\u4e00\u7b56\u5c55\u4eba\u3002.<\/div>\n      <\/div>\n\n      <div class=\"curatorial-card\">\n        <a class=\"project-image-link\" href=\"https:\/\/burakbulut.org\/zh\/%e9%99%86%e5%9c%b0%e8%a3%b8%e4%bd%93\/\">\n          <div class=\"project-image\">\n            <img class=\"lazyload\" decoding=\"async\" src=\"data:image\/svg+xml,%3Csvg%20xmlns%3D%27http%3A%2F%2Fwww.w3.org%2F2000%2Fsvg%27%20width%3D%27640%27%20height%3D%27422%27%20viewBox%3D%270%200%20640%20422%27%3E%3Crect%20width%3D%27640%27%20height%3D%27422%27%20fill-opacity%3D%220%22%2F%3E%3C%2Fsvg%3E\" data-orig-src=\"https:\/\/burakbulut.org\/wp-content\/uploads\/2017\/07\/409_10860207_1540601109560016_1265985880_n-e1499546716759.jpg\" alt=\"\u5170\u5179\u88f8\u4f53\u5c55\" \/>\n          <\/div>\n        <\/a>\n        <div class=\"curatorial-year\">2015<\/div>\n        <h3><a class=\"project-title-link\" href=\"https:\/\/burakbulut.org\/zh\/%e9%99%86%e5%9c%b0%e8%a3%b8%e4%bd%93\/\">\u9646\u5730\u88f8\u4f53<\/a><\/h3>\n        <div class=\"curatorial-tag\">\u585e\u8428\u6d1b\u5c3c\u57fa\uff0cArtcore \u753b\u5eca\u30028 \u4f4d\u6444\u5f71\u5e08\u3002\u7b56\u5c55\u4eba\u548c\u53c2\u4e0e\u8005\u3002.<\/div>\n      <\/div>\n\n    <\/div>\n  <\/div>\n\n  <!-- ==== CREDENTIALS ==== -->\n  <div class=\"homepage-credentials\">\n    <ul class=\"credentials-list\">\n      <li>\u67cf\u6797\u6444\u5f71\u5e08\u548c\u7b56\u5c55\u4eba\uff0c2005 \u5e74\u5f00\u59cb\u5de5\u4f5c<\/li>\n      <li>\u7d22\u5c3c\u6b27\u6d32\u6210\u50cf\u5927\u4f7f\uff0c2018-2026 \u5e74<\/li>\n      <li>\u5fb7\u56fd\u4eba\u50cf\u6444\u5f71\u5b66\u4f1a\uff08BPP\uff09\u4f1a\u5458<\/li>\n      <li>\u6301\u6709\u4eba\uff0c\u56fd\u9645\u827a\u672f\u5bb6\u5361\uff0cIGBK<\/li>\n    <\/ul>\n\n    <div class=\"credentials-contact\">\n      \u67e5\u8be2\uff1a <a href=\"mailto:info@burakbulut.info\">info@burakbulut.info<\/a> -\n      \u5370\u5237\u54c1\u9500\u552e\uff1a <a href=\"mailto:print@burakbulut.org\">print@burakbulut.org<\/a>\n    <\/div>\n  <\/div>\n\n<\/div><\/div><\/div><\/div><\/div>","protected":false},"excerpt":{"rendered":"","protected":false},"author":1,"featured_media":722,"parent":0,"menu_order":0,"comment_status":"closed","ping_status":"closed","template":"100-width.php","meta":{"footnotes":""},"class_list":["post-721","page","type-page","status-publish","has-post-thumbnail","hentry"],"_links":{"self":[{"href":"https:\/\/burakbulut.org\/zh\/wp-json\/wp\/v2\/pages\/721","targetHints":{"allow":["GET"]}}],"collection":[{"href":"https:\/\/burakbulut.org\/zh\/wp-json\/wp\/v2\/pages"}],"about":[{"href":"https:\/\/burakbulut.org\/zh\/wp-json\/wp\/v2\/types\/page"}],"author":[{"embeddable":true,"href":"https:\/\/burakbulut.org\/zh\/wp-json\/wp\/v2\/users\/1"}],"replies":[{"embeddable":true,"href":"https:\/\/burakbulut.org\/zh\/wp-json\/wp\/v2\/comments?post=721"}],"version-history":[{"count":14,"href":"https:\/\/burakbulut.org\/zh\/wp-json\/wp\/v2\/pages\/721\/revisions"}],"predecessor-version":[{"id":2127,"href":"https:\/\/burakbulut.org\/zh\/wp-json\/wp\/v2\/pages\/721\/revisions\/2127"}],"wp:featuredmedia":[{"embeddable":true,"href":"https:\/\/burakbulut.org\/zh\/wp-json\/wp\/v2\/media\/722"}],"wp:attachment":[{"href":"https:\/\/burakbulut.org\/zh\/wp-json\/wp\/v2\/media?parent=721"}],"curies":[{"name":"wp","href":"https:\/\/api.w.org\/{rel}","templated":true}]}}